{"id":3992,"date":"2022-12-14T19:30:36","date_gmt":"2022-12-14T18:30:36","guid":{"rendered":"https:\/\/aumbongui.com\/?post_type=product&#038;p=3992"},"modified":"2025-05-29T19:11:11","modified_gmt":"2025-05-29T17:11:11","slug":"douces-cacophonies","status":"publish","type":"product","link":"https:\/\/aumbongui.com\/?product=douces-cacophonies","title":{"rendered":"Douces cacophonies"},"content":{"rendered":"<p>Douces cacophonies est un hymne harmonieux aux m\u00e9lodies parfum\u00e9es de sentiments tous azimuts. Une po\u00e9sie de la douce flamme, un couperet sec, une po\u00e9sie de la vie. L\u2019auteur, Elaz Ndongo THIOYE, y laisse son c\u0153ur en parfaite symbiose avec son \u00e2me. Le style finement cisel\u00e9 vogue entre l\u2019intime et l\u2019universel, le p\u00e9ch\u00e9 et le pardon, la vie et l\u2019absence de souffle. Comme un tartuffe, il peint avec soin et d\u00e9licatesse son univers. Entre amour et spiritualit\u00e9, sa po\u00e9sie c\u00e9l\u00e8bre l\u2019inspiration, le divin, l\u2019ombre et la lumi\u00e8re, la Beaut\u00e9, les tourments de l\u2019\u00e2me, le temps qui passe\u2026 L\u00e0 o\u00f9 le temps fuit les vicissitudes de la vie, le po\u00e8te chante les remous, les inqui\u00e9tudes, la joie d\u2019un \u00catre qui fume les cantiques vesp\u00e9raux du Sacr\u00e9 \u00ab All\u00e9luia \u00bb.<\/p>\n<p><em>N\u00e9 \u00e0 Louga, Elaz Ndongo Thioye est titulaire d&rsquo;une licence en Lettres modernes et d&rsquo;un master en Sciences du langage \u00e0 l&rsquo;Universit\u00e9 Cheikh Anta Diop de Dakar. R\u00e9cemment dipl\u00f4m\u00e9 d&rsquo;un master d&rsquo;Expertise en s\u00e9miologie et communication \u00e0 l&rsquo;universit\u00e9 Paris Descartes. Douces cacophonies est son premier recueil de po\u00e8mes.\u00a0<\/em><\/p>\n","protected":false},"excerpt":{"rendered":"<p>Auteur : <strong>Elaz NDONGO THIOYE<\/strong><\/p>\n<p>Editeur : <strong>\u00e9ditions L&rsquo;HARMATTAN<\/strong><\/p>\n","protected":false},"featured_media":3981,"comment_status":"open","ping_status":"closed","template":"","meta":[],"product_brand":[],"product_cat":[75,87],"product_tag":[],"class_list":{"0":"post-3992","1":"product","2":"type-product","3":"status-publish","4":"has-post-thumbnail","6":"product_cat-kama-mon-afrique","7":"product_cat-poesie-kama-mon-afrique","8":"product_shipping_class-standard","10":"first","11":"instock","12":"shipping-taxable","13":"purchasable","14":"product-type-simple"},"_links":{"self":[{"href":"https:\/\/aumbongui.com\/index.php?rest_route=\/wp\/v2\/product\/3992","targetHints":{"allow":["GET"]}}],"collection":[{"href":"https:\/\/aumbongui.com\/index.php?rest_route=\/wp\/v2\/product"}],"about":[{"href":"https:\/\/aumbongui.com\/index.php?rest_route=\/wp\/v2\/types\/product"}],"replies":[{"embeddable":true,"href":"https:\/\/aumbongui.com\/index.php?rest_route=%2Fwp%2Fv2%2Fcomments&post=3992"}],"wp:featuredmedia":[{"embeddable":true,"href":"https:\/\/aumbongui.com\/index.php?rest_route=\/wp\/v2\/media\/3981"}],"wp:attachment":[{"href":"https:\/\/aumbongui.com\/index.php?rest_route=%2Fwp%2Fv2%2Fmedia&parent=3992"}],"wp:term":[{"taxonomy":"product_brand","embeddable":true,"href":"https:\/\/aumbongui.com\/index.php?rest_route=%2Fwp%2Fv2%2Fproduct_brand&post=3992"},{"taxonomy":"product_cat","embeddable":true,"href":"https:\/\/aumbongui.com\/index.php?rest_route=%2Fwp%2Fv2%2Fproduct_cat&post=3992"},{"taxonomy":"product_tag","embeddable":true,"href":"https:\/\/aumbongui.com\/index.php?rest_route=%2Fwp%2Fv2%2Fproduct_tag&post=3992"}],"curies":[{"name":"wp","href":"https:\/\/api.w.org\/{rel}","templated":true}]}}