{"id":4068,"date":"2023-01-10T22:37:09","date_gmt":"2023-01-10T21:37:09","guid":{"rendered":"https:\/\/aumbongui.com\/?post_type=product&#038;p=4068"},"modified":"2023-08-24T00:14:18","modified_gmt":"2023-08-23T22:14:18","slug":"simon-soul-mezcla-les-chroniques-vraies","status":"publish","type":"product","link":"https:\/\/aumbongui.com\/?product=simon-soul-mezcla-les-chroniques-vraies","title":{"rendered":"Simon Soul : Mezcla, les chroniques vraies"},"content":{"rendered":"<p>A l&rsquo;heure d&rsquo;internet, o\u00f9 tout le monde survole tous les sujets, il est bon de se concentrer sur quelques th\u00e8mes et d&rsquo;en sourire, m\u00eame malgr\u00e9 leur \u00e9ventuelle gravit\u00e9. C&rsquo;est pour cela que l&rsquo;histoire de James Europe, soldat-musicien de la Grande guerre, est talonn\u00e9e par une histoire singuli\u00e8re du d\u00e9but de l&rsquo;esclavage, suivie d&rsquo;un ph\u00e9nom\u00e8ne qui \u00e9chappe \u00e0 l&rsquo;homme : les ouragans. Et pour couronner ce beau m\u00e9lange, le portrait du cr\u00e9ateur du rock&rsquo;n&rsquo;roll : Chuck Berry ! Cette \u00a0\u00bb mezcla \u00a0\u00bb \u00e0 la mani\u00e8re carib\u00e9enne est un m\u00e9lange de sujets qui font d\u00e9couvrir des histoires vraies et in\u00e9dites.<\/p>\n<p><em>Jack Exily est n\u00e9 dans le sud de la Martinique. Il a publi\u00e9 une quinzaine d&rsquo;ouvrages et particip\u00e9 \u00e0 de nombreux collectifs de BD. Il g\u00e8re le site networksis depuis 2007 et y pr\u00e9sente ses illustrations, BD et carnets de voyage. Jack est un grand voyageur de la Cara\u00efbe et a rapport\u00e9 des images de Sainte Lucie, La Dominique, Ha\u00efti, Saint-Domingue, Puerto-Rico, Panama, Mexique, Cuba et sa Martinique natale\u2026<\/em><\/p>\n","protected":false},"excerpt":{"rendered":"<p>Auteur illustrateur : <strong>JACK EXILY<br \/>\n<\/strong><\/p>\n<p>\u00c9diteur : <strong>Networksis<\/strong><\/p>\n","protected":false},"featured_media":4069,"comment_status":"open","ping_status":"closed","template":"","meta":[],"product_brand":[],"product_cat":[74,76],"product_tag":[],"class_list":{"0":"post-4068","1":"product","2":"type-product","3":"status-publish","4":"has-post-thumbnail","6":"product_cat-bd-caraibes","7":"product_cat-caraibes","8":"product_shipping_class-standard","10":"first","11":"instock","12":"shipping-taxable","13":"purchasable","14":"product-type-simple"},"_links":{"self":[{"href":"https:\/\/aumbongui.com\/index.php?rest_route=\/wp\/v2\/product\/4068","targetHints":{"allow":["GET"]}}],"collection":[{"href":"https:\/\/aumbongui.com\/index.php?rest_route=\/wp\/v2\/product"}],"about":[{"href":"https:\/\/aumbongui.com\/index.php?rest_route=\/wp\/v2\/types\/product"}],"replies":[{"embeddable":true,"href":"https:\/\/aumbongui.com\/index.php?rest_route=%2Fwp%2Fv2%2Fcomments&post=4068"}],"wp:featuredmedia":[{"embeddable":true,"href":"https:\/\/aumbongui.com\/index.php?rest_route=\/wp\/v2\/media\/4069"}],"wp:attachment":[{"href":"https:\/\/aumbongui.com\/index.php?rest_route=%2Fwp%2Fv2%2Fmedia&parent=4068"}],"wp:term":[{"taxonomy":"product_brand","embeddable":true,"href":"https:\/\/aumbongui.com\/index.php?rest_route=%2Fwp%2Fv2%2Fproduct_brand&post=4068"},{"taxonomy":"product_cat","embeddable":true,"href":"https:\/\/aumbongui.com\/index.php?rest_route=%2Fwp%2Fv2%2Fproduct_cat&post=4068"},{"taxonomy":"product_tag","embeddable":true,"href":"https:\/\/aumbongui.com\/index.php?rest_route=%2Fwp%2Fv2%2Fproduct_tag&post=4068"}],"curies":[{"name":"wp","href":"https:\/\/api.w.org\/{rel}","templated":true}]}}