{"id":4073,"date":"2023-01-10T22:57:09","date_gmt":"2023-01-10T21:57:09","guid":{"rendered":"https:\/\/aumbongui.com\/?post_type=product&#038;p=4073"},"modified":"2025-11-16T14:25:55","modified_gmt":"2025-11-16T13:25:55","slug":"4073","status":"publish","type":"product","link":"https:\/\/aumbongui.com\/?product=4073","title":{"rendered":"Les br\u00e8ves de Soul"},"content":{"rendered":"<p>A la mani\u00e8re du New Yorker, le personnage Simon Soul de Jack Exily, brosse un portrait de notre soci\u00e9t\u00e9 dans son individualit\u00e9 et sa globalit\u00e9 dans le m\u00eame temps. Des dessins en bichromie (rouge et jaune) sous forme de calendrier avec des interm\u00e8des farceuses piqu\u00e9es sur les r\u00e9seaux sociaux composent ce livre.<\/p>\n<p><em>Jack Exily est n\u00e9 dans le sud de la Martinique. Il a publi\u00e9 une quinzaine d&rsquo;ouvrages et particip\u00e9 \u00e0 de nombreux collectifs de BD. Il g\u00e8re le site networksis depuis 2007 et y pr\u00e9sente ses illustrations, BD et carnets de voyage. Jack est un grand voyageur de la Cara\u00efbe et a rapport\u00e9 des images de Sainte Lucie, La Dominique, Ha\u00efti, Saint-Domingue, Puerto-Rico, Panama, Mexique, Cuba et sa Martinique natale\u2026<\/em><\/p>\n","protected":false},"excerpt":{"rendered":"<p>Auteur illustrateur : <strong>JACK EXILY<br \/>\n<\/strong><\/p>\n<p>\u00c9diteur : <strong>Networksis<\/strong><\/p>\n","protected":false},"featured_media":4078,"comment_status":"open","ping_status":"closed","template":"","meta":[],"product_brand":[],"product_cat":[74,76],"product_tag":[],"class_list":{"0":"post-4073","1":"product","2":"type-product","3":"status-publish","4":"has-post-thumbnail","6":"product_cat-bd-caraibes","7":"product_cat-caraibes","8":"product_shipping_class-standard","10":"first","11":"instock","12":"shipping-taxable","13":"purchasable","14":"product-type-simple"},"_links":{"self":[{"href":"https:\/\/aumbongui.com\/index.php?rest_route=\/wp\/v2\/product\/4073","targetHints":{"allow":["GET"]}}],"collection":[{"href":"https:\/\/aumbongui.com\/index.php?rest_route=\/wp\/v2\/product"}],"about":[{"href":"https:\/\/aumbongui.com\/index.php?rest_route=\/wp\/v2\/types\/product"}],"replies":[{"embeddable":true,"href":"https:\/\/aumbongui.com\/index.php?rest_route=%2Fwp%2Fv2%2Fcomments&post=4073"}],"wp:featuredmedia":[{"embeddable":true,"href":"https:\/\/aumbongui.com\/index.php?rest_route=\/wp\/v2\/media\/4078"}],"wp:attachment":[{"href":"https:\/\/aumbongui.com\/index.php?rest_route=%2Fwp%2Fv2%2Fmedia&parent=4073"}],"wp:term":[{"taxonomy":"product_brand","embeddable":true,"href":"https:\/\/aumbongui.com\/index.php?rest_route=%2Fwp%2Fv2%2Fproduct_brand&post=4073"},{"taxonomy":"product_cat","embeddable":true,"href":"https:\/\/aumbongui.com\/index.php?rest_route=%2Fwp%2Fv2%2Fproduct_cat&post=4073"},{"taxonomy":"product_tag","embeddable":true,"href":"https:\/\/aumbongui.com\/index.php?rest_route=%2Fwp%2Fv2%2Fproduct_tag&post=4073"}],"curies":[{"name":"wp","href":"https:\/\/api.w.org\/{rel}","templated":true}]}}