{"id":4082,"date":"2023-01-10T23:14:19","date_gmt":"2023-01-10T22:14:19","guid":{"rendered":"https:\/\/aumbongui.com\/?post_type=product&#038;p=4082"},"modified":"2025-06-07T16:07:55","modified_gmt":"2025-06-07T14:07:55","slug":"4082","status":"publish","type":"product","link":"https:\/\/aumbongui.com\/?product=4082","title":{"rendered":"L&rsquo;\u00e9trange maison de Polius Tituba : une fable de Simon Soul"},"content":{"rendered":"<p>Polius Tituba, une vieille dame cr\u00e9ole, risque l&rsquo;expulsion de chez elle. Simon Soul est aspir\u00e9 dans un tiroir car son ami Lapin l&rsquo;appelle \u00e0 l&rsquo;aide pour emp\u00eacher Lanzam Hypocrite de mettre Polius dehors.<\/p>\n<p><em>Jack Exily est n\u00e9 dans le sud de la Martinique. Il a publi\u00e9 une quinzaine d&rsquo;ouvrages. Il participe au collectif de bandes dessin\u00e9es Turkey comix (parution annuelle) qui remporte le prix de la BD alternative \u00e0 Angoul\u00eame en 2008. Il est l&rsquo;illustrateur de la s\u00e9rie de livres jeunesse\u00a0: Sina tome\u00a01 et Sina et le secret de la Cara\u00efbe \u00e9crite par Barbara Jean-Elie. Il g\u00e8re le site networksis depuis 2007 et y pr\u00e9sente ses illustrations, BD et carnets de voyage. Jack est un grand voyageur de la Cara\u00efbe et a rapport\u00e9 des images de Sainte Lucie, La Dominique, Ha\u00efti, Saint-Domingue, Puerto-Rico, Panama, Mexique, Cuba et sa Martinique natale.<\/em><\/p>\n","protected":false},"excerpt":{"rendered":"<p>Auteur illustrateur : <strong>JACK EXILY<br \/>\n<\/strong><\/p>\n<p>\u00c9diteur : <strong>Networksis<\/strong><\/p>\n","protected":false},"featured_media":4083,"comment_status":"open","ping_status":"closed","template":"","meta":[],"product_brand":[],"product_cat":[74,76],"product_tag":[],"class_list":{"0":"post-4082","1":"product","2":"type-product","3":"status-publish","4":"has-post-thumbnail","6":"product_cat-bd-caraibes","7":"product_cat-caraibes","8":"product_shipping_class-standard","10":"first","11":"instock","12":"shipping-taxable","13":"purchasable","14":"product-type-simple"},"_links":{"self":[{"href":"https:\/\/aumbongui.com\/index.php?rest_route=\/wp\/v2\/product\/4082","targetHints":{"allow":["GET"]}}],"collection":[{"href":"https:\/\/aumbongui.com\/index.php?rest_route=\/wp\/v2\/product"}],"about":[{"href":"https:\/\/aumbongui.com\/index.php?rest_route=\/wp\/v2\/types\/product"}],"replies":[{"embeddable":true,"href":"https:\/\/aumbongui.com\/index.php?rest_route=%2Fwp%2Fv2%2Fcomments&post=4082"}],"wp:featuredmedia":[{"embeddable":true,"href":"https:\/\/aumbongui.com\/index.php?rest_route=\/wp\/v2\/media\/4083"}],"wp:attachment":[{"href":"https:\/\/aumbongui.com\/index.php?rest_route=%2Fwp%2Fv2%2Fmedia&parent=4082"}],"wp:term":[{"taxonomy":"product_brand","embeddable":true,"href":"https:\/\/aumbongui.com\/index.php?rest_route=%2Fwp%2Fv2%2Fproduct_brand&post=4082"},{"taxonomy":"product_cat","embeddable":true,"href":"https:\/\/aumbongui.com\/index.php?rest_route=%2Fwp%2Fv2%2Fproduct_cat&post=4082"},{"taxonomy":"product_tag","embeddable":true,"href":"https:\/\/aumbongui.com\/index.php?rest_route=%2Fwp%2Fv2%2Fproduct_tag&post=4082"}],"curies":[{"name":"wp","href":"https:\/\/api.w.org\/{rel}","templated":true}]}}