{"id":4119,"date":"2023-03-20T17:53:15","date_gmt":"2023-03-20T16:53:15","guid":{"rendered":"https:\/\/aumbongui.com\/?post_type=product&#038;p=4119"},"modified":"2026-02-18T07:44:12","modified_gmt":"2026-02-18T06:44:12","slug":"nos-attrapes-reves","status":"publish","type":"product","link":"https:\/\/aumbongui.com\/?product=nos-attrapes-reves","title":{"rendered":"Nos attrapes-r\u00eaves"},"content":{"rendered":"<p>\u2013 Je vole ! dit Mona. Mona vole, c\u2019est vrai. Hiss\u00e9e sur la barri\u00e8re, ses pieds, chauss\u00e9s de sandales \u00e0 scratch, solidement coinc\u00e9s entre les barreaux verticaux, le dos bien droit, elle a l\u00e2ch\u00e9 les mains et ouvert les bras. Maintenant elle les rabat et les soul\u00e8ve alternativement, \u00e0 la mani\u00e8re de deux ailes.<\/p>\n<p>\u2013 Je vole ! r\u00e9p\u00e8te-t-elle. Les personnages de ces nouvelles ont une qu\u00eate : s\u2019engager, sans renoncer \u00e0 leur intime fantaisie ni \u00e0 leurs questionnements. Les figures qui habitent les toiles d\u2019\u00c8ve semblent plong\u00e9es dans une m\u00e9ditation yeux ouverts, qui interroge, elle aussi, le monde. Le hasard, qui dans leurs deux \u0153uvres fusionne le sensible et le symbolique, ouvre parfois de saisissants raccourcis.<\/p>\n<p><em>Quinze nouvelles donc, autant de toiles. Carole et \u00c8ve ont d\u00e9couvert avec d\u00e9lectation combien leurs inspirations pouvaient se faire \u00e9cho. Ce recueil vous invite, en trente d\u00e9clinaisons, dans leurs univers.<\/em><\/p>\n<p><em>Carole Menahem-Lilin est n\u00e9e en r\u00e9gion parisienne. Aujourd&rsquo;hui elle vit depuis une vingtaine d&rsquo;ann\u00e9es \u00e0 Montpellier. Elle a publi\u00e9 nouvelles et textes po\u00e9tiques ainsi qu\u2019un roman. Elle anime des ateliers d\u2019\u00e9criture cr\u00e9ative dans l&rsquo;H\u00e9rault.<\/em><\/p>\n<p><em>\u00c8ve Grenet est artiste plasticienne. Ses \u0153uvres qui \u00e9voquent souvent la nature, la musique, la femme, sont expos\u00e9es en France et \u00e0 l\u2019international dans des galeries et divers salons.<\/em><\/p>\n","protected":false},"excerpt":{"rendered":"<p><strong>RECUEIL DE NOUVELLES<\/strong><\/p>\n<p>Auteure : <strong>Carole MENAHEM &#8211; LILIN<\/strong><\/p>\n<p>Illustrations : <strong>\u00c8ve GRENET<\/strong><\/p>\n<p>\u00c9diteur : <strong>VIA DOMITIA <\/strong><\/p>\n","protected":false},"featured_media":4121,"comment_status":"open","ping_status":"closed","template":"","meta":[],"product_brand":[],"product_cat":[102,93],"product_tag":[],"class_list":{"0":"post-4119","1":"product","2":"type-product","3":"status-publish","4":"has-post-thumbnail","6":"product_cat-constellations","7":"product_cat-litterature-rare-litterature-generale","8":"product_shipping_class-standard","10":"first","11":"instock","12":"shipping-taxable","13":"purchasable","14":"product-type-simple"},"_links":{"self":[{"href":"https:\/\/aumbongui.com\/index.php?rest_route=\/wp\/v2\/product\/4119","targetHints":{"allow":["GET"]}}],"collection":[{"href":"https:\/\/aumbongui.com\/index.php?rest_route=\/wp\/v2\/product"}],"about":[{"href":"https:\/\/aumbongui.com\/index.php?rest_route=\/wp\/v2\/types\/product"}],"replies":[{"embeddable":true,"href":"https:\/\/aumbongui.com\/index.php?rest_route=%2Fwp%2Fv2%2Fcomments&post=4119"}],"wp:featuredmedia":[{"embeddable":true,"href":"https:\/\/aumbongui.com\/index.php?rest_route=\/wp\/v2\/media\/4121"}],"wp:attachment":[{"href":"https:\/\/aumbongui.com\/index.php?rest_route=%2Fwp%2Fv2%2Fmedia&parent=4119"}],"wp:term":[{"taxonomy":"product_brand","embeddable":true,"href":"https:\/\/aumbongui.com\/index.php?rest_route=%2Fwp%2Fv2%2Fproduct_brand&post=4119"},{"taxonomy":"product_cat","embeddable":true,"href":"https:\/\/aumbongui.com\/index.php?rest_route=%2Fwp%2Fv2%2Fproduct_cat&post=4119"},{"taxonomy":"product_tag","embeddable":true,"href":"https:\/\/aumbongui.com\/index.php?rest_route=%2Fwp%2Fv2%2Fproduct_tag&post=4119"}],"curies":[{"name":"wp","href":"https:\/\/api.w.org\/{rel}","templated":true}]}}