{"id":4132,"date":"2023-03-20T18:27:09","date_gmt":"2023-03-20T17:27:09","guid":{"rendered":"https:\/\/aumbongui.com\/?post_type=product&#038;p=4132"},"modified":"2025-06-07T17:21:24","modified_gmt":"2025-06-07T15:21:24","slug":"terre-mer","status":"publish","type":"product","link":"https:\/\/aumbongui.com\/?product=terre-mer","title":{"rendered":"TERRE MER"},"content":{"rendered":"<p>Entrem\u00ealant l&rsquo;Histoire officielle et l&rsquo;histoire personnelle de l&rsquo;autrice, Terre Mer raconte la r\u00e9sistance et la r\u00e9volte des femmes contre l&rsquo;esclavage en Martinique. Surgit d&rsquo;abord la voix de Jeanne, l&rsquo;esclave du B\u00e9nin. Puis viendra celle de Reine, l&rsquo;arri\u00e8re-grand-m\u00e8re de \u00adMartinique. Les a\u00efeules. Les petites histoires dans la grande Histoire trouvent leur \u00e9cho en nous, nous am\u00e8nent \u00e0 questionner nos origines et notre identit\u00e9. C&rsquo;est un voyage de reconnaissance et de r\u00e9silience qui se profile dans ces pages, berc\u00e9 par le chant de la mer, omnipr\u00e9sent.<\/p>\n<p><em>Marie-Audrey SIMONEAU est une auteure et com\u00e9dienne fran\u00e7aise. Form\u00e9e aux conservatoires de Grenoble et de Montpellier en section professionnelle, elle joue depuis avec plusieurs compagnies de th\u00e9\u00e2tre ( Collectif de l\u2019\u00c2tre, compagnie les montures du temps, compagnie la Morena&#8230;) dans un r\u00e9pertoire de pi\u00e8ces classiques ou contemporaines ou dans des festivals de th\u00e9\u00e2tre de rue ( Cie Belle Pagaille). Artiste plurielle, elle est pr\u00e9sente \u00e0 la fois dans le petit et le grand \u00e9cran. Elle cr\u00e9e du lien et de la r\u00e9flexion par le biais de parcours artistiques dans les coll\u00e8ges et lyc\u00e9es et des ateliers de conte th\u00e9\u00e2tralis\u00e9 avec des enfants.<\/em><br \/>\n<em>Passionn\u00e9e de litt\u00e9rature et d\u2019art dans tous ses \u00e9tats, elle s\u2019investit au quotidien en tant qu\u2019artiste engag\u00e9e dans la d\u00e9fense des droits humains.<\/em><\/p>\n","protected":false},"excerpt":{"rendered":"<p><strong>R\u00c9CIT<\/strong><\/p>\n<p>Auteure : <strong>Marie-Audrey SIMONEAU<\/strong><\/p>\n<p>\u00c9diteur : <strong>\u00e9ditions MA\u00cfA<\/strong><\/p>\n","protected":false},"featured_media":4146,"comment_status":"open","ping_status":"closed","template":"","meta":[],"product_brand":[],"product_cat":[76],"product_tag":[],"class_list":{"0":"post-4132","1":"product","2":"type-product","3":"status-publish","4":"has-post-thumbnail","6":"product_cat-caraibes","7":"product_shipping_class-standard","9":"first","10":"instock","11":"shipping-taxable","12":"purchasable","13":"product-type-simple"},"_links":{"self":[{"href":"https:\/\/aumbongui.com\/index.php?rest_route=\/wp\/v2\/product\/4132","targetHints":{"allow":["GET"]}}],"collection":[{"href":"https:\/\/aumbongui.com\/index.php?rest_route=\/wp\/v2\/product"}],"about":[{"href":"https:\/\/aumbongui.com\/index.php?rest_route=\/wp\/v2\/types\/product"}],"replies":[{"embeddable":true,"href":"https:\/\/aumbongui.com\/index.php?rest_route=%2Fwp%2Fv2%2Fcomments&post=4132"}],"wp:featuredmedia":[{"embeddable":true,"href":"https:\/\/aumbongui.com\/index.php?rest_route=\/wp\/v2\/media\/4146"}],"wp:attachment":[{"href":"https:\/\/aumbongui.com\/index.php?rest_route=%2Fwp%2Fv2%2Fmedia&parent=4132"}],"wp:term":[{"taxonomy":"product_brand","embeddable":true,"href":"https:\/\/aumbongui.com\/index.php?rest_route=%2Fwp%2Fv2%2Fproduct_brand&post=4132"},{"taxonomy":"product_cat","embeddable":true,"href":"https:\/\/aumbongui.com\/index.php?rest_route=%2Fwp%2Fv2%2Fproduct_cat&post=4132"},{"taxonomy":"product_tag","embeddable":true,"href":"https:\/\/aumbongui.com\/index.php?rest_route=%2Fwp%2Fv2%2Fproduct_tag&post=4132"}],"curies":[{"name":"wp","href":"https:\/\/api.w.org\/{rel}","templated":true}]}}