{"id":4178,"date":"2023-09-09T15:34:06","date_gmt":"2023-09-09T13:34:06","guid":{"rendered":"https:\/\/aumbongui.com\/?post_type=product&#038;p=4178"},"modified":"2026-03-12T20:43:32","modified_gmt":"2026-03-12T19:43:32","slug":"cave-72","status":"publish","type":"product","link":"https:\/\/aumbongui.com\/?product=cave-72","title":{"rendered":"CAVE 72"},"content":{"rendered":"<p>Trois jeunes amis, Verdass, Ferdinand et Didi, se retrouvent chaque jour \u00e0 la Cave 72, un bar, refuge id\u00e9al o\u00f9 ils oublient leur quotidien o\u00f9 tout semble gouvern\u00e9 par l\u2019absurde : les tracasseries administratives, les d\u00e9cisions politiques, les lois, les raisons des guerres, l\u2019amour et les divorces, la passivit\u00e9 apparente des hommes face \u00e0 la dictature\u2026 Ils discutent, boivent, r\u00e9citent des po\u00e8mes et rentrent chez eux sans avoir fait de mal \u00e0 quiconque. Ils sont innocents de tout. Et c\u2019est pour cette raison qu\u2019un homme, secr\u00e9taire au conseil national de s\u00e9curit\u00e9, va faire d\u2019eux les coupables d\u00e9sign\u00e9s d\u2019un complot contre l\u2019Etat et le Pr\u00e9sident, guide providentiel de la nation. Ils deviennent des h\u00e9ros malgr\u00e9 eux, oblig\u00e9s de se d\u00e9fendre, de s\u2019opposer \u00e0 l\u2019injustice de leur condamnation, les h\u00e9ros de leur propre vie sortie de la routine et de l\u2019ennui, les h\u00e9ros d\u2019un peuple qui a pris l\u2019habitude de tol\u00e9rer l\u2019oppression et qui soudain se soul\u00e8ve, brave l\u2019arm\u00e9e, r\u00e9clamant la lib\u00e9ration des trois jeunes et la r\u00e9ouverture de la Cave 72 devenu l\u2019embl\u00e8me de la r\u00e9sistance.<br \/>\nUn premier roman qui m\u00eale l\u2019enqu\u00eate, le roman satirique, la fable, o\u00f9 l\u2019humour et la po\u00e9sie tiennent une place centrale.<\/p>\n<p><em>Fann ATTIKI est un artiste slameur congolais, n\u00e9 \u00e0 Pointe Noire. A 29 ans son premier roman CAVE 72 est r\u00e9compens\u00e9 du Prix Voix d&rsquo;Afrique.\u00a0<\/em><\/p>\n","protected":false},"excerpt":{"rendered":"<p>Roman Congo<\/p>\n<p>Auteur : <strong>Fann ATTIKI<\/strong><\/p>\n<p>Editeur : <strong>JC Latt\u00e8s<\/strong><\/p>\n","protected":false},"featured_media":4179,"comment_status":"open","ping_status":"closed","template":"","meta":[],"product_brand":[],"product_cat":[75,91],"product_tag":[],"class_list":{"0":"post-4178","1":"product","2":"type-product","3":"status-publish","4":"has-post-thumbnail","6":"product_cat-kama-mon-afrique","7":"product_cat-litterature-generale-kama-mon-afrique","8":"product_shipping_class-standard","10":"first","11":"instock","12":"shipping-taxable","13":"purchasable","14":"product-type-simple"},"_links":{"self":[{"href":"https:\/\/aumbongui.com\/index.php?rest_route=\/wp\/v2\/product\/4178","targetHints":{"allow":["GET"]}}],"collection":[{"href":"https:\/\/aumbongui.com\/index.php?rest_route=\/wp\/v2\/product"}],"about":[{"href":"https:\/\/aumbongui.com\/index.php?rest_route=\/wp\/v2\/types\/product"}],"replies":[{"embeddable":true,"href":"https:\/\/aumbongui.com\/index.php?rest_route=%2Fwp%2Fv2%2Fcomments&post=4178"}],"wp:featuredmedia":[{"embeddable":true,"href":"https:\/\/aumbongui.com\/index.php?rest_route=\/wp\/v2\/media\/4179"}],"wp:attachment":[{"href":"https:\/\/aumbongui.com\/index.php?rest_route=%2Fwp%2Fv2%2Fmedia&parent=4178"}],"wp:term":[{"taxonomy":"product_brand","embeddable":true,"href":"https:\/\/aumbongui.com\/index.php?rest_route=%2Fwp%2Fv2%2Fproduct_brand&post=4178"},{"taxonomy":"product_cat","embeddable":true,"href":"https:\/\/aumbongui.com\/index.php?rest_route=%2Fwp%2Fv2%2Fproduct_cat&post=4178"},{"taxonomy":"product_tag","embeddable":true,"href":"https:\/\/aumbongui.com\/index.php?rest_route=%2Fwp%2Fv2%2Fproduct_tag&post=4178"}],"curies":[{"name":"wp","href":"https:\/\/api.w.org\/{rel}","templated":true}]}}