{"id":4191,"date":"2023-09-09T16:22:27","date_gmt":"2023-09-09T14:22:27","guid":{"rendered":"https:\/\/aumbongui.com\/?post_type=product&#038;p=4191"},"modified":"2026-04-12T18:22:03","modified_gmt":"2026-04-12T16:22:03","slug":"ah-sissi-il-faut-souffrir-pour-etre-francaise","status":"publish","type":"product","link":"https:\/\/aumbongui.com\/?product=ah-sissi-il-faut-souffrir-pour-etre-francaise","title":{"rendered":"Ah Sissi, il faut souffrir pour \u00eatre fran\u00e7aise !"},"content":{"rendered":"<p>\u00ab \u00catre fran\u00e7aise \u00e0 plein temps quand on n\u2019est pas blanche est une gageure exigeante : lundi, il faut r\u00e2ler parce que, quand m\u00eame, c\u2019est lundi ; mardi, il faut \u00eatre la personnalit\u00e9 pr\u00e9f\u00e9r\u00e9e des Fran\u00e7ais ; mercredi, il faut se d\u00e9solidariser de l\u2019Islam ; jeudi, il faut remporter un tournoi international ; vendredi, il faut d\u00e9crocher un Prix Nobel\u2026 car \u00e0 la moindre d\u00e9convenue on se fait immanquablement rappeler d\u2019o\u00f9 l&rsquo;on vient. \u00bb P\u00e9tillante et caustique, Jo G\u00fcstin nous livre, entre r\u00e9cit autobiographique et essai libre, un roman choc sous la forme d\u2019une lettre d\u2019adieux \u00e0 la France \u00e9crite \u00e0 la pointe d\u2019une plume impitoyable et corrosive.<\/p>\n<p><em>Jo G\u00fcstin est une \u00e9crivaine, humoriste, paroli\u00e8re et sc\u00e9nariste panafricaine. N\u00e9e \u00e0 Douala en 1987, de nationalit\u00e9 d&rsquo;origine camerounaise, elle est ensuite naturalis\u00e9e fran\u00e7aise. Le fil conducteur de ses cr\u00e9ations se r\u00e9sume dans le triptyque \u00ab d\u00e9colonisation, intersectionnalit\u00e9, lib\u00e9ration \u00bb. Emp\u00eacheuse de tourner en rond, elle aborde des sujets sensibles tout en faisant \u00ab rire, r\u00eaver, r\u00e9fl\u00e9chir&#8230; \u00bb.<\/em><\/p>\n","protected":false},"excerpt":{"rendered":"<p>Roman CAMEROUN<\/p>\n<p>Auteure : <strong>Jo G\u00dcSTIN<\/strong><\/p>\n<p>Editeur : <strong>Pr\u00e9sence Africaine<\/strong><\/p>\n","protected":false},"featured_media":4192,"comment_status":"open","ping_status":"closed","template":"","meta":[],"product_brand":[],"product_cat":[75,91],"product_tag":[],"class_list":{"0":"post-4191","1":"product","2":"type-product","3":"status-publish","4":"has-post-thumbnail","6":"product_cat-kama-mon-afrique","7":"product_cat-litterature-generale-kama-mon-afrique","8":"product_shipping_class-standard","10":"first","11":"instock","12":"shipping-taxable","13":"purchasable","14":"product-type-simple"},"_links":{"self":[{"href":"https:\/\/aumbongui.com\/index.php?rest_route=\/wp\/v2\/product\/4191","targetHints":{"allow":["GET"]}}],"collection":[{"href":"https:\/\/aumbongui.com\/index.php?rest_route=\/wp\/v2\/product"}],"about":[{"href":"https:\/\/aumbongui.com\/index.php?rest_route=\/wp\/v2\/types\/product"}],"replies":[{"embeddable":true,"href":"https:\/\/aumbongui.com\/index.php?rest_route=%2Fwp%2Fv2%2Fcomments&post=4191"}],"wp:featuredmedia":[{"embeddable":true,"href":"https:\/\/aumbongui.com\/index.php?rest_route=\/wp\/v2\/media\/4192"}],"wp:attachment":[{"href":"https:\/\/aumbongui.com\/index.php?rest_route=%2Fwp%2Fv2%2Fmedia&parent=4191"}],"wp:term":[{"taxonomy":"product_brand","embeddable":true,"href":"https:\/\/aumbongui.com\/index.php?rest_route=%2Fwp%2Fv2%2Fproduct_brand&post=4191"},{"taxonomy":"product_cat","embeddable":true,"href":"https:\/\/aumbongui.com\/index.php?rest_route=%2Fwp%2Fv2%2Fproduct_cat&post=4191"},{"taxonomy":"product_tag","embeddable":true,"href":"https:\/\/aumbongui.com\/index.php?rest_route=%2Fwp%2Fv2%2Fproduct_tag&post=4191"}],"curies":[{"name":"wp","href":"https:\/\/api.w.org\/{rel}","templated":true}]}}