{"id":4208,"date":"2023-09-09T16:59:04","date_gmt":"2023-09-09T14:59:04","guid":{"rendered":"https:\/\/aumbongui.com\/?post_type=product&#038;p=4208"},"modified":"2023-09-09T17:14:59","modified_gmt":"2023-09-09T15:14:59","slug":"silence-du-choeur","status":"publish","type":"product","link":"https:\/\/aumbongui.com\/?product=silence-du-choeur","title":{"rendered":"SILENCE DU CHOEUR"},"content":{"rendered":"<p>Soixante-douze hommes arrivent dans un bourg de la campagne sicilienne. L\u2019\u00e9poque les appelle \u00ab immigr\u00e9s \u00bb, \u00a0\u00ab r\u00e9fugi\u00e9s \u00bb ou \u00ab migrants \u00bb. \u00c0 Altino, ils sont surtout les ragazzi, les \u00ab gars \u00bb que l\u2019association Santa Marta prend en charge. Mais leur pr\u00e9sence bouleverse le quotidien de la petite ville. En attendant que leur sort soit fix\u00e9, les ragazzi croisent toutes sortes de figures: un cur\u00e9 atypique qui r\u00e9\u00e9crit leurs \u00a0\u00a0\u00a0histoires, une femme engag\u00e9e \u00e0 leur offrir l&rsquo;asile, un homme d\u00e9termin\u00e9 \u00e0 le leur refuser, un ancien ragazzo devenu interpr\u00e8te, ou encore un po\u00e8te sauvage qui n&rsquo;\u00e9crit plus. Chaque personnage de cette fresque, d&rsquo;o\u00f9 qu&rsquo;il soit, est forc\u00e9 de r\u00e9fl\u00e9chir \u00e0 ce que signifie la rencontre avec des hommes dont, au fond, il ne sait pas grand-chose. Tous constituent autant de regards sur une situation moins connue qu&rsquo;il n&rsquo;y para\u00eet; autant de voix d\u00e9saccord\u00e9es, m\u00eal\u00e9es, pour le meilleur et pour le pire, jusqu&rsquo;\u00e0 la fin, \u00a0jusqu&rsquo;au silence impos\u00e9 par l&rsquo;ultime voix du ch\u0153ur<em>.<\/em><\/p>\n<ul>\n<li>PRIX DU ROMAN METIS DES LECTEURS DE LA VILLE DE SAINT-DENIS 2018<\/li>\n<li>PRIX SOLIDARITE 2018<\/li>\n<li>PRIX LITTERATURE-MONDE 2018<\/li>\n<li>PRIX LITTERAIRE DE LA PORTE DOREE 2018<\/li>\n<\/ul>\n<p><em>N\u00e9 au S\u00e9n\u00e9gal en 1990, Mohamed Mbougar Sarr est l\u2019a\u00een\u00e9 d\u2019une famille de sept gar\u00e7ons. Il int\u00e8gre le Prytan\u00e9e militaire de Saint-Louis du S\u00e9n\u00e9gal en 2002. Meilleur \u00e9l\u00e8ve des classes de Terminale au Concours g\u00e9n\u00e9ral de 2009 (1er Prix de Philosophie, 1er Prix d\u2019Histoire, 2e Prix de G\u00e9ographie), laur\u00e9at du prix St\u00e9phane Hessel pour sa nouvelle\u00a0La cale (2014), puis du Prix Ahmadou Kourouma et du Grand Prix du Roman m\u00e9tis (2015), il a \u00e9t\u00e9 \u00e9lev\u00e9 au rang de Chevalier de l\u2019Ordre national du M\u00e9rite par le Pr\u00e9sident de la R\u00e9publique du S\u00e9n\u00e9gal. Apr\u00e8s des \u00e9tudes en classes pr\u00e9paratoires litt\u00e9raires, il poursuit en France son cursus \u00e0 l\u2019Ecole des Hautes Etudes en Sciences sociales tout en confirmant son go\u00fbt pour la litt\u00e9rature et la philosophie. Il est le premier \u00e9crivain d&rsquo;Afrique Noire a remporter le Prix Goncourt en 2021 avec le roman <strong>\u00ab\u00a0La plus secr\u00e8te m\u00e9moire des hommes\u00a0\u00bb<\/strong>.<\/em><\/p>\n","protected":false},"excerpt":{"rendered":"<p>Roman SENEGAL<\/p>\n<p>Auteur : <strong>Mohamed MBOUGAR SARR<\/strong><\/p>\n<p>Editeur : <strong>Pr\u00e9sence Africaine<\/strong><\/p>\n","protected":false},"featured_media":4209,"comment_status":"open","ping_status":"closed","template":"","meta":[],"product_brand":[],"product_cat":[75,91],"product_tag":[],"class_list":{"0":"post-4208","1":"product","2":"type-product","3":"status-publish","4":"has-post-thumbnail","6":"product_cat-kama-mon-afrique","7":"product_cat-litterature-generale-kama-mon-afrique","8":"product_shipping_class-standard","10":"first","11":"instock","12":"shipping-taxable","13":"purchasable","14":"product-type-simple"},"_links":{"self":[{"href":"https:\/\/aumbongui.com\/index.php?rest_route=\/wp\/v2\/product\/4208","targetHints":{"allow":["GET"]}}],"collection":[{"href":"https:\/\/aumbongui.com\/index.php?rest_route=\/wp\/v2\/product"}],"about":[{"href":"https:\/\/aumbongui.com\/index.php?rest_route=\/wp\/v2\/types\/product"}],"replies":[{"embeddable":true,"href":"https:\/\/aumbongui.com\/index.php?rest_route=%2Fwp%2Fv2%2Fcomments&post=4208"}],"wp:featuredmedia":[{"embeddable":true,"href":"https:\/\/aumbongui.com\/index.php?rest_route=\/wp\/v2\/media\/4209"}],"wp:attachment":[{"href":"https:\/\/aumbongui.com\/index.php?rest_route=%2Fwp%2Fv2%2Fmedia&parent=4208"}],"wp:term":[{"taxonomy":"product_brand","embeddable":true,"href":"https:\/\/aumbongui.com\/index.php?rest_route=%2Fwp%2Fv2%2Fproduct_brand&post=4208"},{"taxonomy":"product_cat","embeddable":true,"href":"https:\/\/aumbongui.com\/index.php?rest_route=%2Fwp%2Fv2%2Fproduct_cat&post=4208"},{"taxonomy":"product_tag","embeddable":true,"href":"https:\/\/aumbongui.com\/index.php?rest_route=%2Fwp%2Fv2%2Fproduct_tag&post=4208"}],"curies":[{"name":"wp","href":"https:\/\/api.w.org\/{rel}","templated":true}]}}