{"id":4221,"date":"2023-09-09T17:28:52","date_gmt":"2023-09-09T15:28:52","guid":{"rendered":"https:\/\/aumbongui.com\/?post_type=product&#038;p=4221"},"modified":"2025-05-29T13:03:09","modified_gmt":"2025-05-29T11:03:09","slug":"caleche-dune-demoiselle","status":"publish","type":"product","link":"https:\/\/aumbongui.com\/?product=caleche-dune-demoiselle","title":{"rendered":"CAL\u00c8CHE D&rsquo;UNE DEMOISELLE"},"content":{"rendered":"<p>En voulant faire du lobbying pour sa nomination au poste strat\u00e9gique de directrice g\u00e9n\u00e9rale adjointe de l&rsquo;Agence nationale pour l&rsquo;Emploi (ANE), Debbo Sy, un cadre sup\u00e9rieur du pays de Gaal, \u00e9tait loin de s&rsquo;imaginer que ses id\u00e9aux, sa vie, sa personne allaient s&#8217;embourber dans les m\u00e9andres d&rsquo;une culture organisationnelle profond\u00e9ment sexiste o\u00f9 la calomnie charpente souvent un plafond de verre, difficile \u00e0 briser. Pourtant, m\u00eame \u00e0 terre, cette \u00ab vieille \u00bb demoiselle du pays de Gaal fait le choix de relever la t\u00eate pour continuer \u00e0 se battre. Elle nous embarque ainsi, en trois s\u00e9quences narratives, dans sa vie tumultueuse, combative, grise parfois mais toujours succulente o\u00f9 les violences faites aux femmes fouettent les consciences ; o\u00f9 amour, politique, soci\u00e9t\u00e9, religion&#8230; se pensent dans une fra\u00eecheur crue.<\/p>\n<p>(Prix C\u00e9nacle de Dakar 2021)<\/p>\n<p><em>Cadre d&rsquo;administration dans l&rsquo;enseignement sup\u00e9rieur s\u00e9n\u00e9galais, Tabara NIANG est dipl\u00f4m\u00e9e en gestion des ressources humaines (GRH), en langues \u00e9trang\u00e8res appliqu\u00e9es (LEA) et en management des affaires. \u00c0 travers l&rsquo;\u00e9criture, sa passion de toujours, elle a d\u00e9cid\u00e9, avec ce premier roman, de partager ses r\u00e9flexions sur la place de la femme dans le monde du travail.<\/em><\/p>\n<p>&nbsp;<\/p>\n","protected":false},"excerpt":{"rendered":"<p>Roman SENEGAL<\/p>\n<p>Auteure : <strong>Tabara NIANG<\/strong><\/p>\n<p>Editeur : <strong>L&rsquo;HARMATTAN<\/strong><\/p>\n","protected":false},"featured_media":4220,"comment_status":"open","ping_status":"closed","template":"","meta":[],"product_brand":[],"product_cat":[75,91],"product_tag":[],"class_list":{"0":"post-4221","1":"product","2":"type-product","3":"status-publish","4":"has-post-thumbnail","6":"product_cat-kama-mon-afrique","7":"product_cat-litterature-generale-kama-mon-afrique","8":"product_shipping_class-standard","10":"first","11":"instock","12":"shipping-taxable","13":"purchasable","14":"product-type-simple"},"_links":{"self":[{"href":"https:\/\/aumbongui.com\/index.php?rest_route=\/wp\/v2\/product\/4221","targetHints":{"allow":["GET"]}}],"collection":[{"href":"https:\/\/aumbongui.com\/index.php?rest_route=\/wp\/v2\/product"}],"about":[{"href":"https:\/\/aumbongui.com\/index.php?rest_route=\/wp\/v2\/types\/product"}],"replies":[{"embeddable":true,"href":"https:\/\/aumbongui.com\/index.php?rest_route=%2Fwp%2Fv2%2Fcomments&post=4221"}],"wp:featuredmedia":[{"embeddable":true,"href":"https:\/\/aumbongui.com\/index.php?rest_route=\/wp\/v2\/media\/4220"}],"wp:attachment":[{"href":"https:\/\/aumbongui.com\/index.php?rest_route=%2Fwp%2Fv2%2Fmedia&parent=4221"}],"wp:term":[{"taxonomy":"product_brand","embeddable":true,"href":"https:\/\/aumbongui.com\/index.php?rest_route=%2Fwp%2Fv2%2Fproduct_brand&post=4221"},{"taxonomy":"product_cat","embeddable":true,"href":"https:\/\/aumbongui.com\/index.php?rest_route=%2Fwp%2Fv2%2Fproduct_cat&post=4221"},{"taxonomy":"product_tag","embeddable":true,"href":"https:\/\/aumbongui.com\/index.php?rest_route=%2Fwp%2Fv2%2Fproduct_tag&post=4221"}],"curies":[{"name":"wp","href":"https:\/\/api.w.org\/{rel}","templated":true}]}}