{"id":4229,"date":"2023-09-09T17:46:16","date_gmt":"2023-09-09T15:46:16","guid":{"rendered":"https:\/\/aumbongui.com\/?post_type=product&#038;p=4229"},"modified":"2025-11-16T14:27:33","modified_gmt":"2025-11-16T13:27:33","slug":"dans-la-peau-de-la-quadragenaire","status":"publish","type":"product","link":"https:\/\/aumbongui.com\/?product=dans-la-peau-de-la-quadragenaire","title":{"rendered":"Dans la peau de la quadrag\u00e9naire"},"content":{"rendered":"<p>Autour d&rsquo;une sc\u00e8ne de crime m\u00e9diatis\u00e9e, l&rsquo;intrigue semble dresser les multiples facettes de ce sentiment qui bouleverse tout sur son passage. Consciente du fait que l&rsquo;\u00eatre humain n&rsquo;est que la somme de ses ressentis, de son v\u00e9cu et de ses exp\u00e9riences, l&rsquo;auteure s&rsquo;agrippe all\u00e8grement aux tourments de l&rsquo;\u00e2me de ses h\u00e9ro\u00efnes, pour d\u00e9nicher leurs sentiments les plus intimes. Myra, cette h\u00e9riti\u00e8re de 40 ans qui a quitt\u00e9 ce monde, aura v\u00e9cu pour l&rsquo;amour et sera perdue par l&rsquo;amour. Ses amies Katia, Ma\u00efmouna, Coumba, Christine, \u00e0 la recherche continue du bonheur d&rsquo;avoir un homme qui les aime, trahissent presque<br \/>\ntoutes la m\u00e9moire de Myra et d\u00e9couvrent par la m\u00eame occasion que l&rsquo;amour est un cercle vicieux. L&rsquo;amour -voire l&rsquo;obsession- pour un Don Juan (S\u00e9bastien) au c\u0153ur de ces turbulences, sera ce par quoi des tranches de vie vont \u00eatre bris\u00e9es \u00e0 jamais, mettant au passage l&rsquo;amiti\u00e9 \u00e0 rude \u00e9preuve. Des d\u00e9sillusions aux \u00e9checs face \u00e0 une soci\u00e9t\u00e9 sans piti\u00e9, ce livre exprime sans nul doute ces non-dits qui tuent pourtant \u00e0 petit feu sous la peau f\u00e9minine.<\/p>\n<p><em>Aminata Sarr est n\u00e9e en 1992 \u00e0 Dakar au S\u00e9n\u00e9gal. Apr\u00e8s des \u00e9tudes de Lettres \u00e0 l&rsquo;Universit\u00e9 Gaston Berger de Saint-Louis du S\u00e9n\u00e9gal, elle obtient son doctorat et un master en journalisme-communication \u00e0 Ensup&rsquo;Afrique. Passionn\u00e9e de litt\u00e9rature, la jeune auteure et pr\u00e9sentatrice \u00e9v\u00e9nementielle creuse dans le labyrinthe du v\u00e9cu int\u00e9rieur pour mieux rendre compte de ces d\u00e9chirures voil\u00e9es par l&rsquo;humain. Dans la Peau de la Quadrag\u00e9naire est son premier roman.<\/em><\/p>\n<p>&nbsp;<\/p>\n","protected":false},"excerpt":{"rendered":"<p>Roman SENEGAL<\/p>\n<p>Auteure : <strong>Aminata SARR<\/strong><\/p>\n<p>Editeur : <strong>\u00e9ditions Les impliqu\u00e9s<\/strong><\/p>\n","protected":false},"featured_media":4231,"comment_status":"open","ping_status":"closed","template":"","meta":[],"product_brand":[],"product_cat":[75,91],"product_tag":[],"class_list":{"0":"post-4229","1":"product","2":"type-product","3":"status-publish","4":"has-post-thumbnail","6":"product_cat-kama-mon-afrique","7":"product_cat-litterature-generale-kama-mon-afrique","8":"product_shipping_class-standard","10":"first","11":"instock","12":"shipping-taxable","13":"purchasable","14":"product-type-simple"},"_links":{"self":[{"href":"https:\/\/aumbongui.com\/index.php?rest_route=\/wp\/v2\/product\/4229","targetHints":{"allow":["GET"]}}],"collection":[{"href":"https:\/\/aumbongui.com\/index.php?rest_route=\/wp\/v2\/product"}],"about":[{"href":"https:\/\/aumbongui.com\/index.php?rest_route=\/wp\/v2\/types\/product"}],"replies":[{"embeddable":true,"href":"https:\/\/aumbongui.com\/index.php?rest_route=%2Fwp%2Fv2%2Fcomments&post=4229"}],"wp:featuredmedia":[{"embeddable":true,"href":"https:\/\/aumbongui.com\/index.php?rest_route=\/wp\/v2\/media\/4231"}],"wp:attachment":[{"href":"https:\/\/aumbongui.com\/index.php?rest_route=%2Fwp%2Fv2%2Fmedia&parent=4229"}],"wp:term":[{"taxonomy":"product_brand","embeddable":true,"href":"https:\/\/aumbongui.com\/index.php?rest_route=%2Fwp%2Fv2%2Fproduct_brand&post=4229"},{"taxonomy":"product_cat","embeddable":true,"href":"https:\/\/aumbongui.com\/index.php?rest_route=%2Fwp%2Fv2%2Fproduct_cat&post=4229"},{"taxonomy":"product_tag","embeddable":true,"href":"https:\/\/aumbongui.com\/index.php?rest_route=%2Fwp%2Fv2%2Fproduct_tag&post=4229"}],"curies":[{"name":"wp","href":"https:\/\/api.w.org\/{rel}","templated":true}]}}