{"id":4263,"date":"2023-09-09T18:58:49","date_gmt":"2023-09-09T16:58:49","guid":{"rendered":"https:\/\/aumbongui.com\/?post_type=product&#038;p=4263"},"modified":"2026-03-28T21:00:36","modified_gmt":"2026-03-28T20:00:36","slug":"et-les-chiens-se-taisaient","status":"publish","type":"product","link":"https:\/\/aumbongui.com\/?product=et-les-chiens-se-taisaient","title":{"rendered":"Et les chiens se taisaient"},"content":{"rendered":"<p>Cette pi\u00e8ce, c&rsquo;est la vie d&rsquo;un homme, d&rsquo;un r\u00e9volutionnaire, rev\u00e9cue par lui au moment de mourir au milieu d&rsquo;un grand d\u00e9sastre collectif. Il revit (ou ressasse) ses h\u00e9sitations, ses \u00e9lans, ses r\u00eaves, ses d\u00e9faites, ses victoires : d&rsquo;abord, la naissance en lui du h\u00e9ros dans le d\u00e9cor colonial et son initiation \u00e0 la solitude (mieux \u00e0 l&rsquo;abandon que par avance il accepte) parmi les sollicitations contradictoires de l&rsquo;esprit de vie et de l&rsquo;amor fati ; puis son combat spirituel &#8211; aux prises qu&rsquo;il est avec les forces du sentiment et les forces du pass\u00e9 ; enfin, dans l&rsquo;acte 3, c&rsquo;est la confrontation avec la mort. Ici la force h\u00e9ro\u00efque prend son essor du contact r\u00e9tabli au plus profond avec le fond obscur et terrestre de l&rsquo;\u00eatre.<\/p>\n<p><em>Aim\u00e9 C\u00e9saire na\u00eet le 26 juin 1913 \u00e0 Basse-Pointe en Martinique, d\u2019un p\u00e8re instituteur et d\u2019une m\u00e8re couturi\u00e8re. Apr\u00e8s l\u2019obtention de son baccalaur\u00e9at, il arrive \u00e0 Paris en 1931 et entre en classe d\u2019hypokh\u00e2gne au Lyc\u00e9e Louis-le-Grand, en plein coeur du Quartier Latin. En 1934, C\u00e9saire fonde avec d\u2019autres \u00e9tudiants antillo-guyanais le journal\u00a0L\u2019\u00e9tudiant noir, dans lequel il formule pour la premi\u00e8re fois le concept de N\u00e9gritude, qu\u2019il d\u00e9finit essentiellement comme une \u00ab\u00a0qu\u00eate dramatique\u00a0\u00bb de l\u2019identit\u00e9 noire, lui l\u2019Antillais, l\u2019homme du d\u00e9racinement et de l\u2019\u00e9cart\u00e8lement, tendu vers une Afrique qu\u2019il ne conna\u00eet pas et qu\u2019il ne peut que fantasmer. Il int\u00e8gre l\u2019\u00c9cole Normale Sup\u00e9rieure de la rue d\u2019Ulm en 1935 et commence la r\u00e9daction du\u00a0Cahier d\u2019un retour au pays natal, qu\u2019il publie une premi\u00e8re fois en 1939, juste avant de rentrer en Martinique o\u00f9 il devient professeur de lettres. En 1941, il fonde avec son \u00e9pouse Suzanne C\u00e9saire la revue\u00a0Tropiques, en r\u00e9action \u00e0 l\u2019ali\u00e9nation culturelle que subit la Martinique et qu\u2019il \u00e9prouve d\u2019autant plus douloureusement qu\u2019il est de retour au pays apr\u00e8s dix ans d\u2019absence. L\u2019ann\u00e9e 1945 est celle de son entr\u00e9e en politique : il est \u00e9lu maire de Fort-de-France, ainsi que d\u00e9put\u00e9 au PCF. En 1947, il collabore \u00e0 la cr\u00e9ation de la revue\u00a0Pr\u00e9sence Africaine. D\u00e9\u00e7u par le parti communiste qui n\u2019accorde aucune importance aux probl\u00e8mes sp\u00e9cifiques des Antilles et du monde noir, C\u00e9saire fonde en 1957 le Parti progressiste martiniquais. Il d\u00e9fendra durant toute sa vie d\u2019homme de lettres et d\u2019homme politique des positions farouchement anticolonialistes. Il meurt \u00e0 Fort-de-France en 2008.<\/em><\/p>\n<p>&nbsp;<\/p>\n","protected":false},"excerpt":{"rendered":"<p>Auteur : <strong>Aim\u00e9 CESAIRE<\/strong><\/p>\n<p>Editeur : <strong>Pr\u00e9sence Africaine<\/strong><\/p>\n","protected":false},"featured_media":4264,"comment_status":"open","ping_status":"closed","template":"","meta":[],"product_brand":[],"product_cat":[76,100],"product_tag":[],"class_list":{"0":"post-4263","1":"product","2":"type-product","3":"status-publish","4":"has-post-thumbnail","6":"product_cat-caraibes","7":"product_cat-theatre-caraibes","8":"product_shipping_class-standard","10":"first","11":"instock","12":"shipping-taxable","13":"purchasable","14":"product-type-simple"},"_links":{"self":[{"href":"https:\/\/aumbongui.com\/index.php?rest_route=\/wp\/v2\/product\/4263","targetHints":{"allow":["GET"]}}],"collection":[{"href":"https:\/\/aumbongui.com\/index.php?rest_route=\/wp\/v2\/product"}],"about":[{"href":"https:\/\/aumbongui.com\/index.php?rest_route=\/wp\/v2\/types\/product"}],"replies":[{"embeddable":true,"href":"https:\/\/aumbongui.com\/index.php?rest_route=%2Fwp%2Fv2%2Fcomments&post=4263"}],"wp:featuredmedia":[{"embeddable":true,"href":"https:\/\/aumbongui.com\/index.php?rest_route=\/wp\/v2\/media\/4264"}],"wp:attachment":[{"href":"https:\/\/aumbongui.com\/index.php?rest_route=%2Fwp%2Fv2%2Fmedia&parent=4263"}],"wp:term":[{"taxonomy":"product_brand","embeddable":true,"href":"https:\/\/aumbongui.com\/index.php?rest_route=%2Fwp%2Fv2%2Fproduct_brand&post=4263"},{"taxonomy":"product_cat","embeddable":true,"href":"https:\/\/aumbongui.com\/index.php?rest_route=%2Fwp%2Fv2%2Fproduct_cat&post=4263"},{"taxonomy":"product_tag","embeddable":true,"href":"https:\/\/aumbongui.com\/index.php?rest_route=%2Fwp%2Fv2%2Fproduct_tag&post=4263"}],"curies":[{"name":"wp","href":"https:\/\/api.w.org\/{rel}","templated":true}]}}