{"id":4294,"date":"2023-09-13T18:52:25","date_gmt":"2023-09-13T16:52:25","guid":{"rendered":"https:\/\/aumbongui.com\/?post_type=product&#038;p=4294"},"modified":"2026-03-02T02:04:02","modified_gmt":"2026-03-02T01:04:02","slug":"lecureuil-et-lepervier-njoldu-e-segeleere","status":"publish","type":"product","link":"https:\/\/aumbongui.com\/?product=lecureuil-et-lepervier-njoldu-e-segeleere","title":{"rendered":"L&rsquo;\u00e9cureuil et l&rsquo;\u00e9pervier &#8211; Njoldu e segeleere"},"content":{"rendered":"<p>Une maman \u00e9cureuil \u00e9lit domicile dans le tronc d&rsquo;un grand arbre, pour mettre bas ses petits. \u00c0 quelques m\u00e8tres du sol, dans le feuillage du m\u00eame arbre, une maman \u00e9pervier couve ses \u0153ufs. Leurs petits respectifs voient enfin le jour. Un jour, maman \u00e9pervier descend du sommet de l&rsquo;arbre et vole \u00e0 maman \u00e9cureuil un de ses \u00e9cureuillons pour nourrir ses poussins-\u00e9perviers\u2026<\/p>\n<p><em>N\u00e9 \u00e0 Faranah, en R\u00e9publique de Guin\u00e9e, Moussa Doumbouya, alias Petit Tonton, fait carri\u00e8re dans le th\u00e9\u00e2tre et le conte. Il est le fondateur de l&rsquo;association artistique et culturelle Koumakan et de la Grande Nuit du Conte \u2013 Guin\u00e9e.<\/em><\/p>\n","protected":false},"excerpt":{"rendered":"<p>Conte de GUINEE<\/p>\n<p>(Ouvrage bilingue fran\u00e7ais &#8211; pular)<\/p>\n<p>Auteure : <strong>Moussa DOUMBOUYA (Petit Tonton)<\/strong><\/p>\n<p>Editeur : <strong>L&rsquo;HARMATTAN<\/strong><\/p>\n","protected":false},"featured_media":4295,"comment_status":"open","ping_status":"closed","template":"","meta":[],"product_brand":[],"product_cat":[86,75],"product_tag":[],"class_list":{"0":"post-4294","1":"product","2":"type-product","3":"status-publish","4":"has-post-thumbnail","6":"product_cat-contes-kama-mon-afrique","7":"product_cat-kama-mon-afrique","8":"product_shipping_class-standard","10":"first","11":"instock","12":"shipping-taxable","13":"purchasable","14":"product-type-simple"},"_links":{"self":[{"href":"https:\/\/aumbongui.com\/index.php?rest_route=\/wp\/v2\/product\/4294","targetHints":{"allow":["GET"]}}],"collection":[{"href":"https:\/\/aumbongui.com\/index.php?rest_route=\/wp\/v2\/product"}],"about":[{"href":"https:\/\/aumbongui.com\/index.php?rest_route=\/wp\/v2\/types\/product"}],"replies":[{"embeddable":true,"href":"https:\/\/aumbongui.com\/index.php?rest_route=%2Fwp%2Fv2%2Fcomments&post=4294"}],"wp:featuredmedia":[{"embeddable":true,"href":"https:\/\/aumbongui.com\/index.php?rest_route=\/wp\/v2\/media\/4295"}],"wp:attachment":[{"href":"https:\/\/aumbongui.com\/index.php?rest_route=%2Fwp%2Fv2%2Fmedia&parent=4294"}],"wp:term":[{"taxonomy":"product_brand","embeddable":true,"href":"https:\/\/aumbongui.com\/index.php?rest_route=%2Fwp%2Fv2%2Fproduct_brand&post=4294"},{"taxonomy":"product_cat","embeddable":true,"href":"https:\/\/aumbongui.com\/index.php?rest_route=%2Fwp%2Fv2%2Fproduct_cat&post=4294"},{"taxonomy":"product_tag","embeddable":true,"href":"https:\/\/aumbongui.com\/index.php?rest_route=%2Fwp%2Fv2%2Fproduct_tag&post=4294"}],"curies":[{"name":"wp","href":"https:\/\/api.w.org\/{rel}","templated":true}]}}