{"id":4319,"date":"2023-09-13T19:38:12","date_gmt":"2023-09-13T17:38:12","guid":{"rendered":"https:\/\/aumbongui.com\/?post_type=product&#038;p=4319"},"modified":"2025-07-25T19:10:42","modified_gmt":"2025-07-25T17:10:42","slug":"4319","status":"publish","type":"product","link":"https:\/\/aumbongui.com\/?product=4319","title":{"rendered":"L&rsquo;arbre et l&rsquo;enfant et autre conte trilingue"},"content":{"rendered":"<p>\u00ab\u00a0Une enfant avait perdu sa m\u00e8re \u00e0 la naissance et sa grand-m\u00e8re l&rsquo;\u00e9levait. Elles v\u00e9curent sept ans heureuses. Un jour, la vieille se sentit mal. Avant de mourir, elle voulut confier la fillette \u00e0 son ami Toudou l&rsquo;Arbre&#8230;\u00a0\u00bb &#8230; \u00ab\u00a0Au sud de Gadiaga vivait un f\u00e9ticheur tr\u00e8s connu. Un jour, \u00e0 la saison des pluies, il annon\u00e7a au village qu&rsquo;un b\u00e9b\u00e9 allait na\u00eetre et qu&rsquo;il porterait le nom de Sassa. Cet enfant deviendrait un homme tr\u00e8s important. Il dominerait tous les gens du village&#8230;\u00a0\u00bb<\/p>\n<p><em>Penda Soumar\u00e9 est n\u00e9e \u00e0 Bamako au Mali en 1960. Elle est maman de sept enfants et r\u00e9side avec sa famille \u00e0 Paris<\/em><\/p>\n","protected":false},"excerpt":{"rendered":"<p>Contes du MALI<\/p>\n<p>(Ouvrage trilingue bambara &#8211; fran\u00e7ais &#8211; sonink\u00e9)<\/p>\n<p>Auteure : <strong>Penda SOUMARE<\/strong><\/p>\n<p>Editeur : <strong>L&rsquo;HARMATTAN<\/strong><\/p>\n","protected":false},"featured_media":4317,"comment_status":"open","ping_status":"closed","template":"","meta":[],"product_brand":[],"product_cat":[86,75],"product_tag":[],"class_list":{"0":"post-4319","1":"product","2":"type-product","3":"status-publish","4":"has-post-thumbnail","6":"product_cat-contes-kama-mon-afrique","7":"product_cat-kama-mon-afrique","8":"product_shipping_class-standard","10":"first","11":"instock","12":"shipping-taxable","13":"purchasable","14":"product-type-simple"},"_links":{"self":[{"href":"https:\/\/aumbongui.com\/index.php?rest_route=\/wp\/v2\/product\/4319","targetHints":{"allow":["GET"]}}],"collection":[{"href":"https:\/\/aumbongui.com\/index.php?rest_route=\/wp\/v2\/product"}],"about":[{"href":"https:\/\/aumbongui.com\/index.php?rest_route=\/wp\/v2\/types\/product"}],"replies":[{"embeddable":true,"href":"https:\/\/aumbongui.com\/index.php?rest_route=%2Fwp%2Fv2%2Fcomments&post=4319"}],"wp:featuredmedia":[{"embeddable":true,"href":"https:\/\/aumbongui.com\/index.php?rest_route=\/wp\/v2\/media\/4317"}],"wp:attachment":[{"href":"https:\/\/aumbongui.com\/index.php?rest_route=%2Fwp%2Fv2%2Fmedia&parent=4319"}],"wp:term":[{"taxonomy":"product_brand","embeddable":true,"href":"https:\/\/aumbongui.com\/index.php?rest_route=%2Fwp%2Fv2%2Fproduct_brand&post=4319"},{"taxonomy":"product_cat","embeddable":true,"href":"https:\/\/aumbongui.com\/index.php?rest_route=%2Fwp%2Fv2%2Fproduct_cat&post=4319"},{"taxonomy":"product_tag","embeddable":true,"href":"https:\/\/aumbongui.com\/index.php?rest_route=%2Fwp%2Fv2%2Fproduct_tag&post=4319"}],"curies":[{"name":"wp","href":"https:\/\/api.w.org\/{rel}","templated":true}]}}