{"id":4323,"date":"2023-09-13T19:51:49","date_gmt":"2023-09-13T17:51:49","guid":{"rendered":"https:\/\/aumbongui.com\/?post_type=product&#038;p=4323"},"modified":"2025-05-29T18:51:45","modified_gmt":"2025-05-29T16:51:45","slug":"la-courge-qui-parlait","status":"publish","type":"product","link":"https:\/\/aumbongui.com\/?product=la-courge-qui-parlait","title":{"rendered":"La courge qui parlait"},"content":{"rendered":"<p>La jeune Mariama trouve dans la for\u00eat une courge qui parle. Au fil des jours, celle-ci se montre tyrannique et arrogante\u2026 Daouda et Odia que tout s\u00e9pare, l&rsquo;un pauvre et orphelin, l&rsquo;autre princesse aim\u00e9e de tous, vont se rencontrer \u00e0 la suite d&rsquo;\u00e9v\u00e8nements extraordinaires\u2026 Gnouma, tr\u00e8s jalouse, fait croire \u00e0 sa co\u00e9pouse que cette derni\u00e8re a accouch\u00e9 d&rsquo;une pierre, enl\u00e8ve son enfant et le fait passer pour le sien. L&rsquo;auteure a gard\u00e9, sur le fil t\u00e9nu de la m\u00e9moire, durant des d\u00e9cennies d&rsquo;exil, des r\u00e9cits oraux en langue malink\u00e9 sans \u00e2ge qui ont travers\u00e9 des si\u00e8cles de colonisation, de travail forc\u00e9 et d&rsquo;ind\u00e9pendance de la Guin\u00e9e et dont elle est impr\u00e9gn\u00e9e depuis sa plus tendre enfance. \u00c0 travers ces trois contes, elle nous fait partager, avec le timbre de voix des conteurs, l&rsquo;imaginaire et les valeurs de la culture de la Haute-Guin\u00e9e. <strong>\u00c0 partir de 14 ans.<\/strong><\/p>\n<p><em>Mallon K\u00e9ita-Kouyat\u00e9, originaire de Kouroussa, n\u00e9e \u00e0 Kankan en Haute-Guin\u00e9e, a \u00e9tudi\u00e9 \u00e0 Kankan, Pellal (Moyenne-Guin\u00e9e), Conakry (Basse-Guin\u00e9e), Bamako (Mali) puis \u00e0 Paris. Elle a travaill\u00e9 \u00e0 Peuple et Culture \u2013 Paris VI, puis aux \u00c9ditions du centre Pompidou. Elle signe ici son deuxi\u00e8me recueil apr\u00e8s\u00a0L&rsquo;Hy\u00e8ne affam\u00e9e. Contes de la Haute-Guin\u00e9e\u00a0(L&rsquo;Harmattan, 2016).<\/em><\/p>\n","protected":false},"excerpt":{"rendered":"<p>Contes de GUINEE<\/p>\n<p>Auteur : <strong>Mallon KEITA-KOUYATE<\/strong><\/p>\n<p>Editeur : <strong>L&rsquo;HARMATTAN<\/strong><\/p>\n","protected":false},"featured_media":4324,"comment_status":"open","ping_status":"closed","template":"","meta":[],"product_brand":[],"product_cat":[86,75],"product_tag":[],"class_list":{"0":"post-4323","1":"product","2":"type-product","3":"status-publish","4":"has-post-thumbnail","6":"product_cat-contes-kama-mon-afrique","7":"product_cat-kama-mon-afrique","8":"product_shipping_class-standard","10":"first","11":"instock","12":"shipping-taxable","13":"purchasable","14":"product-type-simple"},"_links":{"self":[{"href":"https:\/\/aumbongui.com\/index.php?rest_route=\/wp\/v2\/product\/4323","targetHints":{"allow":["GET"]}}],"collection":[{"href":"https:\/\/aumbongui.com\/index.php?rest_route=\/wp\/v2\/product"}],"about":[{"href":"https:\/\/aumbongui.com\/index.php?rest_route=\/wp\/v2\/types\/product"}],"replies":[{"embeddable":true,"href":"https:\/\/aumbongui.com\/index.php?rest_route=%2Fwp%2Fv2%2Fcomments&post=4323"}],"wp:featuredmedia":[{"embeddable":true,"href":"https:\/\/aumbongui.com\/index.php?rest_route=\/wp\/v2\/media\/4324"}],"wp:attachment":[{"href":"https:\/\/aumbongui.com\/index.php?rest_route=%2Fwp%2Fv2%2Fmedia&parent=4323"}],"wp:term":[{"taxonomy":"product_brand","embeddable":true,"href":"https:\/\/aumbongui.com\/index.php?rest_route=%2Fwp%2Fv2%2Fproduct_brand&post=4323"},{"taxonomy":"product_cat","embeddable":true,"href":"https:\/\/aumbongui.com\/index.php?rest_route=%2Fwp%2Fv2%2Fproduct_cat&post=4323"},{"taxonomy":"product_tag","embeddable":true,"href":"https:\/\/aumbongui.com\/index.php?rest_route=%2Fwp%2Fv2%2Fproduct_tag&post=4323"}],"curies":[{"name":"wp","href":"https:\/\/api.w.org\/{rel}","templated":true}]}}