{"id":4333,"date":"2023-09-13T20:04:33","date_gmt":"2023-09-13T18:04:33","guid":{"rendered":"https:\/\/aumbongui.com\/?post_type=product&#038;p=4333"},"modified":"2026-04-12T18:26:27","modified_gmt":"2026-04-12T16:26:27","slug":"le-totem-de-gayou","status":"publish","type":"product","link":"https:\/\/aumbongui.com\/?product=le-totem-de-gayou","title":{"rendered":"LE TOTEM DE GAYOU"},"content":{"rendered":"<p>Gayou, petit Kanak, part dans la for\u00eat avec son p\u00e8re, \u00e0 la recherche de son totem. Le trouvera-t-il ?<\/p>\n<p><em>Nicole Chardon-Isch est n\u00e9e en Martinique \u00e0 Fort-de-France. Docteure en sciences du langage, \u00e0 travers ses \u00e9crits se m\u00ealent r\u00e9alisme et imaginaire. Dans son pays de c\u0153ur, la Nouvelle Cal\u00e9donie, les d\u00e9couvertes culturelles et humaines l\u2019am\u00e8nent \u00e0 \u00e9crire r\u00e9guli\u00e8rement nouvelles, contes, po\u00e9sie inspir\u00e9s par le terroir ; elle explore les litt\u00e9ratures d\u2019\u00e9crivains cal\u00e9doniens confirm\u00e9s ou \u00e9mergents. Ainsi elle est l\u2019auteure de nombreuses \u00e9tudes litt\u00e9raires, d\u2019articles de colloques, de pistes p\u00e9dagogiques.<\/em><br \/>\n<em>Son implication dans l\u2019association \u00ab\u00a0Ecrire en Oc\u00e9anie\u00a0\u00bb la conduit naturellement \u00e0 diriger une collection, Un auteur une nouvelle, puis \u00e0 assumer la fonction de pr\u00e9sidente depuis 2017. Elle entend contribuer \u00e0 la production et \u00e0 l\u2019expansion de la litt\u00e9rature cal\u00e9donienne, qui m\u00e9rite d\u2019\u00eatre plus connue extra muros.<\/em><\/p>\n","protected":false},"excerpt":{"rendered":"<p>Conte de NOUVELLE CALEDONIE<\/p>\n<p>(Ouvrage bilingue fran\u00e7ais &#8211; paic\u00ee)<\/p>\n<p>Auteure : <strong>Nicole CHARDON-ISCH<\/strong><\/p>\n<p>Editeur : <strong>L&rsquo;HARMATTAN<\/strong><\/p>\n","protected":false},"featured_media":4331,"comment_status":"open","ping_status":"closed","template":"","meta":[],"product_brand":[],"product_cat":[102,121],"product_tag":[],"class_list":{"0":"post-4333","1":"product","2":"type-product","3":"status-publish","4":"has-post-thumbnail","6":"product_cat-constellations","7":"product_cat-enfance-2","8":"product_shipping_class-standard","10":"first","11":"instock","12":"shipping-taxable","13":"purchasable","14":"product-type-simple"},"_links":{"self":[{"href":"https:\/\/aumbongui.com\/index.php?rest_route=\/wp\/v2\/product\/4333","targetHints":{"allow":["GET"]}}],"collection":[{"href":"https:\/\/aumbongui.com\/index.php?rest_route=\/wp\/v2\/product"}],"about":[{"href":"https:\/\/aumbongui.com\/index.php?rest_route=\/wp\/v2\/types\/product"}],"replies":[{"embeddable":true,"href":"https:\/\/aumbongui.com\/index.php?rest_route=%2Fwp%2Fv2%2Fcomments&post=4333"}],"wp:featuredmedia":[{"embeddable":true,"href":"https:\/\/aumbongui.com\/index.php?rest_route=\/wp\/v2\/media\/4331"}],"wp:attachment":[{"href":"https:\/\/aumbongui.com\/index.php?rest_route=%2Fwp%2Fv2%2Fmedia&parent=4333"}],"wp:term":[{"taxonomy":"product_brand","embeddable":true,"href":"https:\/\/aumbongui.com\/index.php?rest_route=%2Fwp%2Fv2%2Fproduct_brand&post=4333"},{"taxonomy":"product_cat","embeddable":true,"href":"https:\/\/aumbongui.com\/index.php?rest_route=%2Fwp%2Fv2%2Fproduct_cat&post=4333"},{"taxonomy":"product_tag","embeddable":true,"href":"https:\/\/aumbongui.com\/index.php?rest_route=%2Fwp%2Fv2%2Fproduct_tag&post=4333"}],"curies":[{"name":"wp","href":"https:\/\/api.w.org\/{rel}","templated":true}]}}