{"id":4399,"date":"2023-11-03T23:02:45","date_gmt":"2023-11-03T22:02:45","guid":{"rendered":"https:\/\/aumbongui.com\/?post_type=product&#038;p=4399"},"modified":"2026-04-12T18:26:43","modified_gmt":"2026-04-12T16:26:43","slug":"les-femmes-dans-lhistoire-en-afrique-noire","status":"publish","type":"product","link":"https:\/\/aumbongui.com\/?product=les-femmes-dans-lhistoire-en-afrique-noire","title":{"rendered":"Les femmes dans l&rsquo;histoire en Afrique Noire"},"content":{"rendered":"<p>Ce livre explore l&rsquo;activisme des femmes d&rsquo;Afrique noire durant les p\u00e9riodes pr\u00e9coloniale, coloniale et postcoloniale.<\/p>\n<p>Contrairement aux id\u00e9es re\u00e7ues des recherches contemporaines qui associent l&rsquo;activisme f\u00e9minin \u00e0 la mondialisation, l&rsquo;auteure met l&rsquo;accent sur le fait qu&rsquo;avant la colonisation, les femmes d&rsquo;Afrique noire militaient dans les secteurs publics per\u00e7us comme masculins, \u00e0 savoir l&rsquo;arm\u00e9e et la politique. Elle nous montre \u00e9galement que pendant la p\u00e9riode coloniale, ces femmes gardaient la t\u00eate haute pour r\u00e9sister \u00e0 la colonisation, et ce, dans diff\u00e9rentes soci\u00e9t\u00e9s africaines. En effet, le militantisme des femmes d&rsquo;Afrique noire continue durant la p\u00e9riode postcoloniale, malgr\u00e9 les d\u00e9fis d\u00e9coulant de la colonisation qui a officialis\u00e9 les valeurs patriarcales, tendant \u00e0 les exclure de la sph\u00e8re publique, pour les confiner dans la sph\u00e8re priv\u00e9e.<\/p>\n<p>Enfin, cet ouvrage est une invitation \u00e0 un renouvellement de la pens\u00e9e sur les femmes d&rsquo;Afrique noire, dont les contributions multiformes dans la construction des soci\u00e9t\u00e9s africaines sont souvent invisibilis\u00e9es, alors qu&rsquo;elles devraient \u00eatre inspirantes pour des g\u00e9n\u00e9rations d&rsquo;Afrique et du monde.<\/p>\n<p><em>Pascasie Minani Passy est professeure \u00e0 temps partiel et doctorante \u00e0 l&rsquo;universit\u00e9 d&rsquo;Ottawa. Canadienne d&rsquo;origine burundaise, elle s&rsquo;int\u00e9resse \u00e0 la colonisation, aux rapports sociaux de race et de sexe, \u00e0 la diversit\u00e9 dans les repr\u00e9sentations, \u00e0 la gouvernance mondiale et aux enjeux li\u00e9s au d\u00e9veloppement social, \u00e9conomique et politique des soci\u00e9t\u00e9s.<\/em><\/p>\n","protected":false},"excerpt":{"rendered":"<p>Histoire &#8211; Sociologie<\/p>\n<p>Auteure : <strong>PASCASIE MINANI PASSY<\/strong><\/p>\n<p>Editeur : <strong>SEPIA \u00e9ditions<\/strong><\/p>\n","protected":false},"featured_media":4400,"comment_status":"open","ping_status":"closed","template":"","meta":[],"product_brand":[],"product_cat":[90,75],"product_tag":[],"class_list":{"0":"post-4399","1":"product","2":"type-product","3":"status-publish","4":"has-post-thumbnail","6":"product_cat-histoiresociete-kama-mon-afrique","7":"product_cat-kama-mon-afrique","8":"product_shipping_class-standard","10":"first","11":"instock","12":"shipping-taxable","13":"purchasable","14":"product-type-simple"},"_links":{"self":[{"href":"https:\/\/aumbongui.com\/index.php?rest_route=\/wp\/v2\/product\/4399","targetHints":{"allow":["GET"]}}],"collection":[{"href":"https:\/\/aumbongui.com\/index.php?rest_route=\/wp\/v2\/product"}],"about":[{"href":"https:\/\/aumbongui.com\/index.php?rest_route=\/wp\/v2\/types\/product"}],"replies":[{"embeddable":true,"href":"https:\/\/aumbongui.com\/index.php?rest_route=%2Fwp%2Fv2%2Fcomments&post=4399"}],"wp:featuredmedia":[{"embeddable":true,"href":"https:\/\/aumbongui.com\/index.php?rest_route=\/wp\/v2\/media\/4400"}],"wp:attachment":[{"href":"https:\/\/aumbongui.com\/index.php?rest_route=%2Fwp%2Fv2%2Fmedia&parent=4399"}],"wp:term":[{"taxonomy":"product_brand","embeddable":true,"href":"https:\/\/aumbongui.com\/index.php?rest_route=%2Fwp%2Fv2%2Fproduct_brand&post=4399"},{"taxonomy":"product_cat","embeddable":true,"href":"https:\/\/aumbongui.com\/index.php?rest_route=%2Fwp%2Fv2%2Fproduct_cat&post=4399"},{"taxonomy":"product_tag","embeddable":true,"href":"https:\/\/aumbongui.com\/index.php?rest_route=%2Fwp%2Fv2%2Fproduct_tag&post=4399"}],"curies":[{"name":"wp","href":"https:\/\/api.w.org\/{rel}","templated":true}]}}