{"id":4444,"date":"2024-01-13T15:11:42","date_gmt":"2024-01-13T14:11:42","guid":{"rendered":"https:\/\/aumbongui.com\/?post_type=product&#038;p=4444"},"modified":"2025-12-12T21:21:50","modified_gmt":"2025-12-12T20:21:50","slug":"faris-bilala-et-le-lion","status":"publish","type":"product","link":"https:\/\/aumbongui.com\/?product=faris-bilala-et-le-lion","title":{"rendered":"FARIS BILALA ET LE LION"},"content":{"rendered":"<p>Les villageois croient que Faris Bilala est un valeureux chevalier. Aussi quand le village est menac\u00e9 par un \u00e9norme lion vont-ils le chercher. Mais Faris refuse de les aider alors que se passera t-il ?<\/p>\n<p><em>Abdelaziz BARAKA SAKIN est n\u00e9 en 1963 \u00e0 Kassala au Soudan. Son parcours est marqu\u00e9 par diff\u00e9rentes exp\u00e9riences de vie, \u00e9tant tour \u00e0 tour couturier, ma\u00e7on, ouvrier, enseignant, puis conseiller \u00e0 l\u2019ONU. Auteur de plusieurs romans et recueils de nouvelles, ses \u0153uvres ont \u00e9t\u00e9 interdites de nombreuses ann\u00e9es au Soudan durant la dictature militaire.<\/em><\/p>\n","protected":false},"excerpt":{"rendered":"<p><strong>Conte du DARFOUR &#8211; SOUDAN (Trilingue arabe &#8211; fran\u00e7ais &#8211; anglais)<\/strong><\/p>\n<p>Auteur :<strong> Abdelaziz BARAKA SAKIN<\/strong><\/p>\n<p>Editeur : <strong>\u00e9ditions L&rsquo;Harmattan<\/strong><\/p>\n","protected":false},"featured_media":4445,"comment_status":"open","ping_status":"closed","template":"","meta":[],"product_brand":[],"product_cat":[86,75],"product_tag":[],"class_list":{"0":"post-4444","1":"product","2":"type-product","3":"status-publish","4":"has-post-thumbnail","6":"product_cat-contes-kama-mon-afrique","7":"product_cat-kama-mon-afrique","8":"product_shipping_class-standard","10":"first","11":"instock","12":"shipping-taxable","13":"purchasable","14":"product-type-simple"},"_links":{"self":[{"href":"https:\/\/aumbongui.com\/index.php?rest_route=\/wp\/v2\/product\/4444","targetHints":{"allow":["GET"]}}],"collection":[{"href":"https:\/\/aumbongui.com\/index.php?rest_route=\/wp\/v2\/product"}],"about":[{"href":"https:\/\/aumbongui.com\/index.php?rest_route=\/wp\/v2\/types\/product"}],"replies":[{"embeddable":true,"href":"https:\/\/aumbongui.com\/index.php?rest_route=%2Fwp%2Fv2%2Fcomments&post=4444"}],"wp:featuredmedia":[{"embeddable":true,"href":"https:\/\/aumbongui.com\/index.php?rest_route=\/wp\/v2\/media\/4445"}],"wp:attachment":[{"href":"https:\/\/aumbongui.com\/index.php?rest_route=%2Fwp%2Fv2%2Fmedia&parent=4444"}],"wp:term":[{"taxonomy":"product_brand","embeddable":true,"href":"https:\/\/aumbongui.com\/index.php?rest_route=%2Fwp%2Fv2%2Fproduct_brand&post=4444"},{"taxonomy":"product_cat","embeddable":true,"href":"https:\/\/aumbongui.com\/index.php?rest_route=%2Fwp%2Fv2%2Fproduct_cat&post=4444"},{"taxonomy":"product_tag","embeddable":true,"href":"https:\/\/aumbongui.com\/index.php?rest_route=%2Fwp%2Fv2%2Fproduct_tag&post=4444"}],"curies":[{"name":"wp","href":"https:\/\/api.w.org\/{rel}","templated":true}]}}