{"id":4465,"date":"2024-01-18T17:46:49","date_gmt":"2024-01-18T16:46:49","guid":{"rendered":"https:\/\/aumbongui.com\/?post_type=product&#038;p=4465"},"modified":"2026-04-09T21:02:24","modified_gmt":"2026-04-09T19:02:24","slug":"les-princes-du-destin-contes-de-la-mythologie-afro-bresilienne","status":"publish","type":"product","link":"https:\/\/aumbongui.com\/?product=les-princes-du-destin-contes-de-la-mythologie-afro-bresilienne","title":{"rendered":"Les princes du destin &#8211; Contes de la mythologie Afro-Br\u00e9silienne"},"content":{"rendered":"<p>Au pays des Yorubas, en Afrique de l\u2019Ouest, seize princes porteurs de destin, les odus, avaient pour mission de collecter et de raconter des histoires. Au-dessus d\u2019eux r\u00e9gnaient des divinit\u00e9s, les orix\u00e1s et en particulier If\u00e1 le ma\u00eetre du destin.<br \/>\nD\u00e9port\u00e9s au Br\u00e9sil \u00e0 la suite de la traite n\u00e9gri\u00e8re, les Yorubas emport\u00e8rent avec eux leur culture et leurs croyances. C\u2019est ainsi que les histoires des odus et des orix\u00e1s se sont transmises de g\u00e9n\u00e9ration en g\u00e9n\u00e9ration et sont encore aujourd\u2019hui racont\u00e9es, en particulier dans les candombl\u00e9s, temples o\u00f9 l\u2019on c\u00e9l\u00e8bre leur culte. Les Princes du destin r\u00e9v\u00e8lent avec verve et humour cette passionnante mythologie afro-br\u00e9silienne.<\/p>\n<p><em>Reginaldo Prandi est professeur de sociologie \u00e0 l\u2019universit\u00e9 de S\u00e3o Paulo. Il est l\u2019auteur de plusieurs ouvrages sur la culture et la religion afro-br\u00e9siliennes, notamment Mitologia dos Orix\u00e1. <\/em><em>Paulo Monteiro est un artiste plasticien, auteur de bandes dessin\u00e9es et illustrateur pour la jeunesse.<\/em><\/p>\n","protected":false},"excerpt":{"rendered":"<p>Auteur : Reginaldo PRANDI<\/p>\n<p>Illustrations : Paulo MONTEIRO<\/p>\n<p>Editeur : PRESENCE AFRICAINE<\/p>\n","protected":false},"featured_media":4466,"comment_status":"open","ping_status":"closed","template":"","meta":[],"product_brand":[],"product_cat":[102,153],"product_tag":[],"class_list":{"0":"post-4465","1":"product","2":"type-product","3":"status-publish","4":"has-post-thumbnail","6":"product_cat-constellations","7":"product_cat-contes","8":"product_shipping_class-standard","10":"first","11":"instock","12":"shipping-taxable","13":"purchasable","14":"product-type-simple"},"_links":{"self":[{"href":"https:\/\/aumbongui.com\/index.php?rest_route=\/wp\/v2\/product\/4465","targetHints":{"allow":["GET"]}}],"collection":[{"href":"https:\/\/aumbongui.com\/index.php?rest_route=\/wp\/v2\/product"}],"about":[{"href":"https:\/\/aumbongui.com\/index.php?rest_route=\/wp\/v2\/types\/product"}],"replies":[{"embeddable":true,"href":"https:\/\/aumbongui.com\/index.php?rest_route=%2Fwp%2Fv2%2Fcomments&post=4465"}],"wp:featuredmedia":[{"embeddable":true,"href":"https:\/\/aumbongui.com\/index.php?rest_route=\/wp\/v2\/media\/4466"}],"wp:attachment":[{"href":"https:\/\/aumbongui.com\/index.php?rest_route=%2Fwp%2Fv2%2Fmedia&parent=4465"}],"wp:term":[{"taxonomy":"product_brand","embeddable":true,"href":"https:\/\/aumbongui.com\/index.php?rest_route=%2Fwp%2Fv2%2Fproduct_brand&post=4465"},{"taxonomy":"product_cat","embeddable":true,"href":"https:\/\/aumbongui.com\/index.php?rest_route=%2Fwp%2Fv2%2Fproduct_cat&post=4465"},{"taxonomy":"product_tag","embeddable":true,"href":"https:\/\/aumbongui.com\/index.php?rest_route=%2Fwp%2Fv2%2Fproduct_tag&post=4465"}],"curies":[{"name":"wp","href":"https:\/\/api.w.org\/{rel}","templated":true}]}}