{"id":4506,"date":"2024-02-12T22:10:59","date_gmt":"2024-02-12T21:10:59","guid":{"rendered":"https:\/\/aumbongui.com\/?post_type=product&#038;p=4506"},"modified":"2026-03-28T21:01:23","modified_gmt":"2026-03-28T20:01:23","slug":"le-legs-des-pygmees-du-berceau-nilotique-a-legypte","status":"publish","type":"product","link":"https:\/\/aumbongui.com\/?product=le-legs-des-pygmees-du-berceau-nilotique-a-legypte","title":{"rendered":"LE LEGS DES PYGM\u00c9ES &#8211; Du berceau nilotique \u00e0 l&rsquo;\u00c9gypte"},"content":{"rendered":"<p>Les Pygm\u00e9es, ma\u00eetres du temps du \u00ab Pays des Arbres \u00bb, ont contribu\u00e9 \u00e0 la connaissance, au d\u00e9veloppement et aux civilisations, \u00e0 travers leurs savoirs et savoir-faire, ainsi que par les \u00e9changes qu&rsquo;ils ont pu \u00e9tablir. Qu&rsquo;il s&rsquo;agisse de la musique, de la chor\u00e9graphie sacr\u00e9e, de la danse astrale, de la pharmacop\u00e9e, de la botanique, de la zoologie, de la cosmogonie ou encore de l&rsquo;\u00e9cologie, ils sont pr\u00e9sents depuis la nuit des temps.<\/p>\n<p><em>Victor Bissengu\u00e9 est chercheur en Anthropologie, en sciences de l&rsquo;\u00e9ducation et de la communication. Il est l&rsquo;auteur d&rsquo;ouvrages sur les Pygm\u00e9es , de plusieurs \u00e9tudes au Centre national d&rsquo;art et de culture Georges Pompidou \u00e0 Paris.<\/em><\/p>\n","protected":false},"excerpt":{"rendered":"<p>Afrique centrale &#8211; Ethnologie &#8211; Anthropologie &#8211; Sociologie<\/p>\n<p>Auteur : <strong>Victor BISSENGUE<\/strong><\/p>\n<p>Editeur : <strong>L&rsquo;HARMATTAN<\/strong><\/p>\n","protected":false},"featured_media":4507,"comment_status":"open","ping_status":"closed","template":"","meta":[],"product_brand":[],"product_cat":[90,75],"product_tag":[],"class_list":{"0":"post-4506","1":"product","2":"type-product","3":"status-publish","4":"has-post-thumbnail","6":"product_cat-histoiresociete-kama-mon-afrique","7":"product_cat-kama-mon-afrique","8":"product_shipping_class-standard","10":"first","11":"instock","12":"shipping-taxable","13":"purchasable","14":"product-type-simple"},"_links":{"self":[{"href":"https:\/\/aumbongui.com\/index.php?rest_route=\/wp\/v2\/product\/4506","targetHints":{"allow":["GET"]}}],"collection":[{"href":"https:\/\/aumbongui.com\/index.php?rest_route=\/wp\/v2\/product"}],"about":[{"href":"https:\/\/aumbongui.com\/index.php?rest_route=\/wp\/v2\/types\/product"}],"replies":[{"embeddable":true,"href":"https:\/\/aumbongui.com\/index.php?rest_route=%2Fwp%2Fv2%2Fcomments&post=4506"}],"wp:featuredmedia":[{"embeddable":true,"href":"https:\/\/aumbongui.com\/index.php?rest_route=\/wp\/v2\/media\/4507"}],"wp:attachment":[{"href":"https:\/\/aumbongui.com\/index.php?rest_route=%2Fwp%2Fv2%2Fmedia&parent=4506"}],"wp:term":[{"taxonomy":"product_brand","embeddable":true,"href":"https:\/\/aumbongui.com\/index.php?rest_route=%2Fwp%2Fv2%2Fproduct_brand&post=4506"},{"taxonomy":"product_cat","embeddable":true,"href":"https:\/\/aumbongui.com\/index.php?rest_route=%2Fwp%2Fv2%2Fproduct_cat&post=4506"},{"taxonomy":"product_tag","embeddable":true,"href":"https:\/\/aumbongui.com\/index.php?rest_route=%2Fwp%2Fv2%2Fproduct_tag&post=4506"}],"curies":[{"name":"wp","href":"https:\/\/api.w.org\/{rel}","templated":true}]}}