{"id":4521,"date":"2024-04-07T19:43:15","date_gmt":"2024-04-07T17:43:15","guid":{"rendered":"https:\/\/aumbongui.com\/?post_type=product&#038;p=4521"},"modified":"2026-04-12T18:23:23","modified_gmt":"2026-04-12T16:23:23","slug":"contes-kabyles-tanina","status":"publish","type":"product","link":"https:\/\/aumbongui.com\/?product=contes-kabyles-tanina","title":{"rendered":"Contes Kabyles : TANINA"},"content":{"rendered":"<p>\u00a0\u00bb Il y a plus de deux mille ans, r\u00e9gnait dans le nord de l&rsquo;Afrique le roi Massinissa. Son immense territoire avait pour nom la Numidie. Il \u00e9tait peupl\u00e9 d&rsquo;hommes libres : les Imazighens. A Cirta, la capitale, vivait en toute insouciance dans une belle demeure familiale, une petite fille nomm\u00e9e Tannina, entour\u00e9e de la chaleur des siens : son p\u00e8re, sa m\u00e8re et ses deux fr\u00e8res\u2026 \u00ab\u00a0<\/p>\n","protected":false},"excerpt":{"rendered":"<p>Auteur :\u00a0<strong>Shamy CHEMINI<\/strong><\/p>\n<p>Illustrateur : <strong>Farid BELKADI<\/strong><\/p>\n<p>Editeur : <strong>SYBOUS \u00e9ditions<\/strong><\/p>\n","protected":false},"featured_media":4522,"comment_status":"open","ping_status":"closed","template":"","meta":[],"product_brand":[],"product_cat":[86,75],"product_tag":[],"class_list":{"0":"post-4521","1":"product","2":"type-product","3":"status-publish","4":"has-post-thumbnail","6":"product_cat-contes-kama-mon-afrique","7":"product_cat-kama-mon-afrique","8":"product_shipping_class-standard","10":"first","11":"instock","12":"shipping-taxable","13":"purchasable","14":"product-type-simple"},"_links":{"self":[{"href":"https:\/\/aumbongui.com\/index.php?rest_route=\/wp\/v2\/product\/4521","targetHints":{"allow":["GET"]}}],"collection":[{"href":"https:\/\/aumbongui.com\/index.php?rest_route=\/wp\/v2\/product"}],"about":[{"href":"https:\/\/aumbongui.com\/index.php?rest_route=\/wp\/v2\/types\/product"}],"replies":[{"embeddable":true,"href":"https:\/\/aumbongui.com\/index.php?rest_route=%2Fwp%2Fv2%2Fcomments&post=4521"}],"wp:featuredmedia":[{"embeddable":true,"href":"https:\/\/aumbongui.com\/index.php?rest_route=\/wp\/v2\/media\/4522"}],"wp:attachment":[{"href":"https:\/\/aumbongui.com\/index.php?rest_route=%2Fwp%2Fv2%2Fmedia&parent=4521"}],"wp:term":[{"taxonomy":"product_brand","embeddable":true,"href":"https:\/\/aumbongui.com\/index.php?rest_route=%2Fwp%2Fv2%2Fproduct_brand&post=4521"},{"taxonomy":"product_cat","embeddable":true,"href":"https:\/\/aumbongui.com\/index.php?rest_route=%2Fwp%2Fv2%2Fproduct_cat&post=4521"},{"taxonomy":"product_tag","embeddable":true,"href":"https:\/\/aumbongui.com\/index.php?rest_route=%2Fwp%2Fv2%2Fproduct_tag&post=4521"}],"curies":[{"name":"wp","href":"https:\/\/api.w.org\/{rel}","templated":true}]}}