{"id":4566,"date":"2024-04-07T20:48:14","date_gmt":"2024-04-07T18:48:14","guid":{"rendered":"https:\/\/aumbongui.com\/?post_type=product&#038;p=4566"},"modified":"2026-03-28T21:00:51","modified_gmt":"2026-03-28T20:00:51","slug":"la-langue-et-la-memoire","status":"publish","type":"product","link":"https:\/\/aumbongui.com\/?product=la-langue-et-la-memoire","title":{"rendered":"La langue et la m\u00e9moire"},"content":{"rendered":"<p>Autrefois, jouer aux \u00e9nigmes et aux devinettes \u00e9tait une pr\u00e9occupation quotidienne. Les enfants jouaient sous les encouragements de leurs a\u00een\u00e9s. Les \u00e9nigmes ont permis \u00e0 l&rsquo;enfant kabyle amazigh, gr\u00e2ce au jeu de langue, un apprentissage et une ma\u00eetrise de sa langue maternelle. C&rsquo;est par cette pratique intense qu&rsquo;\u00e9nigmes et devinettes ont perdur\u00e9 dans le patrimoine oral amazigh. Appliqu\u00e9e \u00e0 l&rsquo;environnement \u00e9ducatif et scolaire, cette pratique exciterait la curiosit\u00e9 des enfants et les sortirait de l&rsquo;ennui dans lequel les plonge souvent l&rsquo;\u00e9cole arabis\u00e9e.<\/p>\n","protected":false},"excerpt":{"rendered":"<p>Tameslat D Wasal &#8211; Edition bilingue berb\u00e8re &#8211; fran\u00e7ais<\/p>\n<p>Auteur : Youcef ALLIOUI<\/p>\n<p>Editeur : <strong>L&rsquo;Harmattan<\/strong><\/p>\n","protected":false},"featured_media":4567,"comment_status":"open","ping_status":"closed","template":"","meta":[],"product_brand":[],"product_cat":[90,75],"product_tag":[],"class_list":{"0":"post-4566","1":"product","2":"type-product","3":"status-publish","4":"has-post-thumbnail","6":"product_cat-histoiresociete-kama-mon-afrique","7":"product_cat-kama-mon-afrique","8":"product_shipping_class-standard","10":"first","11":"instock","12":"shipping-taxable","13":"purchasable","14":"product-type-simple"},"_links":{"self":[{"href":"https:\/\/aumbongui.com\/index.php?rest_route=\/wp\/v2\/product\/4566","targetHints":{"allow":["GET"]}}],"collection":[{"href":"https:\/\/aumbongui.com\/index.php?rest_route=\/wp\/v2\/product"}],"about":[{"href":"https:\/\/aumbongui.com\/index.php?rest_route=\/wp\/v2\/types\/product"}],"replies":[{"embeddable":true,"href":"https:\/\/aumbongui.com\/index.php?rest_route=%2Fwp%2Fv2%2Fcomments&post=4566"}],"wp:featuredmedia":[{"embeddable":true,"href":"https:\/\/aumbongui.com\/index.php?rest_route=\/wp\/v2\/media\/4567"}],"wp:attachment":[{"href":"https:\/\/aumbongui.com\/index.php?rest_route=%2Fwp%2Fv2%2Fmedia&parent=4566"}],"wp:term":[{"taxonomy":"product_brand","embeddable":true,"href":"https:\/\/aumbongui.com\/index.php?rest_route=%2Fwp%2Fv2%2Fproduct_brand&post=4566"},{"taxonomy":"product_cat","embeddable":true,"href":"https:\/\/aumbongui.com\/index.php?rest_route=%2Fwp%2Fv2%2Fproduct_cat&post=4566"},{"taxonomy":"product_tag","embeddable":true,"href":"https:\/\/aumbongui.com\/index.php?rest_route=%2Fwp%2Fv2%2Fproduct_tag&post=4566"}],"curies":[{"name":"wp","href":"https:\/\/api.w.org\/{rel}","templated":true}]}}