{"id":4625,"date":"2024-10-17T21:45:50","date_gmt":"2024-10-17T19:45:50","guid":{"rendered":"https:\/\/aumbongui.com\/?post_type=product&#038;p=4625"},"modified":"2026-02-01T01:08:11","modified_gmt":"2026-02-01T00:08:11","slug":"fragmenterre-recueil-de-nouvelles","status":"publish","type":"product","link":"https:\/\/aumbongui.com\/?product=fragmenterre-recueil-de-nouvelles","title":{"rendered":"FragmenT&rsquo;erre"},"content":{"rendered":"<div dir=\"auto\">Un homme qui court les rues de la ville \u00e0 la recherche de son heure \u00e9gar\u00e9e, le souvenir d&rsquo;enfance d&rsquo;une premi\u00e8re rentr\u00e9e scolaire, une femme noire dans un caf\u00e9 de blancs dans l&rsquo;Am\u00e9rique supr\u00e9maciste&#8230; \u00ab\u00a0FragmenT&rsquo;erre\u00a0\u00bb est une mosa\u00efque de visages et de situations \u00e0 travers onze nouvelles courtes.<\/div>\n<div dir=\"auto\">En mouvement ou immobilis\u00e9s, les personnages sont confront\u00e9s au m\u00eame d\u00e9fi, le temps qui fait une boucle.<\/div>\n<div dir=\"auto\">\n<p>&nbsp;<\/p>\n<p><em>Auteur po\u00e8te congolais, Marcel AMILL\u2019 est n\u00e9 \u00e0 Brazzaville en 1984. <\/em><em>En 2004 il d\u00e9barque \u00e0 Montpellier pour suivre un cursus de Licence en Microbiologie \u00e0 l&rsquo;Universit\u00e9 Montpellier I, effectuant ensuite \u00e0 l&rsquo;Universit\u00e9 Montpellier II un DU Sant\u00e9 Solidarit\u00e9 Pr\u00e9carit\u00e9 sous l\u2019\u00e9gide de M\u00e9decins du Monde. Il publie plusieurs recueils de po\u00e9sie avant d\u2019\u00eatre distingu\u00e9 dans diff\u00e9rents prix litt\u00e9raires (Prix de la nouvelle de Fabr\u00e8gues, Prix Aim\u00e9 C\u00e9saire 2018&#8230; Marcel anime r\u00e9guli\u00e8rement en r\u00e9gion Occitanie et ailleurs, des ateliers d&rsquo;\u00e9criture avec un volet portant sur la mise en voix et la performance sc\u00e9nique pour les spectacles vivants. <\/em><\/p>\n<\/div>\n<div dir=\"auto\"><\/div>\n<div dir=\"auto\"><\/div>\n<div dir=\"auto\"><\/div>\n","protected":false},"excerpt":{"rendered":"<p>Auteur : <strong>Marcel CAMILL&rsquo;<\/strong><\/p>\n<p>Editeur : <strong>\u00e9ditions AU MBONGUI<\/strong><\/p>\n","protected":false},"featured_media":4626,"comment_status":"open","ping_status":"closed","template":"","meta":[],"product_brand":[],"product_cat":[75,89],"product_tag":[],"class_list":{"0":"post-4625","1":"product","2":"type-product","3":"status-publish","4":"has-post-thumbnail","6":"product_cat-kama-mon-afrique","7":"product_cat-nouvelles-kama-mon-afrique","8":"product_shipping_class-standard","10":"first","11":"instock","12":"shipping-taxable","13":"purchasable","14":"product-type-simple"},"_links":{"self":[{"href":"https:\/\/aumbongui.com\/index.php?rest_route=\/wp\/v2\/product\/4625","targetHints":{"allow":["GET"]}}],"collection":[{"href":"https:\/\/aumbongui.com\/index.php?rest_route=\/wp\/v2\/product"}],"about":[{"href":"https:\/\/aumbongui.com\/index.php?rest_route=\/wp\/v2\/types\/product"}],"replies":[{"embeddable":true,"href":"https:\/\/aumbongui.com\/index.php?rest_route=%2Fwp%2Fv2%2Fcomments&post=4625"}],"wp:featuredmedia":[{"embeddable":true,"href":"https:\/\/aumbongui.com\/index.php?rest_route=\/wp\/v2\/media\/4626"}],"wp:attachment":[{"href":"https:\/\/aumbongui.com\/index.php?rest_route=%2Fwp%2Fv2%2Fmedia&parent=4625"}],"wp:term":[{"taxonomy":"product_brand","embeddable":true,"href":"https:\/\/aumbongui.com\/index.php?rest_route=%2Fwp%2Fv2%2Fproduct_brand&post=4625"},{"taxonomy":"product_cat","embeddable":true,"href":"https:\/\/aumbongui.com\/index.php?rest_route=%2Fwp%2Fv2%2Fproduct_cat&post=4625"},{"taxonomy":"product_tag","embeddable":true,"href":"https:\/\/aumbongui.com\/index.php?rest_route=%2Fwp%2Fv2%2Fproduct_tag&post=4625"}],"curies":[{"name":"wp","href":"https:\/\/api.w.org\/{rel}","templated":true}]}}