{"id":463,"date":"2021-05-27T19:39:19","date_gmt":"2021-05-27T17:39:19","guid":{"rendered":"https:\/\/aumbongui.com\/?post_type=product&#038;p=463"},"modified":"2025-05-30T01:38:14","modified_gmt":"2025-05-29T23:38:14","slug":"contes-et-fleurettes","status":"publish","type":"product","link":"https:\/\/aumbongui.com\/?product=contes-et-fleurettes","title":{"rendered":"Contes et fleurettes ou les sornettes d&rsquo;une trique en liesse"},"content":{"rendered":"<p>D\u2019aucuns auront du mal \u00e0 l\u2019accepter, pourtant le plus grand g\u00e9nie de notre monde est ind\u00e9niablement d\u2019avoir \u00ab Invent\u00e9 \u00bb le Cul. Telle une constellation autour de laquelle graviteraient moult engins (pas toujours c\u00e9lestes), le Cul semble tourner lui-m\u00eame autour de quelque chose de plus grand. Est-ce pour cela qu\u2019il est si fascinant, si intrigant, embarrassant, charmeur, et souvent trompeur ? Bref, petit ou g\u00e9n\u00e9reux, il sera toujours \u00e9norme. Mais le plus int\u00e9ressant reste la mani\u00e8re et le rituel d\u00e9ploy\u00e9s pour l\u2019atteindre ; c\u2019est tout un parcours, une \u00e9cliptique, une parabole, un conte, un po\u00e8me, qui se d\u00e9clame avec le sourire lorsque le capitaine amour tient la barre.<\/p>\n<p>N\u00e9 en 1984, Marcel Camill\u2019 est un po\u00e8te congolais. Expatri\u00e9 en France depuis 2004, il a d\u2019abord suivi des \u00e9tudes de Biologie \u00e0 l\u2019universit\u00e9 Montpellier 2 avant de poursuivre un parcours d\u2019\u00e9crivain. Publi\u00e9 \u00e0 ce jour, il explore la sc\u00e8ne vivante po\u00e9tique et propose des animations d\u2019ateliers d\u2019\u00e9criture.<\/p>\n","protected":false},"excerpt":{"rendered":"<p>Auteur : <strong>MARCEL CAMILL\u2019<br \/>\n<\/strong><\/p>\n<div class=\"woocommerce-product-details__short-description\">\n<p>Collection Kama mon Afrique (Congo Brazzaville)<\/p>\n<p>\u00c9diteur : <strong>ESTELAS EDITIONS (2016)<\/strong><\/p>\n<\/div>\n","protected":false},"featured_media":900,"comment_status":"open","ping_status":"closed","template":"","meta":[],"product_brand":[],"product_cat":[75,87],"product_tag":[],"class_list":{"0":"post-463","1":"product","2":"type-product","3":"status-publish","4":"has-post-thumbnail","6":"product_cat-kama-mon-afrique","7":"product_cat-poesie-kama-mon-afrique","8":"product_shipping_class-standard","10":"first","11":"instock","12":"shipping-taxable","13":"purchasable","14":"product-type-simple"},"_links":{"self":[{"href":"https:\/\/aumbongui.com\/index.php?rest_route=\/wp\/v2\/product\/463","targetHints":{"allow":["GET"]}}],"collection":[{"href":"https:\/\/aumbongui.com\/index.php?rest_route=\/wp\/v2\/product"}],"about":[{"href":"https:\/\/aumbongui.com\/index.php?rest_route=\/wp\/v2\/types\/product"}],"replies":[{"embeddable":true,"href":"https:\/\/aumbongui.com\/index.php?rest_route=%2Fwp%2Fv2%2Fcomments&post=463"}],"wp:featuredmedia":[{"embeddable":true,"href":"https:\/\/aumbongui.com\/index.php?rest_route=\/wp\/v2\/media\/900"}],"wp:attachment":[{"href":"https:\/\/aumbongui.com\/index.php?rest_route=%2Fwp%2Fv2%2Fmedia&parent=463"}],"wp:term":[{"taxonomy":"product_brand","embeddable":true,"href":"https:\/\/aumbongui.com\/index.php?rest_route=%2Fwp%2Fv2%2Fproduct_brand&post=463"},{"taxonomy":"product_cat","embeddable":true,"href":"https:\/\/aumbongui.com\/index.php?rest_route=%2Fwp%2Fv2%2Fproduct_cat&post=463"},{"taxonomy":"product_tag","embeddable":true,"href":"https:\/\/aumbongui.com\/index.php?rest_route=%2Fwp%2Fv2%2Fproduct_tag&post=463"}],"curies":[{"name":"wp","href":"https:\/\/api.w.org\/{rel}","templated":true}]}}