{"id":4664,"date":"2025-02-18T19:01:35","date_gmt":"2025-02-18T18:01:35","guid":{"rendered":"https:\/\/aumbongui.com\/?post_type=product&#038;p=4664"},"modified":"2026-04-12T18:27:46","modified_gmt":"2026-04-12T16:27:46","slug":"poemes-de-terre-et-deau","status":"publish","type":"product","link":"https:\/\/aumbongui.com\/?product=poemes-de-terre-et-deau","title":{"rendered":"Po\u00e8mes de terre et d&rsquo;eau"},"content":{"rendered":"<p>J&rsquo;ai toujours \u00e9crit parce que la communication est indispensable \u00e0 l&rsquo;\u00e9panouissement de l&rsquo;esp\u00e8ce humaine. Et quand je dis \u00ab\u00a0communication\u00a0\u00bb j&rsquo;entends aussi \u00e9change et transmission. Il y a l\u00e0 une paix certaine \u00e0 gagner !<\/p>\n<p>L&rsquo;amour, l&rsquo;identit\u00e9, la libert\u00e9, l&rsquo;enfance, l&rsquo;innocence, la femme, les m\u0153urs qui se confrontent dans une civilisation en constante transition, la peur, la vieillesse, le d\u00e9senchantement : ce sont entre autres les \u00e9tats auxquels j&rsquo;ai voulu ajouter un peu de terre et un peu d&rsquo;eau, pour avec ce m\u00e9lange , consolider une dimension dans le but d&rsquo;\u0153uvrer en nous. Nous qui sommes des jardins et des pays \u00e0 nourrir de paix et de libert\u00e9.<\/p>\n<p><strong>Roseline DA ROSA<\/strong><\/p>\n<p><em>Roseline DA ROSA est n\u00e9e au Cap Vert, au large de la c\u00f4te Atlantique de l&rsquo;Afrique. Son \u00e9criture est un champ constell\u00e9 de graines d&rsquo;amour qui rappellent et mart\u00e8lent la n\u00e9cessit\u00e9 de vivre libre \u00e0 travers le voyage humain qui nait du regard interrog\u00e9 de l&rsquo;enfant avant de s&rsquo;accomplir dans les pas r\u00e9solus de l&rsquo;adulte. Po\u00e8mes de terre et d&rsquo;eau est sa premi\u00e8re publication.<\/em><\/p>\n","protected":false},"excerpt":{"rendered":"<p><strong>CAP VERT<\/strong><\/p>\n<p>AUTEURE : <strong>Roseline DA ROSA<\/strong><\/p>\n<p>Editeur : <strong>Auto \u00e9dition<\/strong><\/p>\n<p>&nbsp;<\/p>\n","protected":false},"featured_media":4665,"comment_status":"open","ping_status":"closed","template":"","meta":[],"product_brand":[],"product_cat":[75,87],"product_tag":[],"class_list":{"0":"post-4664","1":"product","2":"type-product","3":"status-publish","4":"has-post-thumbnail","6":"product_cat-kama-mon-afrique","7":"product_cat-poesie-kama-mon-afrique","8":"product_shipping_class-standard","10":"first","11":"instock","12":"shipping-taxable","13":"purchasable","14":"product-type-simple"},"_links":{"self":[{"href":"https:\/\/aumbongui.com\/index.php?rest_route=\/wp\/v2\/product\/4664","targetHints":{"allow":["GET"]}}],"collection":[{"href":"https:\/\/aumbongui.com\/index.php?rest_route=\/wp\/v2\/product"}],"about":[{"href":"https:\/\/aumbongui.com\/index.php?rest_route=\/wp\/v2\/types\/product"}],"replies":[{"embeddable":true,"href":"https:\/\/aumbongui.com\/index.php?rest_route=%2Fwp%2Fv2%2Fcomments&post=4664"}],"wp:featuredmedia":[{"embeddable":true,"href":"https:\/\/aumbongui.com\/index.php?rest_route=\/wp\/v2\/media\/4665"}],"wp:attachment":[{"href":"https:\/\/aumbongui.com\/index.php?rest_route=%2Fwp%2Fv2%2Fmedia&parent=4664"}],"wp:term":[{"taxonomy":"product_brand","embeddable":true,"href":"https:\/\/aumbongui.com\/index.php?rest_route=%2Fwp%2Fv2%2Fproduct_brand&post=4664"},{"taxonomy":"product_cat","embeddable":true,"href":"https:\/\/aumbongui.com\/index.php?rest_route=%2Fwp%2Fv2%2Fproduct_cat&post=4664"},{"taxonomy":"product_tag","embeddable":true,"href":"https:\/\/aumbongui.com\/index.php?rest_route=%2Fwp%2Fv2%2Fproduct_tag&post=4664"}],"curies":[{"name":"wp","href":"https:\/\/api.w.org\/{rel}","templated":true}]}}