{"id":4678,"date":"2025-02-18T23:50:12","date_gmt":"2025-02-18T22:50:12","guid":{"rendered":"https:\/\/aumbongui.com\/?post_type=product&#038;p=4678"},"modified":"2026-04-02T09:57:00","modified_gmt":"2026-04-02T07:57:00","slug":"legere-amertume-une-histoire-du-the","status":"publish","type":"product","link":"https:\/\/aumbongui.com\/?product=legere-amertume-une-histoire-du-the","title":{"rendered":"L\u00e9g\u00e8re amertume (Une histoire du th\u00e9)"},"content":{"rendered":"<p>D\u00e9couvrez l&rsquo;histoire du th\u00e9 dans le monde, depuis sa d\u00e9couverte en Asie jusqu&rsquo;\u00e0 son expansion en Afrique, au travers de la vie d&rsquo;Adjoua, femme ind\u00e9pendante n\u00e9e au milieu du XX\u00e8 si\u00e8cle en C\u00f4te d&rsquo;Ivoire. A la fois roman graphique historique et chronique fictive douce-am\u00e8re,\u00a0<em>L\u00e9g\u00e8re amertume (une histoire du th\u00e9)<\/em> transporte le lecteur au c\u0153ur de plusieurs continents et de plusieurs \u00e9poques sur les traces d&rsquo;un breuvage mythique, culturel et globalis\u00e9 : le th\u00e9.<\/p>\n<p><em>Un jour, Elanni &amp; Dja\u00ef se sont dit \u00ab\u00a0on va \u00e9crire une BD, c&rsquo;est facile\u00a0\u00bb. 20 ans plus tard, ils signent chez l&rsquo;Harmattan-BD. Les deux sc\u00e9naristes proposent \u00e0 Koffi Roger N\u2019guessan de mettre en dessin un r\u00e9cit ayant pour pr\u00e9texte l&rsquo;Histoire du th\u00e9 \u00e0 travers les \u00e2ges, breuvage dont ils sont tous deux fervents amateurs. Ainsi naquit \u00ab\u00a0L\u00e9g\u00e8re Amertume\u00a0\u00bb.<\/em><\/p>\n","protected":false},"excerpt":{"rendered":"<p>Sc\u00e9nario : <strong>ELANNI &amp; DJA\u00cf<\/strong><\/p>\n<p>Dessinateur : <strong>Koffi Roger N&rsquo;GUESSAN<\/strong><\/p>\n<p>Editeur : <strong>L&rsquo;HARMATTAN<\/strong><\/p>\n","protected":false},"featured_media":4700,"comment_status":"open","ping_status":"closed","template":"","meta":[],"product_brand":[],"product_cat":[85,75],"product_tag":[],"class_list":{"0":"post-4678","1":"product","2":"type-product","3":"status-publish","4":"has-post-thumbnail","6":"product_cat-bd-kama-mon-afrique","7":"product_cat-kama-mon-afrique","8":"product_shipping_class-standard","10":"first","11":"instock","12":"shipping-taxable","13":"purchasable","14":"product-type-simple"},"_links":{"self":[{"href":"https:\/\/aumbongui.com\/index.php?rest_route=\/wp\/v2\/product\/4678","targetHints":{"allow":["GET"]}}],"collection":[{"href":"https:\/\/aumbongui.com\/index.php?rest_route=\/wp\/v2\/product"}],"about":[{"href":"https:\/\/aumbongui.com\/index.php?rest_route=\/wp\/v2\/types\/product"}],"replies":[{"embeddable":true,"href":"https:\/\/aumbongui.com\/index.php?rest_route=%2Fwp%2Fv2%2Fcomments&post=4678"}],"wp:featuredmedia":[{"embeddable":true,"href":"https:\/\/aumbongui.com\/index.php?rest_route=\/wp\/v2\/media\/4700"}],"wp:attachment":[{"href":"https:\/\/aumbongui.com\/index.php?rest_route=%2Fwp%2Fv2%2Fmedia&parent=4678"}],"wp:term":[{"taxonomy":"product_brand","embeddable":true,"href":"https:\/\/aumbongui.com\/index.php?rest_route=%2Fwp%2Fv2%2Fproduct_brand&post=4678"},{"taxonomy":"product_cat","embeddable":true,"href":"https:\/\/aumbongui.com\/index.php?rest_route=%2Fwp%2Fv2%2Fproduct_cat&post=4678"},{"taxonomy":"product_tag","embeddable":true,"href":"https:\/\/aumbongui.com\/index.php?rest_route=%2Fwp%2Fv2%2Fproduct_tag&post=4678"}],"curies":[{"name":"wp","href":"https:\/\/api.w.org\/{rel}","templated":true}]}}