{"id":478,"date":"2021-05-27T19:56:47","date_gmt":"2021-05-27T17:56:47","guid":{"rendered":"https:\/\/aumbongui.com\/?post_type=product&#038;p=478"},"modified":"2025-05-29T15:28:44","modified_gmt":"2025-05-29T13:28:44","slug":"lamour-des-signes","status":"publish","type":"product","link":"https:\/\/aumbongui.com\/?product=lamour-des-signes","title":{"rendered":"L&rsquo;Amour des signes"},"content":{"rendered":"<div class=\"woocommerce-product-details__short-description\">\n<p><em>L\u2019Amour des signes<\/em> donne \u00e0 voir la plaie b\u00e9ante de l\u2019individualisme et notre mani\u00e8re de garder le silence face \u00e0 l\u2019horreur. Notre mani\u00e8re de rendre compte de la r\u00e9alit\u00e9 y est mise \u00e0 l\u2019\u00e9preuve. L\u2019ouvrage rend compte de notre syst\u00e8me de valeurs et souvent inverse notre point de vue, notre mani\u00e8re de \u00ab rendre rapport d\u2019\u00e9criture \u00bb, usant de la po\u00e9sie comme d\u2019une arme \u00e0 double tranchants.<br \/>\n\u00c0 contre courant, l\u2019intention ici n\u2019est pas de faire l\u2019apologie des signes mais de donner \u00e0 voir comment les signes nous engendrent, comment ils se manifestent en nous : humains, monstres, furieux, m\u00e9lancoliques, \u00e9go\u00efstes ou solidaires.<br \/>\nComment se manifestent les signes en nous et au travers des autres.<\/p>\n<p>&nbsp;<\/p>\n<\/div>\n","protected":false},"excerpt":{"rendered":"<p>Auteur : <strong>SADRAC CHARLES<br \/>\n<\/strong><\/p>\n<p>Collection Cara\u00efbes (HA\u00cfTI)<\/p>\n<p>\u00c9diteur : <strong>EDILIVRE<\/strong><\/p>\n","protected":false},"featured_media":898,"comment_status":"open","ping_status":"closed","template":"","meta":[],"product_brand":[],"product_cat":[76,81],"product_tag":[],"class_list":{"0":"post-478","1":"product","2":"type-product","3":"status-publish","4":"has-post-thumbnail","6":"product_cat-caraibes","7":"product_cat-jeunesse-caraibe","9":"first","10":"instock","11":"shipping-taxable","12":"purchasable","13":"product-type-simple"},"_links":{"self":[{"href":"https:\/\/aumbongui.com\/index.php?rest_route=\/wp\/v2\/product\/478","targetHints":{"allow":["GET"]}}],"collection":[{"href":"https:\/\/aumbongui.com\/index.php?rest_route=\/wp\/v2\/product"}],"about":[{"href":"https:\/\/aumbongui.com\/index.php?rest_route=\/wp\/v2\/types\/product"}],"replies":[{"embeddable":true,"href":"https:\/\/aumbongui.com\/index.php?rest_route=%2Fwp%2Fv2%2Fcomments&post=478"}],"wp:featuredmedia":[{"embeddable":true,"href":"https:\/\/aumbongui.com\/index.php?rest_route=\/wp\/v2\/media\/898"}],"wp:attachment":[{"href":"https:\/\/aumbongui.com\/index.php?rest_route=%2Fwp%2Fv2%2Fmedia&parent=478"}],"wp:term":[{"taxonomy":"product_brand","embeddable":true,"href":"https:\/\/aumbongui.com\/index.php?rest_route=%2Fwp%2Fv2%2Fproduct_brand&post=478"},{"taxonomy":"product_cat","embeddable":true,"href":"https:\/\/aumbongui.com\/index.php?rest_route=%2Fwp%2Fv2%2Fproduct_cat&post=478"},{"taxonomy":"product_tag","embeddable":true,"href":"https:\/\/aumbongui.com\/index.php?rest_route=%2Fwp%2Fv2%2Fproduct_tag&post=478"}],"curies":[{"name":"wp","href":"https:\/\/api.w.org\/{rel}","templated":true}]}}