{"id":4801,"date":"2025-03-19T17:47:37","date_gmt":"2025-03-19T16:47:37","guid":{"rendered":"https:\/\/aumbongui.com\/?post_type=product&#038;p=4801"},"modified":"2026-04-09T21:04:02","modified_gmt":"2026-04-09T19:04:02","slug":"soleils-invincibles","status":"publish","type":"product","link":"https:\/\/aumbongui.com\/?product=soleils-invincibles","title":{"rendered":"SOLEILS INVINCIBLES"},"content":{"rendered":"<p>Dramane, \u00e9tudiant ambitieux, voit sa vie boulevers\u00e9e lorsqu\u2019il est expuls\u00e9 de Cissane, pays de ses r\u00eaves. De retour \u00e0 Toumouranka, il doit affronter le pass\u00e9 qu\u2019il a fui. Sa m\u00e8re l\u2019attend patiemment sur le pas de la porte, tandis que le silence de son p\u00e8re et l\u2019absence myst\u00e9rieuse de ses soeurs p\u00e8sent comme un lourd secret. Dans un monde o\u00f9 l\u2019espoir se m\u00eale au d\u00e9sarroi, Dramane s\u2019engage dans une qu\u00eate acharn\u00e9e : retourner \u00e0 Cissane, co\u00fbte que co\u00fbte. Entre alliances inattendues et sacrifices d\u00e9chirants, il rejoint les rangs des \u00ab Candidats \u00bb, ces \u00e2mes en qu\u00eate d\u2019un avenir meilleur. Certains fuient leur terre natale, d\u2019autres r\u00eavent d\u2019y revenir, mais tous partagent le m\u00eame d\u00e9sir br\u00fblant de libert\u00e9.<\/p>\n<p><em>Avec une plume \u00e0 la fois incisive et pleine d\u2019humour, Cheikh Ahmadou Bamba Ndiaye nous entra\u00eene dans une aventure humaine palpitante, o\u00f9 chaque page r\u00e9sonne d\u2019\u00e9motions et de v\u00e9rit\u00e9s universelles. Soleils invincibles est une oeuvre magistrale qui captive le lecteur et le pousse \u00e0 r\u00e9fl\u00e9chir bien au-del\u00e0 de sa derni\u00e8re ligne.<\/em><\/p>\n","protected":false},"excerpt":{"rendered":"<p>&nbsp;<\/p>\n<p>Auteur : <strong>Cheikh Ahmadou Bamba NDIAYE<\/strong><\/p>\n<p>Editeur : <strong>PRESENCE AFRICAINE<\/strong><\/p>\n","protected":false},"featured_media":4803,"comment_status":"open","ping_status":"closed","template":"","meta":[],"product_brand":[],"product_cat":[75,91],"product_tag":[],"class_list":{"0":"post-4801","1":"product","2":"type-product","3":"status-publish","4":"has-post-thumbnail","6":"product_cat-kama-mon-afrique","7":"product_cat-litterature-generale-kama-mon-afrique","8":"product_shipping_class-standard","10":"first","11":"instock","12":"shipping-taxable","13":"purchasable","14":"product-type-simple"},"_links":{"self":[{"href":"https:\/\/aumbongui.com\/index.php?rest_route=\/wp\/v2\/product\/4801","targetHints":{"allow":["GET"]}}],"collection":[{"href":"https:\/\/aumbongui.com\/index.php?rest_route=\/wp\/v2\/product"}],"about":[{"href":"https:\/\/aumbongui.com\/index.php?rest_route=\/wp\/v2\/types\/product"}],"replies":[{"embeddable":true,"href":"https:\/\/aumbongui.com\/index.php?rest_route=%2Fwp%2Fv2%2Fcomments&post=4801"}],"wp:featuredmedia":[{"embeddable":true,"href":"https:\/\/aumbongui.com\/index.php?rest_route=\/wp\/v2\/media\/4803"}],"wp:attachment":[{"href":"https:\/\/aumbongui.com\/index.php?rest_route=%2Fwp%2Fv2%2Fmedia&parent=4801"}],"wp:term":[{"taxonomy":"product_brand","embeddable":true,"href":"https:\/\/aumbongui.com\/index.php?rest_route=%2Fwp%2Fv2%2Fproduct_brand&post=4801"},{"taxonomy":"product_cat","embeddable":true,"href":"https:\/\/aumbongui.com\/index.php?rest_route=%2Fwp%2Fv2%2Fproduct_cat&post=4801"},{"taxonomy":"product_tag","embeddable":true,"href":"https:\/\/aumbongui.com\/index.php?rest_route=%2Fwp%2Fv2%2Fproduct_tag&post=4801"}],"curies":[{"name":"wp","href":"https:\/\/api.w.org\/{rel}","templated":true}]}}