{"id":4810,"date":"2025-03-19T18:13:02","date_gmt":"2025-03-19T17:13:02","guid":{"rendered":"https:\/\/aumbongui.com\/?post_type=product&#038;p=4810"},"modified":"2025-03-19T18:13:26","modified_gmt":"2025-03-19T17:13:26","slug":"sur-la-route-du-lemba","status":"publish","type":"product","link":"https:\/\/aumbongui.com\/?product=sur-la-route-du-lemba","title":{"rendered":"SUR LA ROUTE DU LEMBA"},"content":{"rendered":"<p>Seyaa est un ma\u00eetre Nganga-mpungu dot\u00e9 d\u2019un savoir.Ses qualit\u00e9s de Nganga-nkisi vont l\u2019amener \u00e0 d\u00e9senvouter Papa Fondateur, le puissant magistrat d\u2019un pays voisin. L\u2019Immortel magistrat de chez lui, sollicitera \u00e9galement ses services. Une affaire qui se terminera tr\u00e8s mal.<br \/>\n<strong><em>Sur la route du lemba<\/em><\/strong>\u00a0est un texte \u00e9crit sur une triple temporalit\u00e9. C\u2019est \u00e0 travers Germination que le voile se l\u00e8ve sur une d\u00e9marche initiatique K\u00f4ngo. Seyaa, orphelin de m\u00e8re, et \u00e9l\u00e8ve chez le Nganga-mpungu du village, devient, apr\u00e8s de multiples \u00e9preuves, le d\u00e9positaire du savoir-faire ancestral.<br \/>\nDans cet espace-temps k\u00f4ngo, o\u00f9 vivants et morts se c\u00f4toient, Seyaa arpente les sinuosit\u00e9s du lemba, \u00e9tape par \u00e9tape. Il acquiert des Nkisi redoutables qui vont lui permettre de dompter la nature et les hommes.<\/p>\n<p>Gabriel KINSA, est originaire de Boko, au Sud de la R\u00e9publique du Congo. \u00c0 la fois com\u00e9dien et metteur en sc\u00e8ne de nombreux spectacles de contes, inspir\u00e9s de la culture Kongo, il est aussi reconnu comme l\u2019un des meilleurs conteurs francophones. Auteur de plusieurs albums de jeunesse et de CD de contes, il est aussi compositeur de musique de vari\u00e9t\u00e9.<\/p>\n","protected":false},"excerpt":{"rendered":"<p><strong>ROMAN<\/strong> &#8211; <strong>CONGO BRAZZAVILLE<\/strong><\/p>\n<p>Auteur : <strong>Gabriel KINSA<\/strong><\/p>\n<p>Editeur : <strong>PAARI \u00e9ditions<\/strong><\/p>\n","protected":false},"featured_media":4811,"comment_status":"open","ping_status":"closed","template":"","meta":[],"product_brand":[],"product_cat":[75,91],"product_tag":[],"class_list":{"0":"post-4810","1":"product","2":"type-product","3":"status-publish","4":"has-post-thumbnail","6":"product_cat-kama-mon-afrique","7":"product_cat-litterature-generale-kama-mon-afrique","8":"product_shipping_class-standard","10":"first","11":"instock","12":"shipping-taxable","13":"purchasable","14":"product-type-simple"},"_links":{"self":[{"href":"https:\/\/aumbongui.com\/index.php?rest_route=\/wp\/v2\/product\/4810","targetHints":{"allow":["GET"]}}],"collection":[{"href":"https:\/\/aumbongui.com\/index.php?rest_route=\/wp\/v2\/product"}],"about":[{"href":"https:\/\/aumbongui.com\/index.php?rest_route=\/wp\/v2\/types\/product"}],"replies":[{"embeddable":true,"href":"https:\/\/aumbongui.com\/index.php?rest_route=%2Fwp%2Fv2%2Fcomments&post=4810"}],"wp:featuredmedia":[{"embeddable":true,"href":"https:\/\/aumbongui.com\/index.php?rest_route=\/wp\/v2\/media\/4811"}],"wp:attachment":[{"href":"https:\/\/aumbongui.com\/index.php?rest_route=%2Fwp%2Fv2%2Fmedia&parent=4810"}],"wp:term":[{"taxonomy":"product_brand","embeddable":true,"href":"https:\/\/aumbongui.com\/index.php?rest_route=%2Fwp%2Fv2%2Fproduct_brand&post=4810"},{"taxonomy":"product_cat","embeddable":true,"href":"https:\/\/aumbongui.com\/index.php?rest_route=%2Fwp%2Fv2%2Fproduct_cat&post=4810"},{"taxonomy":"product_tag","embeddable":true,"href":"https:\/\/aumbongui.com\/index.php?rest_route=%2Fwp%2Fv2%2Fproduct_tag&post=4810"}],"curies":[{"name":"wp","href":"https:\/\/api.w.org\/{rel}","templated":true}]}}