{"id":4818,"date":"2025-03-19T18:24:45","date_gmt":"2025-03-19T17:24:45","guid":{"rendered":"https:\/\/aumbongui.com\/?post_type=product&#038;p=4818"},"modified":"2026-02-16T01:47:53","modified_gmt":"2026-02-16T00:47:53","slug":"les-bouts-de-bois-de-dieu","status":"publish","type":"product","link":"https:\/\/aumbongui.com\/?product=les-bouts-de-bois-de-dieu","title":{"rendered":"LES BOUTS DE BOIS DE DIEU"},"content":{"rendered":"<p>Le 10 octobre 1947, les 20 000 cheminots de la ligne Dakar-Bamako, qui s&rsquo;appellent entre eux les \u00a0\u00bb Bouts de bois de Dieu \u00ab\u00a0, se mettent en gr\u00e8ve. Apr\u00e8s cinq mois de conflit, ils parviennent \u00e0 faire plier la direction et obtiennent gain de cause. Cet affrontement tr\u00e8s dur marque un tournant profond dans les relations entre la population et l&rsquo;administration coloniale. Mais il repr\u00e9sente surtout une \u00e9preuve terrible pour les gr\u00e9vistes et leur famille.<br \/>\nD&rsquo;Ibrahima Bakayoko, le sage et charismatique leader du mouvement, \u00e0 Ramatoulaye, Mame Sofi et toutes les femmes de Dakar, chacun affronte la r\u00e9pression et la faim, les dissensions et les doutes pour faire, enfin, triompher la solidarit\u00e9&#8230;<\/p>\n<p>Semb\u00e8ne Ousmane est n\u00e9 en 1923 au S\u00e9n\u00e9gal. Ecrivain et cin\u00e9aste il est consid\u00e9r\u00e9 comme une personnalit\u00e9 majeure de l&rsquo;Afrique contemporaine.<br \/>\nEn 1947, il quitte Dakar pour Marseille, o\u00f9 il travaille comme docker. Il se syndique, rejoint le parti communiste et milite contre la guerre en Indochine et pour l&rsquo;ind\u00e9pendance de l&rsquo;Alg\u00e9rie. \u00c0 la biblioth\u00e8que du syndicat, il lit Richard Wright, John Dos Passos et Pablo Neruda. Son premier roman,\u00a0<span class=\"a-text-italic\">Le Docker noir<\/span>\u00a0(1956) s&rsquo;inspire de cette p\u00e9riode de sa vie. Auteur de romans \u00e9piques et sociaux tels que\u00a0<span class=\"a-text-italic\">\u00d4 pays, mon beau peuple<\/span>\u00a0(1957),\u00a0<span class=\"a-text-italic\">Les Bouts de bois de Dieu<\/span>\u00a0(1960) ou encore\u00a0<span class=\"a-text-italic\">Le Dernier de l&rsquo;Empire : roman s\u00e9n\u00e9galais<\/span>\u00a0(1981), Semb\u00e8ne Ousmane est \u00e9galement le chef de file du cin\u00e9ma africain.<br \/>\nAu d\u00e9but des ann\u00e9es 1960, apr\u00e8s avoir \u00e9tudi\u00e9 le cin\u00e9ma aux studios Gorki, \u00e0 Moscou, il tente de retrouver, par le r\u00e9cit visuel, l&rsquo;art des griots, et produit de nombreux films dont la plupart est adapt\u00e9e de ses nouvelles et romans.<br \/>\nSon premier long-m\u00e9trage,\u00a0<span class=\"a-text-italic\">La Noire de&#8230;<\/span>\u00a0(1966), inspir\u00e9 de la nouvelle du m\u00eame nom, parue dans le recueil\u00a0<span class=\"a-text-italic\">Volta\u00efque<\/span>\u00a0(Pr\u00e9sence africaine, 1961) est r\u00e9compens\u00e9 par le prix Jean Vigo.<br \/>\n<span class=\"a-text-italic\">Moolaad\u00e9<\/span>, sorti en 2005 en France a \u00e9t\u00e9 r\u00e9compens\u00e9 au Festival de Cannes 2004 par le prix Un certain regard.<br \/>\nSemb\u00e8ne Ousmane re\u00e7oit les insignes de la L\u00e9gion d&rsquo;honneur en 2006 avant de s&rsquo;\u00e9teindre en 2007.<\/p>\n","protected":false},"excerpt":{"rendered":"<p>Auteur : <strong>Ousmane SEMBENE<\/strong><\/p>\n<p>Editeur : <strong>POCKET<\/strong><\/p>\n","protected":false},"featured_media":4819,"comment_status":"open","ping_status":"closed","template":"","meta":[],"product_brand":[],"product_cat":[75,91],"product_tag":[],"class_list":{"0":"post-4818","1":"product","2":"type-product","3":"status-publish","4":"has-post-thumbnail","6":"product_cat-kama-mon-afrique","7":"product_cat-litterature-generale-kama-mon-afrique","8":"product_shipping_class-standard","10":"first","11":"instock","12":"shipping-taxable","13":"purchasable","14":"product-type-simple"},"_links":{"self":[{"href":"https:\/\/aumbongui.com\/index.php?rest_route=\/wp\/v2\/product\/4818","targetHints":{"allow":["GET"]}}],"collection":[{"href":"https:\/\/aumbongui.com\/index.php?rest_route=\/wp\/v2\/product"}],"about":[{"href":"https:\/\/aumbongui.com\/index.php?rest_route=\/wp\/v2\/types\/product"}],"replies":[{"embeddable":true,"href":"https:\/\/aumbongui.com\/index.php?rest_route=%2Fwp%2Fv2%2Fcomments&post=4818"}],"wp:featuredmedia":[{"embeddable":true,"href":"https:\/\/aumbongui.com\/index.php?rest_route=\/wp\/v2\/media\/4819"}],"wp:attachment":[{"href":"https:\/\/aumbongui.com\/index.php?rest_route=%2Fwp%2Fv2%2Fmedia&parent=4818"}],"wp:term":[{"taxonomy":"product_brand","embeddable":true,"href":"https:\/\/aumbongui.com\/index.php?rest_route=%2Fwp%2Fv2%2Fproduct_brand&post=4818"},{"taxonomy":"product_cat","embeddable":true,"href":"https:\/\/aumbongui.com\/index.php?rest_route=%2Fwp%2Fv2%2Fproduct_cat&post=4818"},{"taxonomy":"product_tag","embeddable":true,"href":"https:\/\/aumbongui.com\/index.php?rest_route=%2Fwp%2Fv2%2Fproduct_tag&post=4818"}],"curies":[{"name":"wp","href":"https:\/\/api.w.org\/{rel}","templated":true}]}}