{"id":4847,"date":"2025-04-08T18:32:08","date_gmt":"2025-04-08T16:32:08","guid":{"rendered":"https:\/\/aumbongui.com\/?post_type=product&#038;p=4847"},"modified":"2026-03-28T20:59:28","modified_gmt":"2026-03-28T19:59:28","slug":"a-tort-ou-a-raison","status":"publish","type":"product","link":"https:\/\/aumbongui.com\/?product=a-tort-ou-a-raison","title":{"rendered":"\u00c0 TORT OU \u00c0 RAISON"},"content":{"rendered":"<p>\u00ab\u00a0\u00c0 TORT OU \u00c0 RAISON\u00a0\u00bb est un recueil d&rsquo;histoires philosophiques d&rsquo;inspiration africaine, subversives, dr\u00f4les ou tragiques pour les grands et les petits&#8230; Une magnifique collaboration \u00e0 trois avec Samuel LAR\u00c8S, La\u00ebtitia MONNIER et Ioanna NIKOLIDAKI.<\/p>\n<p><em>La\u00ebtitia est originaire d&rsquo;Auvergne. Elle habite la r\u00e9gion montpellieraine o\u00f9 elle exerce le m\u00e9tier d&rsquo;\u00e9crivain publique, coach d&rsquo;\u00e9criture et biographe \u00e0 travers sa structure L&rsquo;\u00e9crit libre.<\/em><\/p>\n","protected":false},"excerpt":{"rendered":"<p>CONTES PHILOSOPHIQUES D&rsquo;INSPIRATION AFRICAINE<\/p>\n<p>Auteur.e.s : <strong>Samuel LARES, La\u00ebtitia MONNIER, Ioanna NIKOLIDAKI<\/strong><\/p>\n<p>\u00e9diteur : <strong>AUTO EDITION<\/strong><\/p>\n","protected":false},"featured_media":4848,"comment_status":"open","ping_status":"closed","template":"","meta":[],"product_brand":[],"product_cat":[102,153],"product_tag":[],"class_list":{"0":"post-4847","1":"product","2":"type-product","3":"status-publish","4":"has-post-thumbnail","6":"product_cat-constellations","7":"product_cat-contes","8":"product_shipping_class-standard","10":"first","11":"instock","12":"shipping-taxable","13":"purchasable","14":"product-type-simple"},"_links":{"self":[{"href":"https:\/\/aumbongui.com\/index.php?rest_route=\/wp\/v2\/product\/4847","targetHints":{"allow":["GET"]}}],"collection":[{"href":"https:\/\/aumbongui.com\/index.php?rest_route=\/wp\/v2\/product"}],"about":[{"href":"https:\/\/aumbongui.com\/index.php?rest_route=\/wp\/v2\/types\/product"}],"replies":[{"embeddable":true,"href":"https:\/\/aumbongui.com\/index.php?rest_route=%2Fwp%2Fv2%2Fcomments&post=4847"}],"wp:featuredmedia":[{"embeddable":true,"href":"https:\/\/aumbongui.com\/index.php?rest_route=\/wp\/v2\/media\/4848"}],"wp:attachment":[{"href":"https:\/\/aumbongui.com\/index.php?rest_route=%2Fwp%2Fv2%2Fmedia&parent=4847"}],"wp:term":[{"taxonomy":"product_brand","embeddable":true,"href":"https:\/\/aumbongui.com\/index.php?rest_route=%2Fwp%2Fv2%2Fproduct_brand&post=4847"},{"taxonomy":"product_cat","embeddable":true,"href":"https:\/\/aumbongui.com\/index.php?rest_route=%2Fwp%2Fv2%2Fproduct_cat&post=4847"},{"taxonomy":"product_tag","embeddable":true,"href":"https:\/\/aumbongui.com\/index.php?rest_route=%2Fwp%2Fv2%2Fproduct_tag&post=4847"}],"curies":[{"name":"wp","href":"https:\/\/api.w.org\/{rel}","templated":true}]}}