{"id":514,"date":"2021-07-12T13:07:12","date_gmt":"2021-07-12T11:07:12","guid":{"rendered":"https:\/\/aumbongui.com\/produit\/hoodie-with-logo\/"},"modified":"2025-06-02T04:23:21","modified_gmt":"2025-06-02T02:23:21","slug":"hoodie-with-logo","status":"publish","type":"product","link":"https:\/\/aumbongui.com\/?product=hoodie-with-logo","title":{"rendered":"TOTEM vol.1"},"content":{"rendered":"<p>L&rsquo;histoire s&rsquo;inspire de l&rsquo;Afrique a<span class=\"Y2IQFc\" lang=\"fr\">u XIIIe si\u00e8cle, bien avant la traite transatlantique des esclaves. Akam, un jeune gar\u00e7on albinos, d\u00e9couvre \u00e0 travers une s\u00e9rie d&rsquo;\u00e9v\u00e9nements dramatiques qu&rsquo;il n&rsquo;est pas celui qu&rsquo;il pensait \u00eatre.<\/span><\/p>\n","protected":false},"excerpt":{"rendered":"<p>Auteur : <strong>Agogho Franklin<\/strong><\/p>\n<p>Illustrateur : <strong>E.N. EJOB<\/strong><\/p>\n<p>\u00c9diteur : \u00e9ditions Akoma Mba (CAMEROUN)<\/p>\n","protected":false},"featured_media":798,"comment_status":"open","ping_status":"closed","template":"","meta":[],"product_brand":[],"product_cat":[85,75],"product_tag":[],"class_list":{"0":"post-514","1":"product","2":"type-product","3":"status-publish","4":"has-post-thumbnail","6":"product_cat-bd-kama-mon-afrique","7":"product_cat-kama-mon-afrique","9":"first","10":"instock","11":"shipping-taxable","12":"purchasable","13":"product-type-simple"},"_links":{"self":[{"href":"https:\/\/aumbongui.com\/index.php?rest_route=\/wp\/v2\/product\/514","targetHints":{"allow":["GET"]}}],"collection":[{"href":"https:\/\/aumbongui.com\/index.php?rest_route=\/wp\/v2\/product"}],"about":[{"href":"https:\/\/aumbongui.com\/index.php?rest_route=\/wp\/v2\/types\/product"}],"replies":[{"embeddable":true,"href":"https:\/\/aumbongui.com\/index.php?rest_route=%2Fwp%2Fv2%2Fcomments&post=514"}],"wp:featuredmedia":[{"embeddable":true,"href":"https:\/\/aumbongui.com\/index.php?rest_route=\/wp\/v2\/media\/798"}],"wp:attachment":[{"href":"https:\/\/aumbongui.com\/index.php?rest_route=%2Fwp%2Fv2%2Fmedia&parent=514"}],"wp:term":[{"taxonomy":"product_brand","embeddable":true,"href":"https:\/\/aumbongui.com\/index.php?rest_route=%2Fwp%2Fv2%2Fproduct_brand&post=514"},{"taxonomy":"product_cat","embeddable":true,"href":"https:\/\/aumbongui.com\/index.php?rest_route=%2Fwp%2Fv2%2Fproduct_cat&post=514"},{"taxonomy":"product_tag","embeddable":true,"href":"https:\/\/aumbongui.com\/index.php?rest_route=%2Fwp%2Fv2%2Fproduct_tag&post=514"}],"curies":[{"name":"wp","href":"https:\/\/api.w.org\/{rel}","templated":true}]}}