{"id":517,"date":"2021-07-12T14:01:05","date_gmt":"2021-07-12T12:01:05","guid":{"rendered":"https:\/\/aumbongui.com\/?post_type=product&#038;p=517"},"modified":"2025-05-29T15:42:12","modified_gmt":"2025-05-29T13:42:12","slug":"tumbu-vol-1","status":"publish","type":"product","link":"https:\/\/aumbongui.com\/?product=tumbu-vol-1","title":{"rendered":"TUMBU Vol.1"},"content":{"rendered":"<div class=\"woocommerce-product-details__short-description\">\n<p>Un v\u00e9ritable anti stress avec des personnages comiques.<\/p>\n<p>Tumbu, le personnage principal, est une caricature repr\u00e9sentant une certaine cat\u00e9gorie de personnes opprim\u00e9es. Il est ce tableau sur lequel est peint, de mani\u00e8re exag\u00e9r\u00e9e, les maux de la soci\u00e9t\u00e9. Les couleurs de ce tableau sont si vives qu\u2019il est difficile de les ignorer.<\/p>\n<p>L\u2019histoire en elle-m\u00eame est une satire de notre quotidien. Elle propose, subtilement, un mod\u00e8le \u00e0 suivre.<\/p>\n<\/div>\n","protected":false},"excerpt":{"rendered":"<p>Auteur : <strong>Jude F. Achiageonzoh<br \/>\n<\/strong><\/p>\n<p>Illustrateur : <strong>E.N. EJOB<\/strong><\/p>\n<p>\u00c9diteur : Akoma Mba (CAMEROUN)<\/p>\n","protected":false},"featured_media":889,"comment_status":"open","ping_status":"closed","template":"","meta":[],"product_brand":[],"product_cat":[85,75],"product_tag":[],"class_list":{"0":"post-517","1":"product","2":"type-product","3":"status-publish","4":"has-post-thumbnail","6":"product_cat-bd-kama-mon-afrique","7":"product_cat-kama-mon-afrique","9":"first","10":"instock","11":"shipping-taxable","12":"purchasable","13":"product-type-simple"},"_links":{"self":[{"href":"https:\/\/aumbongui.com\/index.php?rest_route=\/wp\/v2\/product\/517","targetHints":{"allow":["GET"]}}],"collection":[{"href":"https:\/\/aumbongui.com\/index.php?rest_route=\/wp\/v2\/product"}],"about":[{"href":"https:\/\/aumbongui.com\/index.php?rest_route=\/wp\/v2\/types\/product"}],"replies":[{"embeddable":true,"href":"https:\/\/aumbongui.com\/index.php?rest_route=%2Fwp%2Fv2%2Fcomments&post=517"}],"wp:featuredmedia":[{"embeddable":true,"href":"https:\/\/aumbongui.com\/index.php?rest_route=\/wp\/v2\/media\/889"}],"wp:attachment":[{"href":"https:\/\/aumbongui.com\/index.php?rest_route=%2Fwp%2Fv2%2Fmedia&parent=517"}],"wp:term":[{"taxonomy":"product_brand","embeddable":true,"href":"https:\/\/aumbongui.com\/index.php?rest_route=%2Fwp%2Fv2%2Fproduct_brand&post=517"},{"taxonomy":"product_cat","embeddable":true,"href":"https:\/\/aumbongui.com\/index.php?rest_route=%2Fwp%2Fv2%2Fproduct_cat&post=517"},{"taxonomy":"product_tag","embeddable":true,"href":"https:\/\/aumbongui.com\/index.php?rest_route=%2Fwp%2Fv2%2Fproduct_tag&post=517"}],"curies":[{"name":"wp","href":"https:\/\/api.w.org\/{rel}","templated":true}]}}