{"id":532,"date":"2021-07-12T16:23:03","date_gmt":"2021-07-12T14:23:03","guid":{"rendered":"https:\/\/aumbongui.com\/?post_type=product&#038;p=532"},"modified":"2025-06-06T16:54:55","modified_gmt":"2025-06-06T14:54:55","slug":"fuzz-boy-vol-2","status":"publish","type":"product","link":"https:\/\/aumbongui.com\/?product=fuzz-boy-vol-2","title":{"rendered":"FUZZ BOY Vol.2"},"content":{"rendered":"<div class=\"woocommerce-product-details__short-description\">\n<p>Quincy Gane est n\u00e9 \u00e0 Paris, le 28 septembre 1988. Il grandit en Guadeloupe. Enfant, il aime regarder des dessins anim\u00e9s, faire de la musique, lire des livres et plus que tout, dessiner. A dix-huit ans, il part\u00a0 au Canada faire des \u00e9tudes d\u2019arts plastiques et d\u2019infographie. Il d\u00e9croche un dipl\u00f4me en graphisme et en illustration au Coll\u00e8ge Salette. De retour en France, notamment \u00e0 Montpellier, il int\u00e8gre l\u2019IPESAA, \u00e9cole d\u2019arts appliqu\u00e9s o\u00f9 il sort dipl\u00f4m\u00e9 en 2013. Il signe alors son premier contrat avec les \u00e9ditions Jasor. S\u2019en suivront de nombreux autres partenariats.<\/p>\n<p>Ce deuxi\u00e8me volume de FUZZ BOY a \u00e9t\u00e9 publi\u00e9 en 2019.<\/p>\n<\/div>\n","protected":false},"excerpt":{"rendered":"<div class=\"woocommerce-product-details__short-description\">\n<p>A partir de 12 ans<\/p>\n<p>Auteur : <strong>QUINCY GANE<br \/>\n<\/strong><\/p>\n<p>Illustrateur : <strong>QUINCY GANE<\/strong><\/p>\n<p>&nbsp;<\/p>\n<\/div>\n","protected":false},"featured_media":807,"comment_status":"open","ping_status":"closed","template":"","meta":[],"product_brand":[],"product_cat":[74,76],"product_tag":[],"class_list":{"0":"post-532","1":"product","2":"type-product","3":"status-publish","4":"has-post-thumbnail","6":"product_cat-bd-caraibes","7":"product_cat-caraibes","8":"product_shipping_class-standard","10":"first","11":"instock","12":"shipping-taxable","13":"purchasable","14":"product-type-simple"},"_links":{"self":[{"href":"https:\/\/aumbongui.com\/index.php?rest_route=\/wp\/v2\/product\/532","targetHints":{"allow":["GET"]}}],"collection":[{"href":"https:\/\/aumbongui.com\/index.php?rest_route=\/wp\/v2\/product"}],"about":[{"href":"https:\/\/aumbongui.com\/index.php?rest_route=\/wp\/v2\/types\/product"}],"replies":[{"embeddable":true,"href":"https:\/\/aumbongui.com\/index.php?rest_route=%2Fwp%2Fv2%2Fcomments&post=532"}],"wp:featuredmedia":[{"embeddable":true,"href":"https:\/\/aumbongui.com\/index.php?rest_route=\/wp\/v2\/media\/807"}],"wp:attachment":[{"href":"https:\/\/aumbongui.com\/index.php?rest_route=%2Fwp%2Fv2%2Fmedia&parent=532"}],"wp:term":[{"taxonomy":"product_brand","embeddable":true,"href":"https:\/\/aumbongui.com\/index.php?rest_route=%2Fwp%2Fv2%2Fproduct_brand&post=532"},{"taxonomy":"product_cat","embeddable":true,"href":"https:\/\/aumbongui.com\/index.php?rest_route=%2Fwp%2Fv2%2Fproduct_cat&post=532"},{"taxonomy":"product_tag","embeddable":true,"href":"https:\/\/aumbongui.com\/index.php?rest_route=%2Fwp%2Fv2%2Fproduct_tag&post=532"}],"curies":[{"name":"wp","href":"https:\/\/api.w.org\/{rel}","templated":true}]}}