{"id":534,"date":"2021-07-12T16:40:40","date_gmt":"2021-07-12T14:40:40","guid":{"rendered":"https:\/\/aumbongui.com\/?post_type=product&#038;p=534"},"modified":"2025-06-01T18:53:15","modified_gmt":"2025-06-01T16:53:15","slug":"isaac-geraldine-vol-1-rock-n-roll-et-champignons","status":"publish","type":"product","link":"https:\/\/aumbongui.com\/?product=isaac-geraldine-vol-1-rock-n-roll-et-champignons","title":{"rendered":"ISAAC &#038; GERALDINE  Vol.1"},"content":{"rendered":"<p>C&rsquo;est l&rsquo;histoire d&rsquo;une jeune fille G\u00e9raldine accompagn\u00e9e de son ami andro\u00efde Isaac. Les deux \u00e9voluent dans un univers loufoque, chacun avec un trait de caract\u00e8re bien marqu\u00e9.<\/p>\n<p>L&rsquo;auteur Quincy Gane est n\u00e9 \u00e0 Paris, le 28 septembre 1988. Il grandit en Guadeloupe. Enfant, il aime regarder des dessins anim\u00e9s, faire de la musique, lire des livres et plus que tout, dessiner. A dix-huit ans, il part au Canada faire des \u00e9tudes d\u2019arts plastiques et d\u2019infographie. Il d\u00e9croche un dipl\u00f4me en graphisme et en illustration au Coll\u00e8ge Salette. De retour en France, notamment \u00e0 Montpellier, il int\u00e8gre l\u2019IPESAA, \u00e9cole d\u2019arts appliqu\u00e9s o\u00f9 il sort dipl\u00f4m\u00e9 en 2013. Il signe alors son premier contrat avec les \u00e9ditions Jasor. S\u2019en suivront de nombreux autres partenariats.<\/p>\n","protected":false},"excerpt":{"rendered":"<div class=\"woocommerce-product-details__short-description\">\n<p>A partir de 12 ans<\/p>\n<p>Auteur : <strong>QUINCY GANE<br \/>\n<\/strong><\/p>\n<p>Illustrateur : <strong>QUINCY GANE<\/strong><\/p>\n<\/div>\n","protected":false},"featured_media":894,"comment_status":"open","ping_status":"closed","template":"","meta":[],"product_brand":[],"product_cat":[74,76],"product_tag":[],"class_list":{"0":"post-534","1":"product","2":"type-product","3":"status-publish","4":"has-post-thumbnail","6":"product_cat-bd-caraibes","7":"product_cat-caraibes","8":"product_shipping_class-standard","10":"first","11":"instock","12":"shipping-taxable","13":"purchasable","14":"product-type-simple"},"_links":{"self":[{"href":"https:\/\/aumbongui.com\/index.php?rest_route=\/wp\/v2\/product\/534","targetHints":{"allow":["GET"]}}],"collection":[{"href":"https:\/\/aumbongui.com\/index.php?rest_route=\/wp\/v2\/product"}],"about":[{"href":"https:\/\/aumbongui.com\/index.php?rest_route=\/wp\/v2\/types\/product"}],"replies":[{"embeddable":true,"href":"https:\/\/aumbongui.com\/index.php?rest_route=%2Fwp%2Fv2%2Fcomments&post=534"}],"wp:featuredmedia":[{"embeddable":true,"href":"https:\/\/aumbongui.com\/index.php?rest_route=\/wp\/v2\/media\/894"}],"wp:attachment":[{"href":"https:\/\/aumbongui.com\/index.php?rest_route=%2Fwp%2Fv2%2Fmedia&parent=534"}],"wp:term":[{"taxonomy":"product_brand","embeddable":true,"href":"https:\/\/aumbongui.com\/index.php?rest_route=%2Fwp%2Fv2%2Fproduct_brand&post=534"},{"taxonomy":"product_cat","embeddable":true,"href":"https:\/\/aumbongui.com\/index.php?rest_route=%2Fwp%2Fv2%2Fproduct_cat&post=534"},{"taxonomy":"product_tag","embeddable":true,"href":"https:\/\/aumbongui.com\/index.php?rest_route=%2Fwp%2Fv2%2Fproduct_tag&post=534"}],"curies":[{"name":"wp","href":"https:\/\/api.w.org\/{rel}","templated":true}]}}