{"id":537,"date":"2021-07-12T17:07:53","date_gmt":"2021-07-12T15:07:53","guid":{"rendered":"https:\/\/aumbongui.com\/?post_type=product&#038;p=537"},"modified":"2025-06-05T10:49:07","modified_gmt":"2025-06-05T08:49:07","slug":"ines","status":"publish","type":"product","link":"https:\/\/aumbongui.com\/?product=ines","title":{"rendered":"INES Vol. 1"},"content":{"rendered":"<div class=\"column\">\n<p>C\u2019est la d\u00e9couverte de deux personnages touchants. Ginette, la jeune fille ronde introvertie et peu s\u00fbre d\u2019elle et Sidonie la jeune fille ronde, youtubeuse et experte en coiffure afro.<\/p>\n<p>Ces deux jeunes filles sont s\u0153urs mais Ginette l\u2019ignore car leur m\u00e8re, In\u00e8s, la r\u00e9f\u00e9rence internationale en soin capillaire europ\u00e9en s\u2019est bien gard\u00e9e de le lui dire\u2026<\/p>\n<\/div>\n<p>Quincy Gane signe ici une jolie collaboration avec la romanci\u00e8re Clothilde Jean Baptiste.<\/p>\n","protected":false},"excerpt":{"rendered":"<p>Sc\u00e9nario : <strong>CLOTHILDE\u00a0 JEAN-BAPTISTE<br \/>\n<\/strong><\/p>\n<p>Illustrateur : <strong>QUINCY\u00a0 GANE<\/strong><\/p>\n<p>Editeur : <strong>AU MBONGUI<\/strong><\/p>\n","protected":false},"featured_media":808,"comment_status":"open","ping_status":"closed","template":"","meta":[],"product_brand":[],"product_cat":[74,76],"product_tag":[],"class_list":{"0":"post-537","1":"product","2":"type-product","3":"status-publish","4":"has-post-thumbnail","6":"product_cat-bd-caraibes","7":"product_cat-caraibes","8":"product_shipping_class-standard","10":"first","11":"instock","12":"shipping-taxable","13":"purchasable","14":"product-type-simple"},"_links":{"self":[{"href":"https:\/\/aumbongui.com\/index.php?rest_route=\/wp\/v2\/product\/537","targetHints":{"allow":["GET"]}}],"collection":[{"href":"https:\/\/aumbongui.com\/index.php?rest_route=\/wp\/v2\/product"}],"about":[{"href":"https:\/\/aumbongui.com\/index.php?rest_route=\/wp\/v2\/types\/product"}],"replies":[{"embeddable":true,"href":"https:\/\/aumbongui.com\/index.php?rest_route=%2Fwp%2Fv2%2Fcomments&post=537"}],"wp:featuredmedia":[{"embeddable":true,"href":"https:\/\/aumbongui.com\/index.php?rest_route=\/wp\/v2\/media\/808"}],"wp:attachment":[{"href":"https:\/\/aumbongui.com\/index.php?rest_route=%2Fwp%2Fv2%2Fmedia&parent=537"}],"wp:term":[{"taxonomy":"product_brand","embeddable":true,"href":"https:\/\/aumbongui.com\/index.php?rest_route=%2Fwp%2Fv2%2Fproduct_brand&post=537"},{"taxonomy":"product_cat","embeddable":true,"href":"https:\/\/aumbongui.com\/index.php?rest_route=%2Fwp%2Fv2%2Fproduct_cat&post=537"},{"taxonomy":"product_tag","embeddable":true,"href":"https:\/\/aumbongui.com\/index.php?rest_route=%2Fwp%2Fv2%2Fproduct_tag&post=537"}],"curies":[{"name":"wp","href":"https:\/\/api.w.org\/{rel}","templated":true}]}}