{"id":540,"date":"2021-07-12T17:27:24","date_gmt":"2021-07-12T15:27:24","guid":{"rendered":"https:\/\/aumbongui.com\/?post_type=product&#038;p=540"},"modified":"2021-08-15T19:43:02","modified_gmt":"2021-08-15T17:43:02","slug":"apocalypse","status":"publish","type":"product","link":"https:\/\/aumbongui.com\/?product=apocalypse","title":{"rendered":"APOCALYPSE"},"content":{"rendered":"<p align=\"JUSTIFY\"><span lang=\"haw-US\">\u00a0Quinze auteurs se partagent le recueil Apocalypse : <\/span><strong><span lang=\"haw-US\">Guillaume Lopez, Antoine Valentin, Miranda Larrosa, Claire-Sol\u00e8ne Constant, Sonia Jim\u00e9nez-Zurdo, KeoT, Vincent Ferrique, L\u00e9on Bertal, Pablo Behague, Matthieu Clerjaud, Marc S\u00e9faris, Tran Antoine Quoc Vinh, L. Azarii, <\/span><span lang=\"haw-US\">Goliathus et Lucile Peyrese<\/span><\/strong><span lang=\"haw-US\">. Approchez-vous un peu plus pr\u00e8s de leurs univers tortur\u00e9s<\/span>&#8230;<\/p>\n<p align=\"JUSTIFY\">\u00ab\u00a0Derri\u00e8re chaque rayon de lumi\u00e8re, derri\u00e8re le voile tranquille de l&rsquo;existence, se cache une imperceptible et effroyable r\u00e9alit\u00e9.\u00a0\u00bb<\/p>\n<p align=\"JUSTIFY\">\u00ab\u00a0Cette fois, l\u2019humanit\u00e9 ne pouvait pas se contenter de pleurer un coup, de r\u00e9parer les d\u00e9g\u00e2ts et de passer \u00e0 autre chose. Cette fois, c\u2019\u00e9tait vraiment la fin du monde.\u00a0\u00bb<\/p>\n<p lang=\"fr-FR\" align=\"JUSTIFY\">\u00ab\u00a0A ma grande horreur, un profond grondement r\u00e9sonna \u00e0 quelques m\u00e8tres seulement de moi.\u00a0\u00bb<\/p>\n<p align=\"JUSTIFY\">\u00ab\u00a0J\u2019avoue qu\u2019\u00e0 cet instant seulement je pris pleinement conscience de la d\u00e9mence pure&#8230;\u00a0\u00bb<\/p>\n<p align=\"JUSTIFY\">\u00ab\u00a0Les corps sans vie des villageois tra\u00eenaient sur le sol en terre battue.\u00a0\u00bb<\/p>\n<p align=\"JUSTIFY\">\u00ab\u00a0Je comprends que toute cette aventure n\u2019aura servi qu\u2019\u00e0 une chose, \u00e0 contempler l\u2019apparition d\u2019une vie, ma vie minuscule et singuli\u00e8re, avec la connaissance intime de la mort.\u00a0\u00bb<\/p>\n<p align=\"JUSTIFY\">\u00ab\u00a0Et ce fut comme une immense veill\u00e9e fun\u00e8bre. Malgr\u00e9 les pri\u00e8res, il n\u2019y eut aucune lumi\u00e8re pour venir signifier ici ou l\u00e0 la pr\u00e9sence de survivants.\u00a0\u00bb<\/p>\n","protected":false},"excerpt":{"rendered":"<p><span lang=\"haw-US\"><strong>RECUEIL DE NOUVELLES<\/strong><\/span><\/p>\n<p>Collection CONSTELLATIONS<\/p>\n<p>Genre fantastique<\/p>\n<p>\u00c9diteur : <strong>EDITIONS DES TOURMENTS<\/strong> <strong>(Janvier 2021)<\/strong><\/p>\n","protected":false},"featured_media":841,"comment_status":"open","ping_status":"closed","template":"","meta":[],"product_brand":[],"product_cat":[102,105],"product_tag":[],"class_list":{"0":"post-540","1":"product","2":"type-product","3":"status-publish","4":"has-post-thumbnail","6":"product_cat-constellations","7":"product_cat-fantastique-litterature-rare","8":"product_shipping_class-standard","10":"first","11":"instock","12":"shipping-taxable","13":"purchasable","14":"product-type-simple"},"_links":{"self":[{"href":"https:\/\/aumbongui.com\/index.php?rest_route=\/wp\/v2\/product\/540","targetHints":{"allow":["GET"]}}],"collection":[{"href":"https:\/\/aumbongui.com\/index.php?rest_route=\/wp\/v2\/product"}],"about":[{"href":"https:\/\/aumbongui.com\/index.php?rest_route=\/wp\/v2\/types\/product"}],"replies":[{"embeddable":true,"href":"https:\/\/aumbongui.com\/index.php?rest_route=%2Fwp%2Fv2%2Fcomments&post=540"}],"wp:featuredmedia":[{"embeddable":true,"href":"https:\/\/aumbongui.com\/index.php?rest_route=\/wp\/v2\/media\/841"}],"wp:attachment":[{"href":"https:\/\/aumbongui.com\/index.php?rest_route=%2Fwp%2Fv2%2Fmedia&parent=540"}],"wp:term":[{"taxonomy":"product_brand","embeddable":true,"href":"https:\/\/aumbongui.com\/index.php?rest_route=%2Fwp%2Fv2%2Fproduct_brand&post=540"},{"taxonomy":"product_cat","embeddable":true,"href":"https:\/\/aumbongui.com\/index.php?rest_route=%2Fwp%2Fv2%2Fproduct_cat&post=540"},{"taxonomy":"product_tag","embeddable":true,"href":"https:\/\/aumbongui.com\/index.php?rest_route=%2Fwp%2Fv2%2Fproduct_tag&post=540"}],"curies":[{"name":"wp","href":"https:\/\/api.w.org\/{rel}","templated":true}]}}