{"id":543,"date":"2021-07-12T17:45:53","date_gmt":"2021-07-12T15:45:53","guid":{"rendered":"https:\/\/aumbongui.com\/?post_type=product&#038;p=543"},"modified":"2025-05-30T04:46:47","modified_gmt":"2025-05-30T02:46:47","slug":"caty-vol-1-ca-va-chauffer","status":"publish","type":"product","link":"https:\/\/aumbongui.com\/?product=caty-vol-1-ca-va-chauffer","title":{"rendered":"CATY  Vol. 1  \u00c7a va chauffer"},"content":{"rendered":"<p>T\u00e9moin d\u2019un meurtre, Bobo, un jeune basketteur apeur\u00e9 va tr\u00e8s vite \u00eatre rattrap\u00e9 puis retenu en otage par Essono, un terroriste psychopathe notoire qui lui promet de l\u2019amener avec lui aux \u00ab\u00a0<em>states<\/em>\u00a0\u00bb\u00a0pour le faire jouer au sein des Chicago Bulls\u2026 L\u2019agent sp\u00e9cial Jacky Wabo de la <strong>C<\/strong>ellule <strong>A<\/strong>nti-<strong>T<\/strong>erroriste de <strong>Y<\/strong>aound\u00e9 est charg\u00e9e d\u2019appr\u00e9hender Essono et \u00e9ventuellement de sauver Bobo, si toutefois il est encore en vie\u2026<\/p>\n","protected":false},"excerpt":{"rendered":"<div class=\"woocommerce-product-details__short-description\">\n<p>Auteur : <strong>Georges Pondy<\/strong><\/p>\n<p>\u00c9diteur : \u00e9ditions Akoma Mba (CAMEROUN)<\/p>\n<\/div>\n","protected":false},"featured_media":797,"comment_status":"open","ping_status":"closed","template":"","meta":[],"product_brand":[],"product_cat":[85,75],"product_tag":[],"class_list":{"0":"post-543","1":"product","2":"type-product","3":"status-publish","4":"has-post-thumbnail","6":"product_cat-bd-kama-mon-afrique","7":"product_cat-kama-mon-afrique","9":"first","10":"instock","11":"shipping-taxable","12":"purchasable","13":"product-type-simple"},"_links":{"self":[{"href":"https:\/\/aumbongui.com\/index.php?rest_route=\/wp\/v2\/product\/543","targetHints":{"allow":["GET"]}}],"collection":[{"href":"https:\/\/aumbongui.com\/index.php?rest_route=\/wp\/v2\/product"}],"about":[{"href":"https:\/\/aumbongui.com\/index.php?rest_route=\/wp\/v2\/types\/product"}],"replies":[{"embeddable":true,"href":"https:\/\/aumbongui.com\/index.php?rest_route=%2Fwp%2Fv2%2Fcomments&post=543"}],"wp:featuredmedia":[{"embeddable":true,"href":"https:\/\/aumbongui.com\/index.php?rest_route=\/wp\/v2\/media\/797"}],"wp:attachment":[{"href":"https:\/\/aumbongui.com\/index.php?rest_route=%2Fwp%2Fv2%2Fmedia&parent=543"}],"wp:term":[{"taxonomy":"product_brand","embeddable":true,"href":"https:\/\/aumbongui.com\/index.php?rest_route=%2Fwp%2Fv2%2Fproduct_brand&post=543"},{"taxonomy":"product_cat","embeddable":true,"href":"https:\/\/aumbongui.com\/index.php?rest_route=%2Fwp%2Fv2%2Fproduct_cat&post=543"},{"taxonomy":"product_tag","embeddable":true,"href":"https:\/\/aumbongui.com\/index.php?rest_route=%2Fwp%2Fv2%2Fproduct_tag&post=543"}],"curies":[{"name":"wp","href":"https:\/\/api.w.org\/{rel}","templated":true}]}}