{"id":687,"date":"2021-08-03T00:22:45","date_gmt":"2021-08-02T22:22:45","guid":{"rendered":"https:\/\/aumbongui.catalog.ovh\/?post_type=product&#038;p=687"},"modified":"2025-07-25T19:07:00","modified_gmt":"2025-07-25T17:07:00","slug":"kwezi-vol-1-francais","status":"publish","type":"product","link":"https:\/\/aumbongui.com\/?product=kwezi-vol-1-francais","title":{"rendered":"KWEZI Vol.1 (Fran\u00e7ais)"},"content":{"rendered":"<p>Kwezi signifie \u00ab\u00e9toile\u00bb en xhosa et en zoulou. Un nom qui convient tout \u00e0 fait \u00e0 un jeune de 19 ans qui d\u00e9couvre qu&rsquo;il est dot\u00e9 de super pouvoirs. Des d\u00e9buts chaotiques pour le h\u00e9ros qui est d&rsquo;abord un personnage controvers\u00e9, partag\u00e9 entre les tentations d&rsquo;une vie facile et la r\u00e9alit\u00e9 complexe des rues de la grouillante m\u00e9tropole GOLD CITY (Johannesburg?) &#8230;<\/p>\n<p>Les auteurs de la BD\u00a0 sont deux artistes sud africains. Mohale Mashigo est n\u00e9e \u00e0 Mapetla, dans l&rsquo;\u00c9tat de Soweto, en 1983. C&rsquo;est une conteuse multidisciplinaire qui aime explorer l&rsquo;inconnu. N\u00e9 en 1987, Loyiso Mkize est artiste-peintre, dessinateur. Il est aussi fondateur de sa propre entreprise d&rsquo;arts visuels et de communication, Loyiso Mkize Art (Pty) Ltd.<\/p>\n<p>&nbsp;<\/p>\n","protected":false},"excerpt":{"rendered":"<p>Sc\u00e9nario : <strong>Mashigo, Mohale<\/strong><\/p>\n<p>Illustration : <strong>Mkize, Loyiso<\/strong><\/p>\n<p>Editeur : David Philip publishers<\/p>\n<p>AFRIQUE DU SUD (Comics)<\/p>\n","protected":false},"featured_media":794,"comment_status":"open","ping_status":"closed","template":"","meta":[],"product_brand":[],"product_cat":[85,75],"product_tag":[],"class_list":{"0":"post-687","1":"product","2":"type-product","3":"status-publish","4":"has-post-thumbnail","6":"product_cat-bd-kama-mon-afrique","7":"product_cat-kama-mon-afrique","8":"product_shipping_class-standard","10":"first","11":"instock","12":"shipping-taxable","13":"purchasable","14":"product-type-simple"},"_links":{"self":[{"href":"https:\/\/aumbongui.com\/index.php?rest_route=\/wp\/v2\/product\/687","targetHints":{"allow":["GET"]}}],"collection":[{"href":"https:\/\/aumbongui.com\/index.php?rest_route=\/wp\/v2\/product"}],"about":[{"href":"https:\/\/aumbongui.com\/index.php?rest_route=\/wp\/v2\/types\/product"}],"replies":[{"embeddable":true,"href":"https:\/\/aumbongui.com\/index.php?rest_route=%2Fwp%2Fv2%2Fcomments&post=687"}],"wp:featuredmedia":[{"embeddable":true,"href":"https:\/\/aumbongui.com\/index.php?rest_route=\/wp\/v2\/media\/794"}],"wp:attachment":[{"href":"https:\/\/aumbongui.com\/index.php?rest_route=%2Fwp%2Fv2%2Fmedia&parent=687"}],"wp:term":[{"taxonomy":"product_brand","embeddable":true,"href":"https:\/\/aumbongui.com\/index.php?rest_route=%2Fwp%2Fv2%2Fproduct_brand&post=687"},{"taxonomy":"product_cat","embeddable":true,"href":"https:\/\/aumbongui.com\/index.php?rest_route=%2Fwp%2Fv2%2Fproduct_cat&post=687"},{"taxonomy":"product_tag","embeddable":true,"href":"https:\/\/aumbongui.com\/index.php?rest_route=%2Fwp%2Fv2%2Fproduct_tag&post=687"}],"curies":[{"name":"wp","href":"https:\/\/api.w.org\/{rel}","templated":true}]}}