{"id":700,"date":"2021-08-05T21:37:51","date_gmt":"2021-08-05T19:37:51","guid":{"rendered":"https:\/\/aumbongui.catalog.ovh\/?post_type=product&#038;p=700"},"modified":"2022-07-11T00:10:43","modified_gmt":"2022-07-10T22:10:43","slug":"reve-arythmique","status":"publish","type":"product","link":"https:\/\/aumbongui.com\/?product=reve-arythmique","title":{"rendered":"R\u00caVE ARYTHMIQUE"},"content":{"rendered":"<p>R\u00eave arythmique raconte l&rsquo;histoire de Georges, un jeune gar\u00e7on de 6 ans confront\u00e9 assez t\u00f4t \u00e0 la mort. Celle de son grand-p\u00e8re victime d\u2019un arr\u00eat cardiaque. L\u2019exp\u00e9rience marque profond\u00e9ment l\u2019enfant qui d\u00e8s lors n\u2019a plus qu\u2019un \u00a0r\u00eave en t\u00eate : celui d\u2019inventer une pile pour le c\u0153ur qui ne tomberait pas en panne. &#8230; Un roman pour les grands, pour ne pas oublier l&rsquo;enfant qui sommeille en nous, mais \u00e9galement un roman pour aider les plus jeunes \u00e0 grandir dans un univers o\u00f9 la po\u00e9sie c\u00f4toie le langage de tous les jours.<\/p>\n<p>Po\u00e8te et romanci\u00e8re, Pascale Battistelli compose ses premiers textes d\u00e8s l\u2019\u00e2ge de 10 ans tout en s\u2019int\u00e9ressant tr\u00e8s vite \u00e0 la pratique graphique \u00ab des mouvements et des couleurs \u00bb elle propose aussi depuis longtemps des petits objets pour ses amis sur lesquels elle inscrit ses pens\u00e9es du jour, ou de la veille&#8230; Elle a \u00e9crit divers ouvrages et aujourd&rsquo;hui elle cr\u00e9\u00e9 sa micro entreprise 3aabp afin d&rsquo;accompagner les jeunes auteurs en devenir jusqu&rsquo;\u00e0 la concr\u00e9tisation de leurs projets.<\/p>\n<p>&nbsp;<\/p>\n","protected":false},"excerpt":{"rendered":"<p>Auteure : <strong>Pascale BATTISTELLI<\/strong><\/p>\n<p>(Roman)<\/p>\n<p>\u00c9diteur :<strong> Tapuscrits<\/strong><\/p>\n","protected":false},"featured_media":777,"comment_status":"open","ping_status":"closed","template":"","meta":[],"product_brand":[],"product_cat":[102,93],"product_tag":[],"class_list":{"0":"post-700","1":"product","2":"type-product","3":"status-publish","4":"has-post-thumbnail","6":"product_cat-constellations","7":"product_cat-litterature-rare-litterature-generale","9":"first","10":"instock","11":"shipping-taxable","12":"purchasable","13":"product-type-simple"},"_links":{"self":[{"href":"https:\/\/aumbongui.com\/index.php?rest_route=\/wp\/v2\/product\/700","targetHints":{"allow":["GET"]}}],"collection":[{"href":"https:\/\/aumbongui.com\/index.php?rest_route=\/wp\/v2\/product"}],"about":[{"href":"https:\/\/aumbongui.com\/index.php?rest_route=\/wp\/v2\/types\/product"}],"replies":[{"embeddable":true,"href":"https:\/\/aumbongui.com\/index.php?rest_route=%2Fwp%2Fv2%2Fcomments&post=700"}],"wp:featuredmedia":[{"embeddable":true,"href":"https:\/\/aumbongui.com\/index.php?rest_route=\/wp\/v2\/media\/777"}],"wp:attachment":[{"href":"https:\/\/aumbongui.com\/index.php?rest_route=%2Fwp%2Fv2%2Fmedia&parent=700"}],"wp:term":[{"taxonomy":"product_brand","embeddable":true,"href":"https:\/\/aumbongui.com\/index.php?rest_route=%2Fwp%2Fv2%2Fproduct_brand&post=700"},{"taxonomy":"product_cat","embeddable":true,"href":"https:\/\/aumbongui.com\/index.php?rest_route=%2Fwp%2Fv2%2Fproduct_cat&post=700"},{"taxonomy":"product_tag","embeddable":true,"href":"https:\/\/aumbongui.com\/index.php?rest_route=%2Fwp%2Fv2%2Fproduct_tag&post=700"}],"curies":[{"name":"wp","href":"https:\/\/api.w.org\/{rel}","templated":true}]}}