{"id":714,"date":"2021-08-05T23:13:15","date_gmt":"2021-08-05T21:13:15","guid":{"rendered":"https:\/\/aumbongui.catalog.ovh\/?post_type=product&#038;p=714"},"modified":"2021-08-15T18:59:33","modified_gmt":"2021-08-15T16:59:33","slug":"contes-creoles","status":"publish","type":"product","link":"https:\/\/aumbongui.com\/?product=contes-creoles","title":{"rendered":"Contes Cr\u00e9oles"},"content":{"rendered":"<p>\u00abMes contes, je les ai imagin\u00e9s \u00e0 la Guadeloupe et dans d&rsquo;autres pays. J&rsquo;ai voulu y d\u00e9peindre la vie des hommes \u00e0 partir de la vie des animaux, mais attention, mes personnages peuvent \u00eatre aussi des arbres, des fruits, des fleurs et m\u00eame des hommes. J&rsquo;esp\u00e8re que tous ces personnages vous enchanteront.\u00bb &#8211; Jean Juraver<\/p>\n<div>\n<p>\u00a0Jean Juraver est n\u00e9 le 4 mai 1945 \u00e0 Pointe-\u00e0-Pitre (Guadeloupe). \u00c9crivain, po\u00e8te, historien, journaliste et enseignant, Jean Juraver est titulaire d&rsquo;un bac litt\u00e9raire et d&rsquo;une ma\u00eetrise d&rsquo;anglais. Il a enseign\u00e9 dans un lyc\u00e9e en France, deux coll\u00e8ges en Espagne et plusieurs coll\u00e8ges et \u00e9coles primaires de la Guadeloupe.<\/p>\n<p>Musicien, il a jou\u00e9 de la guitare basse dans un groupe de free jazz. Il enseigne la fl\u00fbte \u00e0 bec depuis une vingtaine d&rsquo;ann\u00e9es dans des \u00e9coles primaires de la Guadeloupe. Grand voyageur, il a s\u00e9journ\u00e9 dans de nombreux pays: Angleterre, Canada, C\u00f4te-d&rsquo;Ivoire, Cuba, Espagne, \u00c9tats-Unis, Ghana, Maroc, Portugal, Togo, V\u00e9n\u00e9zuela&#8230;<\/p>\n<\/div>\n","protected":false},"excerpt":{"rendered":"<p>(A partir de 6 ans &#8211; ouvrage bilingue)<\/p>\n<p>Auteur : <strong>JEAN JURAVIER<\/strong><\/p>\n<p>(Contes)<\/p>\n<p>\u00c9diteur : <strong>Pr\u00e9sence Africaine<\/strong><\/p>\n","protected":false},"featured_media":814,"comment_status":"open","ping_status":"closed","template":"","meta":[],"product_brand":[],"product_cat":[76],"product_tag":[],"class_list":{"0":"post-714","1":"product","2":"type-product","3":"status-publish","4":"has-post-thumbnail","6":"product_cat-caraibes","7":"product_shipping_class-standard","9":"first","10":"instock","11":"shipping-taxable","12":"purchasable","13":"product-type-simple"},"_links":{"self":[{"href":"https:\/\/aumbongui.com\/index.php?rest_route=\/wp\/v2\/product\/714","targetHints":{"allow":["GET"]}}],"collection":[{"href":"https:\/\/aumbongui.com\/index.php?rest_route=\/wp\/v2\/product"}],"about":[{"href":"https:\/\/aumbongui.com\/index.php?rest_route=\/wp\/v2\/types\/product"}],"replies":[{"embeddable":true,"href":"https:\/\/aumbongui.com\/index.php?rest_route=%2Fwp%2Fv2%2Fcomments&post=714"}],"wp:featuredmedia":[{"embeddable":true,"href":"https:\/\/aumbongui.com\/index.php?rest_route=\/wp\/v2\/media\/814"}],"wp:attachment":[{"href":"https:\/\/aumbongui.com\/index.php?rest_route=%2Fwp%2Fv2%2Fmedia&parent=714"}],"wp:term":[{"taxonomy":"product_brand","embeddable":true,"href":"https:\/\/aumbongui.com\/index.php?rest_route=%2Fwp%2Fv2%2Fproduct_brand&post=714"},{"taxonomy":"product_cat","embeddable":true,"href":"https:\/\/aumbongui.com\/index.php?rest_route=%2Fwp%2Fv2%2Fproduct_cat&post=714"},{"taxonomy":"product_tag","embeddable":true,"href":"https:\/\/aumbongui.com\/index.php?rest_route=%2Fwp%2Fv2%2Fproduct_tag&post=714"}],"curies":[{"name":"wp","href":"https:\/\/api.w.org\/{rel}","templated":true}]}}