{"id":726,"date":"2021-08-05T23:52:05","date_gmt":"2021-08-05T21:52:05","guid":{"rendered":"https:\/\/aumbongui.catalog.ovh\/?post_type=product&#038;p=726"},"modified":"2025-05-29T17:21:39","modified_gmt":"2025-05-29T15:21:39","slug":"les-contes-damadou-koumba","status":"publish","type":"product","link":"https:\/\/aumbongui.com\/?product=les-contes-damadou-koumba","title":{"rendered":"Les Contes d&rsquo;Amadou Koumba"},"content":{"rendered":"<p>Les Contes d&rsquo;Amadou Koumba est un recueil de dix-neuf contes, originaires du S\u00e9n\u00e9gal et d&rsquo;autres pays africains, transcrits et traduits en fran\u00e7ais par Birago Diop d&rsquo;apr\u00e8s les r\u00e9cits du griot Amadou, fils de Koumba. Le recueil est publi\u00e9 pour la premi\u00e8re fois en 1947.<\/p>\n<p>Birago Diop est n\u00e9 en 1906 au S\u00e9n\u00e9gal. Son p\u00e8re meurt alors qu\u2019il n\u2019a que deux mois et il est \u00e9lev\u00e9 par sa m\u00e8re et ses fr\u00e8res a\u00een\u00e9s. Il grandit \u00e0 Ouakam o\u00f9 il va d\u2019abord \u00e0 l\u2019\u00e9cole coranique avant de suivre les cours de l\u2019\u00e9cole communale fran\u00e7aise. Apr\u00e8s l\u2019obtention de son baccalaur\u00e9at, il part pour la France, et obtient un dipl\u00f4me de v\u00e9t\u00e9rinaire \u00e0 Toulouse. En 1933, il est nomm\u00e9 docteur v\u00e9t\u00e9rinaire \u00e0 l\u2019Institut d\u2019\u00e9tudes v\u00e9t\u00e9rinaires exotiques \u00e0 Paris et il se met \u00e0 fr\u00e9quenter les milieux d\u2019intellectuels noirs, en pleine effervescence dans ces ann\u00e9es-l\u00e0. C\u2019est ainsi qu\u2019il rencontre Senghor, C\u00e9saire et Damas, le trio de base du mouvement de la N\u00e9gritude. Il participe aux r\u00e9unions du groupe mais il maintient une certaine distance avec eux, en refusant pendant longtemps tout engagement politique. Il retourne ensuite en Afrique, o\u00f9 il exerce le m\u00e9tier de v\u00e9t\u00e9rinaire de brousse, au Mali, en C\u00f4te d\u2019Ivoire, et dans de nombreux pays d\u2019Afrique de l\u2019Ouest. C\u2019est \u00e0 cette \u00e9poque qu\u2019il recueille des contes de tradition orale aupr\u00e8s de sa m\u00e8re, de sa grand-m\u00e8re et surtout du griot Amadou Koumba. Cette rencontre majeure donnera lieu \u00e0 la publication par les \u00e9ditions Fasquelle, en 1947, des <em>Contes d\u2019Amadou Koumba <\/em>(r\u00e9\u00e9dit\u00e9s en 1960 par Pr\u00e9sence Africaine), puis du recueil <em>Les<\/em> <em>Nouveaux contes d\u2019Amadou Koumba<\/em>, publi\u00e9s en 1958 chez Pr\u00e9sence Africaine avec une pr\u00e9face de Senghor. S\u2019il doit son entr\u00e9e dans la post\u00e9rit\u00e9 litt\u00e9raire \u00e0 ses contes, Birago Diop a commenc\u00e9 par \u00e9crire de la po\u00e9sie. Il s\u2019y est adonn\u00e9 dans sa jeunesse, comme \u00e0 un exercice, en observant une grande rigueur formelle. Ses po\u00e8mes sont r\u00e9unis dans un recueil,\u00a0 <em>Leurres et lueurs<\/em>, publi\u00e9s chez Pr\u00e9sence Africaine en 1960.<\/p>\n<p>\u00c0 l\u2019ind\u00e9pendance, Birago Diop installe son cabinet de v\u00e9t\u00e9rinaire \u00e0 Dakar. La derni\u00e8re partie de son oeuvre est consacr\u00e9e \u00e0 l\u2019\u00e9criture de ses m\u00e9moires, qui constituent selon lui le \u00ab\u00a0roman de sa vie\u00a0\u00bb, r\u00e9unis sous diff\u00e9rents volumes aux titres volontiers allusifs : <em>La plume rabout\u00e9e<\/em>, <em>\u00c0 rebrousse-gens<\/em>, ou encore <em>\u00c0 rebrousse-temps<\/em>. Il meurt \u00e0 Dakar le 25 novembre 1989.<\/p>\n","protected":false},"excerpt":{"rendered":"<p>Auteur : <strong>BIRAGO\u00a0 DIOP<\/strong><\/p>\n<p>(inspir\u00e9 des r\u00e9cits du griot Amadou, fils de Koumba)<\/p>\n<p>\u00c9diteur : <strong>Pr\u00e9sence Africaine<\/strong><\/p>\n","protected":false},"featured_media":788,"comment_status":"open","ping_status":"closed","template":"","meta":[],"product_brand":[],"product_cat":[86,75],"product_tag":[],"class_list":{"0":"post-726","1":"product","2":"type-product","3":"status-publish","4":"has-post-thumbnail","6":"product_cat-contes-kama-mon-afrique","7":"product_cat-kama-mon-afrique","8":"product_shipping_class-standard","10":"first","11":"instock","12":"shipping-taxable","13":"purchasable","14":"product-type-simple"},"_links":{"self":[{"href":"https:\/\/aumbongui.com\/index.php?rest_route=\/wp\/v2\/product\/726","targetHints":{"allow":["GET"]}}],"collection":[{"href":"https:\/\/aumbongui.com\/index.php?rest_route=\/wp\/v2\/product"}],"about":[{"href":"https:\/\/aumbongui.com\/index.php?rest_route=\/wp\/v2\/types\/product"}],"replies":[{"embeddable":true,"href":"https:\/\/aumbongui.com\/index.php?rest_route=%2Fwp%2Fv2%2Fcomments&post=726"}],"wp:featuredmedia":[{"embeddable":true,"href":"https:\/\/aumbongui.com\/index.php?rest_route=\/wp\/v2\/media\/788"}],"wp:attachment":[{"href":"https:\/\/aumbongui.com\/index.php?rest_route=%2Fwp%2Fv2%2Fmedia&parent=726"}],"wp:term":[{"taxonomy":"product_brand","embeddable":true,"href":"https:\/\/aumbongui.com\/index.php?rest_route=%2Fwp%2Fv2%2Fproduct_brand&post=726"},{"taxonomy":"product_cat","embeddable":true,"href":"https:\/\/aumbongui.com\/index.php?rest_route=%2Fwp%2Fv2%2Fproduct_cat&post=726"},{"taxonomy":"product_tag","embeddable":true,"href":"https:\/\/aumbongui.com\/index.php?rest_route=%2Fwp%2Fv2%2Fproduct_tag&post=726"}],"curies":[{"name":"wp","href":"https:\/\/api.w.org\/{rel}","templated":true}]}}