{"id":744,"date":"2021-08-06T00:23:12","date_gmt":"2021-08-05T22:23:12","guid":{"rendered":"https:\/\/aumbongui.catalog.ovh\/?post_type=product&#038;p=744"},"modified":"2021-08-15T19:12:16","modified_gmt":"2021-08-15T17:12:16","slug":"le-roi-qui-ecoutait-des-histoires","status":"publish","type":"product","link":"https:\/\/aumbongui.com\/?product=le-roi-qui-ecoutait-des-histoires","title":{"rendered":"Le roi qui \u00e9coutait des histoires"},"content":{"rendered":"<p>Constantin KA\u00cfTERIS poursuit avec ce livre l&rsquo;entreprise de la vulgarisation commenc\u00e9e dans son ouvrage pr\u00e9c\u00e9dent Contes d&rsquo;Ethiopie, publi\u00e9 en 1999. Il nous propose ici de lire les contes populaires recueillis dans ce vaste pays situ\u00e9 dans la corne de l&rsquo;Afrique, berceau d&rsquo;une longue et solide tradition culturelle, et d&rsquo;une ancienne civilisation noire. L&rsquo;Auteur a voulu que les contes refl\u00e8tent la diversit\u00e9 culturelle et linguistique de l&rsquo;Ethiopie.<\/p>\n<p>Constantin Ka\u00eft\u00e9ris est n\u00e9 \u00e0 Paris en 1948. Il a fait des \u00e9tudes de lettres et de langues orientales. Il est dipl\u00f4m\u00e9 d&rsquo;amharique, la langue nationale de l&rsquo;Ethiopie. Il a enseign\u00e9 le fran\u00e7ais en Ethiopie pendant dix ans, puis ensuite en Egypte, en France et en Gr\u00e8ce et traduit le grec et l&rsquo;amharique.<\/p>\n","protected":false},"excerpt":{"rendered":"<p>Auteur : <strong>CONSTANTIN\u00a0 KA\u00cfTERIS<\/strong><\/p>\n<p>\u00c9diteur : <strong>Pr\u00e9sence Africaine<\/strong><\/p>\n","protected":false},"featured_media":787,"comment_status":"open","ping_status":"closed","template":"","meta":[],"product_brand":[],"product_cat":[86,75],"product_tag":[],"class_list":{"0":"post-744","1":"product","2":"type-product","3":"status-publish","4":"has-post-thumbnail","6":"product_cat-contes-kama-mon-afrique","7":"product_cat-kama-mon-afrique","8":"product_shipping_class-standard","10":"first","11":"instock","12":"shipping-taxable","13":"purchasable","14":"product-type-simple"},"_links":{"self":[{"href":"https:\/\/aumbongui.com\/index.php?rest_route=\/wp\/v2\/product\/744","targetHints":{"allow":["GET"]}}],"collection":[{"href":"https:\/\/aumbongui.com\/index.php?rest_route=\/wp\/v2\/product"}],"about":[{"href":"https:\/\/aumbongui.com\/index.php?rest_route=\/wp\/v2\/types\/product"}],"replies":[{"embeddable":true,"href":"https:\/\/aumbongui.com\/index.php?rest_route=%2Fwp%2Fv2%2Fcomments&post=744"}],"wp:featuredmedia":[{"embeddable":true,"href":"https:\/\/aumbongui.com\/index.php?rest_route=\/wp\/v2\/media\/787"}],"wp:attachment":[{"href":"https:\/\/aumbongui.com\/index.php?rest_route=%2Fwp%2Fv2%2Fmedia&parent=744"}],"wp:term":[{"taxonomy":"product_brand","embeddable":true,"href":"https:\/\/aumbongui.com\/index.php?rest_route=%2Fwp%2Fv2%2Fproduct_brand&post=744"},{"taxonomy":"product_cat","embeddable":true,"href":"https:\/\/aumbongui.com\/index.php?rest_route=%2Fwp%2Fv2%2Fproduct_cat&post=744"},{"taxonomy":"product_tag","embeddable":true,"href":"https:\/\/aumbongui.com\/index.php?rest_route=%2Fwp%2Fv2%2Fproduct_tag&post=744"}],"curies":[{"name":"wp","href":"https:\/\/api.w.org\/{rel}","templated":true}]}}