{"id":815,"date":"2021-08-12T16:23:17","date_gmt":"2021-08-12T14:23:17","guid":{"rendered":"https:\/\/aumbongui.catalog.ovh\/?post_type=product&#038;p=815"},"modified":"2025-05-30T05:35:10","modified_gmt":"2025-05-30T03:35:10","slug":"fables-et-contes-afro-antillais","status":"publish","type":"product","link":"https:\/\/aumbongui.com\/?product=fables-et-contes-afro-antillais","title":{"rendered":"Fables et contes afro antillais"},"content":{"rendered":"<p>Apr\u00e8s <em>Contes cr\u00e9oles<\/em>, Jean Juraver \u00a0nous donne \u00e0 lire un floril\u00e8ge de fables et d\u2019histoires qui traitent de th\u00e8mes tr\u00e8s divers \u2013 m\u00e9chancet\u00e9, intol\u00e9rance, g\u00e9n\u00e9rosit\u00e9, \u00e9go\u00efsme, solidarit\u00e9\u00a0\u00a0 \u2013 sans complaisance et souvent avec une pointe d\u2019ironie.<\/p>\n<section id=\"manufacturerTab\" class=\"page-product-box tab-pane fade active in\">\n<div class=\"rte\">\n<p>Jean Juraver est n\u00e9 le 4 mai 1945 \u00e0 Pointe-\u00e0-Pitre (Guadeloupe). \u00c9crivain, po\u00e8te, historien, journaliste et enseignant, Jean Juraver est titulaire d&rsquo;un bac litt\u00e9raire et d&rsquo;une ma\u00eetrise d&rsquo;anglais. Il a enseign\u00e9 dans un lyc\u00e9e en France, deux coll\u00e8ges en Espagne et plusieurs coll\u00e8ges et \u00e9coles primaires de la Guadeloupe.<\/p>\n<p>Musicien, il a jou\u00e9 de la guitare basse dans un groupe de free jazz. Il enseigne la fl\u00fbte \u00e0 bec depuis une vingtaine d&rsquo;ann\u00e9es dans des \u00e9coles primaires de la Guadeloupe. Grand voyageur, il a s\u00e9journ\u00e9 dans de nombreux pays: Angleterre, Canada, C\u00f4te-d&rsquo;Ivoire, Cuba, Espagne, \u00c9tats-Unis, Ghana, Maroc, Portugal, Togo, V\u00e9n\u00e9zuela&#8230;<\/p>\n<\/div>\n<\/section>\n","protected":false},"excerpt":{"rendered":"<p>Auteur : <strong>Jean Juraver<\/strong><\/p>\n<p>\u00c9diteur : <strong>Pr\u00e9sence Africaine <\/strong><\/p>\n","protected":false},"featured_media":816,"comment_status":"open","ping_status":"closed","template":"","meta":[],"product_brand":[],"product_cat":[76],"product_tag":[],"class_list":{"0":"post-815","1":"product","2":"type-product","3":"status-publish","4":"has-post-thumbnail","6":"product_cat-caraibes","7":"product_shipping_class-standard","9":"first","10":"instock","11":"shipping-taxable","12":"purchasable","13":"product-type-simple"},"_links":{"self":[{"href":"https:\/\/aumbongui.com\/index.php?rest_route=\/wp\/v2\/product\/815","targetHints":{"allow":["GET"]}}],"collection":[{"href":"https:\/\/aumbongui.com\/index.php?rest_route=\/wp\/v2\/product"}],"about":[{"href":"https:\/\/aumbongui.com\/index.php?rest_route=\/wp\/v2\/types\/product"}],"replies":[{"embeddable":true,"href":"https:\/\/aumbongui.com\/index.php?rest_route=%2Fwp%2Fv2%2Fcomments&post=815"}],"wp:featuredmedia":[{"embeddable":true,"href":"https:\/\/aumbongui.com\/index.php?rest_route=\/wp\/v2\/media\/816"}],"wp:attachment":[{"href":"https:\/\/aumbongui.com\/index.php?rest_route=%2Fwp%2Fv2%2Fmedia&parent=815"}],"wp:term":[{"taxonomy":"product_brand","embeddable":true,"href":"https:\/\/aumbongui.com\/index.php?rest_route=%2Fwp%2Fv2%2Fproduct_brand&post=815"},{"taxonomy":"product_cat","embeddable":true,"href":"https:\/\/aumbongui.com\/index.php?rest_route=%2Fwp%2Fv2%2Fproduct_cat&post=815"},{"taxonomy":"product_tag","embeddable":true,"href":"https:\/\/aumbongui.com\/index.php?rest_route=%2Fwp%2Fv2%2Fproduct_tag&post=815"}],"curies":[{"name":"wp","href":"https:\/\/api.w.org\/{rel}","templated":true}]}}