{"id":843,"date":"2021-08-12T18:13:20","date_gmt":"2021-08-12T16:13:20","guid":{"rendered":"https:\/\/aumbongui.catalog.ovh\/?post_type=product&#038;p=843"},"modified":"2025-05-29T18:48:38","modified_gmt":"2025-05-29T16:48:38","slug":"la-famille-musique","status":"publish","type":"product","link":"https:\/\/aumbongui.com\/?product=la-famille-musique","title":{"rendered":"La famille Musique"},"content":{"rendered":"<p>\u00ab Laissez vous emporter dans l\u2019univers color\u00e9 de cette famille o\u00f9 les notes de musique et les mots se croquent en po\u00e9sie \u00bb.<\/p>\n<p>Po\u00e8te et romanci\u00e8re, Pascale Battistelli compose ses premiers textes d\u00e8s l\u2019\u00e2ge de 10 ans tout en s\u2019int\u00e9ressant tr\u00e8s vite \u00e0 la pratique graphique \u00ab des mouvements et des couleurs \u00bb elle propose aussi depuis longtemps des petits objets pour ses amis sur lesquels elle inscrit ses pens\u00e9es du jour, ou de la veille\u2026 Elle a \u00e9crit divers ouvrages et aujourd\u2019hui elle cr\u00e9\u00e9 sa micro entreprise 3aabp afin d\u2019accompagner les jeunes auteurs en devenir jusqu\u2019\u00e0 la concr\u00e9tisation de leurs projets.<\/p>\n","protected":false},"excerpt":{"rendered":"<div class=\"woocommerce-product-details__short-description\">\n<p>Auteure : <strong>PASCALE BATTISTELLI<\/strong><\/p>\n<p>(Po\u00e9sie illustr\u00e9e &#8211; \u00e0 partir de 3 ans)<\/p>\n<p>\u00c9diteur :<strong> Tapuscrits<\/strong><\/p>\n<\/div>\n","protected":false},"featured_media":845,"comment_status":"open","ping_status":"closed","template":"","meta":[],"product_brand":[],"product_cat":[102,115],"product_tag":[],"class_list":{"0":"post-843","1":"product","2":"type-product","3":"status-publish","4":"has-post-thumbnail","6":"product_cat-constellations","7":"product_cat-enfance-3","8":"product_shipping_class-standard","10":"first","11":"instock","12":"shipping-taxable","13":"purchasable","14":"product-type-simple"},"_links":{"self":[{"href":"https:\/\/aumbongui.com\/index.php?rest_route=\/wp\/v2\/product\/843","targetHints":{"allow":["GET"]}}],"collection":[{"href":"https:\/\/aumbongui.com\/index.php?rest_route=\/wp\/v2\/product"}],"about":[{"href":"https:\/\/aumbongui.com\/index.php?rest_route=\/wp\/v2\/types\/product"}],"replies":[{"embeddable":true,"href":"https:\/\/aumbongui.com\/index.php?rest_route=%2Fwp%2Fv2%2Fcomments&post=843"}],"wp:featuredmedia":[{"embeddable":true,"href":"https:\/\/aumbongui.com\/index.php?rest_route=\/wp\/v2\/media\/845"}],"wp:attachment":[{"href":"https:\/\/aumbongui.com\/index.php?rest_route=%2Fwp%2Fv2%2Fmedia&parent=843"}],"wp:term":[{"taxonomy":"product_brand","embeddable":true,"href":"https:\/\/aumbongui.com\/index.php?rest_route=%2Fwp%2Fv2%2Fproduct_brand&post=843"},{"taxonomy":"product_cat","embeddable":true,"href":"https:\/\/aumbongui.com\/index.php?rest_route=%2Fwp%2Fv2%2Fproduct_cat&post=843"},{"taxonomy":"product_tag","embeddable":true,"href":"https:\/\/aumbongui.com\/index.php?rest_route=%2Fwp%2Fv2%2Fproduct_tag&post=843"}],"curies":[{"name":"wp","href":"https:\/\/api.w.org\/{rel}","templated":true}]}}