{"id":863,"date":"2021-08-12T22:23:02","date_gmt":"2021-08-12T20:23:02","guid":{"rendered":"https:\/\/aumbongui.catalog.ovh\/?post_type=product&#038;p=863"},"modified":"2025-05-29T13:45:53","modified_gmt":"2025-05-29T11:45:53","slug":"pensees-dhier-et-daujourdhui","status":"publish","type":"product","link":"https:\/\/aumbongui.com\/?product=pensees-dhier-et-daujourdhui","title":{"rendered":"Pens\u00e9es d&rsquo;hier et d&rsquo;aujourd&rsquo;hui"},"content":{"rendered":"<p>Un ouvrage dans lequel Pascale Battistelli rassemble ses \u00ab pens\u00e9es \u00bb sous forme de po\u00e9sies merveilleusement illustr\u00e9es par l&rsquo;artiste Fabienne Bourgeade.<\/p>\n<p>Po\u00e8te et romanci\u00e8re, Pascale Battistelli compose ses premiers textes d\u00e8s l\u2019\u00e2ge de 10 ans tout en s\u2019int\u00e9ressant tr\u00e8s vite \u00e0 la pratique graphique \u00ab des mouvements et des couleurs \u00bb elle propose aussi depuis longtemps des petits objets pour ses amis sur lesquels elle inscrit ses pens\u00e9es du jour, ou de la veille\u2026 Elle a \u00e9crit divers ouvrages et aujourd\u2019hui elle cr\u00e9\u00e9 sa micro entreprise 3aabp afin d\u2019accompagner les jeunes auteurs en devenir jusqu\u2019\u00e0 la concr\u00e9tisation de leurs projets.<\/p>\n","protected":false},"excerpt":{"rendered":"<p>Auteure : <strong>PASCALE BATTISTELLI<\/strong><\/p>\n<p>Illustrations : <strong>Fabienne Bourgeade<\/strong><\/p>\n<p>\u00c9diteur :<strong> Tapuscrits<\/strong><\/p>\n","protected":false},"featured_media":864,"comment_status":"open","ping_status":"closed","template":"","meta":[],"product_brand":[],"product_cat":[102,94],"product_tag":[],"class_list":{"0":"post-863","1":"product","2":"type-product","3":"status-publish","4":"has-post-thumbnail","6":"product_cat-constellations","7":"product_cat-poesie-litterature-rare","8":"product_shipping_class-standard","10":"first","11":"instock","12":"shipping-taxable","13":"purchasable","14":"product-type-simple"},"_links":{"self":[{"href":"https:\/\/aumbongui.com\/index.php?rest_route=\/wp\/v2\/product\/863","targetHints":{"allow":["GET"]}}],"collection":[{"href":"https:\/\/aumbongui.com\/index.php?rest_route=\/wp\/v2\/product"}],"about":[{"href":"https:\/\/aumbongui.com\/index.php?rest_route=\/wp\/v2\/types\/product"}],"replies":[{"embeddable":true,"href":"https:\/\/aumbongui.com\/index.php?rest_route=%2Fwp%2Fv2%2Fcomments&post=863"}],"wp:featuredmedia":[{"embeddable":true,"href":"https:\/\/aumbongui.com\/index.php?rest_route=\/wp\/v2\/media\/864"}],"wp:attachment":[{"href":"https:\/\/aumbongui.com\/index.php?rest_route=%2Fwp%2Fv2%2Fmedia&parent=863"}],"wp:term":[{"taxonomy":"product_brand","embeddable":true,"href":"https:\/\/aumbongui.com\/index.php?rest_route=%2Fwp%2Fv2%2Fproduct_brand&post=863"},{"taxonomy":"product_cat","embeddable":true,"href":"https:\/\/aumbongui.com\/index.php?rest_route=%2Fwp%2Fv2%2Fproduct_cat&post=863"},{"taxonomy":"product_tag","embeddable":true,"href":"https:\/\/aumbongui.com\/index.php?rest_route=%2Fwp%2Fv2%2Fproduct_tag&post=863"}],"curies":[{"name":"wp","href":"https:\/\/api.w.org\/{rel}","templated":true}]}}