{"id":872,"date":"2021-08-12T23:39:05","date_gmt":"2021-08-12T21:39:05","guid":{"rendered":"https:\/\/aumbongui.catalog.ovh\/?post_type=product&#038;p=872"},"modified":"2024-06-08T05:36:26","modified_gmt":"2024-06-08T03:36:26","slug":"lumieres-obscures","status":"publish","type":"product","link":"https:\/\/aumbongui.com\/?product=lumieres-obscures","title":{"rendered":"Lumi\u00e8res obscures"},"content":{"rendered":"<p>Une litt\u00e9rature dont la po\u00e9sie, le rythme et la profondeur r\u00e9v\u00e8lent les subtilit\u00e9s des traditions \u00e9sot\u00e9riques inspir\u00e9es du \u00ab\u00a0Mvet\u00a0\u00bb.<\/p>\n<p><strong>Fran\u00e7ois Olinga Mbida<\/strong> est un artiste camerounais, formateur en arts graphiques et litt\u00e9raires. Illustrateur de plusieurs livres dont,<em> La petite serviette rose<\/em> et <em>Dactica italiano<\/em> inscrits au programme d\u2019italien des classes de 4\u00e8me et 3\u00e8me au Cameroun, il a travaill\u00e9 pour plusieurs\u00a0projets d\u2019\u00e9criture et de dessins \u00e0 destination des enfants. Aujourd\u2019hui, il \u0153uvre avec un groupe de professionnels \u00e0 la mise sur pied de \u00ab <em>Dream forest anim<\/em> \u00bb une structure de production de\u00a0films d\u2019animation 2D et 3D <em>made in<\/em> Cameroun.<\/p>\n<p>Avec <strong>Lumi\u00e8res obscures<\/strong>, il signe sa premi\u00e8re publication majeure dans la collection Source des Savoirs aux \u00e9ditions Akoma Mba.<\/p>\n<p>&nbsp;<\/p>\n<p>&nbsp;<\/p>\n<p>&nbsp;<\/p>\n","protected":false},"excerpt":{"rendered":"<p>Auteur :<strong>\u00a0Fran\u00e7ois Olinga Mbida<\/strong><\/p>\n<p>(Contes initiatiques &#8211; Cameroun)<\/p>\n<p>\u00c9diteur : <strong>\u00e9ditions<\/strong> <strong>Akoma Mba<br \/>\n<\/strong><\/p>\n","protected":false},"featured_media":873,"comment_status":"open","ping_status":"closed","template":"","meta":[],"product_brand":[],"product_cat":[86,75],"product_tag":[],"class_list":{"0":"post-872","1":"product","2":"type-product","3":"status-publish","4":"has-post-thumbnail","6":"product_cat-contes-kama-mon-afrique","7":"product_cat-kama-mon-afrique","8":"product_shipping_class-standard","10":"first","11":"instock","12":"shipping-taxable","13":"purchasable","14":"product-type-simple"},"_links":{"self":[{"href":"https:\/\/aumbongui.com\/index.php?rest_route=\/wp\/v2\/product\/872","targetHints":{"allow":["GET"]}}],"collection":[{"href":"https:\/\/aumbongui.com\/index.php?rest_route=\/wp\/v2\/product"}],"about":[{"href":"https:\/\/aumbongui.com\/index.php?rest_route=\/wp\/v2\/types\/product"}],"replies":[{"embeddable":true,"href":"https:\/\/aumbongui.com\/index.php?rest_route=%2Fwp%2Fv2%2Fcomments&post=872"}],"wp:featuredmedia":[{"embeddable":true,"href":"https:\/\/aumbongui.com\/index.php?rest_route=\/wp\/v2\/media\/873"}],"wp:attachment":[{"href":"https:\/\/aumbongui.com\/index.php?rest_route=%2Fwp%2Fv2%2Fmedia&parent=872"}],"wp:term":[{"taxonomy":"product_brand","embeddable":true,"href":"https:\/\/aumbongui.com\/index.php?rest_route=%2Fwp%2Fv2%2Fproduct_brand&post=872"},{"taxonomy":"product_cat","embeddable":true,"href":"https:\/\/aumbongui.com\/index.php?rest_route=%2Fwp%2Fv2%2Fproduct_cat&post=872"},{"taxonomy":"product_tag","embeddable":true,"href":"https:\/\/aumbongui.com\/index.php?rest_route=%2Fwp%2Fv2%2Fproduct_tag&post=872"}],"curies":[{"name":"wp","href":"https:\/\/api.w.org\/{rel}","templated":true}]}}