{"id":878,"date":"2021-08-14T21:49:28","date_gmt":"2021-08-14T19:49:28","guid":{"rendered":"https:\/\/aumbongui.catalog.ovh\/?post_type=product&#038;p=878"},"modified":"2025-05-29T23:41:58","modified_gmt":"2025-05-29T21:41:58","slug":"oups-vol-1","status":"publish","type":"product","link":"https:\/\/aumbongui.com\/?product=oups-vol-1","title":{"rendered":"OUPS Vol.1"},"content":{"rendered":"<p>Georges Pondy d\u00e9voile le quotidien des jeunes locataires dans une mini-cit\u00e9 pleine de surprises et d\u2019aventures. Des personnages aux caract\u00e8res particuliers. Sam est une des locataire de la mini-cit\u00e9e, une femme callipyge aux formes g\u00e9n\u00e9reuses et aussi harmonieuses\u2026une bombe. De part sa beaut\u00e9, elle est tellement convoit\u00e9e par les hommes, souvent confondue \u00e0 une fille facile. Malgr\u00e9 les harc\u00e8lements sexuelles qu\u2019elle subit, Sam continue \u00e0 affuter ses armes pour des nouvelles conqu\u00eates. Malheur \u00e0 la prochaine b\u00eate.<\/p>\n<p>Georges Pondy est \u00e9galement l&rsquo;auteur de la s\u00e9rie C.A.T.Y<\/p>\n<p>&nbsp;<\/p>\n","protected":false},"excerpt":{"rendered":"<p>(Exemplaire d&rsquo;occasion)<\/p>\n<p>A partir de 13 ans<\/p>\n<p>Auteur : <strong>GEORGES PONDY<\/strong><\/p>\n<p>\u00c9diteur : <strong>\u00e9ditions Akoma Mba<\/strong> (CAMEROUN)<\/p>\n","protected":false},"featured_media":905,"comment_status":"open","ping_status":"closed","template":"","meta":[],"product_brand":[],"product_cat":[85,75],"product_tag":[],"class_list":{"0":"post-878","1":"product","2":"type-product","3":"status-publish","4":"has-post-thumbnail","6":"product_cat-bd-kama-mon-afrique","7":"product_cat-kama-mon-afrique","8":"product_shipping_class-standard","10":"first","11":"instock","12":"shipping-taxable","13":"purchasable","14":"product-type-simple"},"_links":{"self":[{"href":"https:\/\/aumbongui.com\/index.php?rest_route=\/wp\/v2\/product\/878","targetHints":{"allow":["GET"]}}],"collection":[{"href":"https:\/\/aumbongui.com\/index.php?rest_route=\/wp\/v2\/product"}],"about":[{"href":"https:\/\/aumbongui.com\/index.php?rest_route=\/wp\/v2\/types\/product"}],"replies":[{"embeddable":true,"href":"https:\/\/aumbongui.com\/index.php?rest_route=%2Fwp%2Fv2%2Fcomments&post=878"}],"wp:featuredmedia":[{"embeddable":true,"href":"https:\/\/aumbongui.com\/index.php?rest_route=\/wp\/v2\/media\/905"}],"wp:attachment":[{"href":"https:\/\/aumbongui.com\/index.php?rest_route=%2Fwp%2Fv2%2Fmedia&parent=878"}],"wp:term":[{"taxonomy":"product_brand","embeddable":true,"href":"https:\/\/aumbongui.com\/index.php?rest_route=%2Fwp%2Fv2%2Fproduct_brand&post=878"},{"taxonomy":"product_cat","embeddable":true,"href":"https:\/\/aumbongui.com\/index.php?rest_route=%2Fwp%2Fv2%2Fproduct_cat&post=878"},{"taxonomy":"product_tag","embeddable":true,"href":"https:\/\/aumbongui.com\/index.php?rest_route=%2Fwp%2Fv2%2Fproduct_tag&post=878"}],"curies":[{"name":"wp","href":"https:\/\/api.w.org\/{rel}","templated":true}]}}